{"id":4274,"date":"2025-04-16T16:45:46","date_gmt":"2025-04-16T14:45:46","guid":{"rendered":"https:\/\/ateliersdeseauxbleues.com\/catalogue\/non%20class\u00e9\/la-escoba-de-empuje\/"},"modified":"2025-11-24T09:21:26","modified_gmt":"2025-11-24T08:21:26","slug":"la-escoba-de-empuje","status":"publish","type":"product","link":"https:\/\/ateliersdeseauxbleues.com\/es\/catalogue\/accesorios\/herramientas-de-aprendizaje\/la-escoba-de-empuje\/","title":{"rendered":"El push-broom"},"content":{"rendered":"","protected":false},"excerpt":{"rendered":"<p><span style=\"color: #000000;\">Desarrollado <strong>para todas las personas<\/strong> (ni\u00f1os y adultos) en fase de aprendizaje, <strong>antes de pasar a las t\u00e9cnicas de bast\u00f3n<\/strong> o rehabilitaci\u00f3n.<\/span><\/p>\n<p><span style=\"color: #000000;\">Esta <strong>punta, que puede instalarse en nuestros bastones<\/strong>, ayuda al usuario a <strong>integrar el valor \u201canchura de los hombros\u201d transfiri\u00e9ndolo al suelo<\/strong>, lo que garantiza la protecci\u00f3n.<\/span><\/p>\n<p><span style=\"color: #000000;\">Tambi\u00e9n ayuda a <strong>comprender c\u00f3mo colocar el eje del cuerpo<\/strong> en relaci\u00f3n con el del bast\u00f3n.<\/span><\/p>\n<p class=\"MsoNormal\"><span style=\"color: #fd0202;\">Esta herramienta requiere recomendaciones sobre su uso.<\/span><\/p>\n<p>&nbsp;<\/p>\n<p class=\"MsoNormal\"><span style=\"color: #fd0202;\">No se pueden hacer pedidos por Internet. P\u00f3ngase en contacto con nosotros por tel\u00e9fono en el 03 83 24 69 00 o d\u00e9jenos sus datos de contacto. <span style=\"color: #2c9ffd;\"><a href=\"https:\/\/boutiqueeauxbleues.prestashop.preprod.viaevista.fr\/nous-contacter\" rel=\"nofollow\"><span style=\"color: #2c9ffd;\">datos de contacto<\/span><\/a><\/span>y le llamaremos <\/span><\/p>\n","protected":false},"featured_media":2820,"comment_status":"open","ping_status":"closed","template":"","meta":[],"product_brand":[],"product_cat":[204],"product_tag":[],"class_list":{"0":"post-4274","1":"product","2":"type-product","3":"status-publish","4":"has-post-thumbnail","6":"product_cat-herramientas-de-aprendizaje","8":"first","9":"instock","10":"taxable","11":"shipping-taxable","12":"purchasable","13":"product-type-simple"},"yoast_head":"<!-- This site is optimized with the Yoast SEO plugin v27.2 - https:\/\/yoast.com\/product\/yoast-seo-wordpress\/ -->\n<title>El push-broom - Ateliers des Eaux Bleues<\/title>\n<meta name=\"robots\" content=\"index, follow, max-snippet:-1, max-image-preview:large, max-video-preview:-1\" \/>\n<link rel=\"canonical\" href=\"https:\/\/ateliersdeseauxbleues.com\/es\/catalogue\/accesorios\/herramientas-de-aprendizaje\/la-escoba-de-empuje\/\" \/>\n<meta property=\"og:locale\" content=\"es_ES\" \/>\n<meta property=\"og:type\" content=\"article\" \/>\n<meta property=\"og:title\" content=\"El push-broom - Ateliers des Eaux Bleues\" \/>\n<meta property=\"og:description\" content=\"Desarrollado para todas las personas (ni\u00f1os y adultos) en fase de aprendizaje, antes de pasar a las t\u00e9cnicas de bast\u00f3n o rehabilitaci\u00f3n. Esta punta, que puede instalarse en nuestros bastones, ayuda al usuario a integrar el valor \u201canchura de los hombros\u201d transfiri\u00e9ndolo al suelo, lo que garantiza la protecci\u00f3n. Tambi\u00e9n ayuda a comprender c\u00f3mo colocar el eje del cuerpo en relaci\u00f3n con el del bast\u00f3n. Esta herramienta requiere recomendaciones sobre su uso. &nbsp; No se pueden hacer pedidos por Internet. P\u00f3ngase en contacto con nosotros por tel\u00e9fono en el 03 83 24 69 00 o d\u00e9jenos sus datos de contacto. datos de contactoy le llamaremos\" \/>\n<meta property=\"og:url\" content=\"https:\/\/ateliersdeseauxbleues.com\/es\/catalogue\/accesorios\/herramientas-de-aprendizaje\/la-escoba-de-empuje\/\" \/>\n<meta property=\"og:site_name\" content=\"Ateliers des Eaux Bleues\" \/>\n<meta property=\"article:modified_time\" content=\"2025-11-24T08:21:26+00:00\" \/>\n<meta property=\"og:image\" content=\"https:\/\/ateliersdeseauxbleues.com\/wp-content\/uploads\/2025\/04\/Push-broom-2-scaled.jpg\" \/>\n\t<meta property=\"og:image:width\" content=\"2560\" \/>\n\t<meta property=\"og:image:height\" content=\"2342\" \/>\n\t<meta property=\"og:image:type\" content=\"image\/jpeg\" \/>\n<meta name=\"twitter:card\" content=\"summary_large_image\" \/>\n<script type=\"application\/ld+json\" class=\"yoast-schema-graph\">{\"@context\":\"https:\/\/schema.org\",\"@graph\":[{\"@type\":\"WebPage\",\"@id\":\"https:\/\/ateliersdeseauxbleues.com\/es\/catalogue\/accesorios\/herramientas-de-aprendizaje\/la-escoba-de-empuje\/\",\"url\":\"https:\/\/ateliersdeseauxbleues.com\/es\/catalogue\/accesorios\/herramientas-de-aprendizaje\/la-escoba-de-empuje\/\",\"name\":\"El push-broom - Ateliers des Eaux Bleues\",\"isPartOf\":{\"@id\":\"https:\/\/ateliersdeseauxbleues.com\/es\/#website\"},\"primaryImageOfPage\":{\"@id\":\"https:\/\/ateliersdeseauxbleues.com\/es\/catalogue\/accesorios\/herramientas-de-aprendizaje\/la-escoba-de-empuje\/#primaryimage\"},\"image\":{\"@id\":\"https:\/\/ateliersdeseauxbleues.com\/es\/catalogue\/accesorios\/herramientas-de-aprendizaje\/la-escoba-de-empuje\/#primaryimage\"},\"thumbnailUrl\":\"https:\/\/ateliersdeseauxbleues.com\/wp-content\/uploads\/2025\/04\/Push-broom-2-scaled.jpg\",\"datePublished\":\"2025-04-16T14:45:46+00:00\",\"dateModified\":\"2025-11-24T08:21:26+00:00\",\"breadcrumb\":{\"@id\":\"https:\/\/ateliersdeseauxbleues.com\/es\/catalogue\/accesorios\/herramientas-de-aprendizaje\/la-escoba-de-empuje\/#breadcrumb\"},\"inLanguage\":\"es\",\"potentialAction\":[{\"@type\":\"ReadAction\",\"target\":[\"https:\/\/ateliersdeseauxbleues.com\/es\/catalogue\/accesorios\/herramientas-de-aprendizaje\/la-escoba-de-empuje\/\"]}]},{\"@type\":\"ImageObject\",\"inLanguage\":\"es\",\"@id\":\"https:\/\/ateliersdeseauxbleues.com\/es\/catalogue\/accesorios\/herramientas-de-aprendizaje\/la-escoba-de-empuje\/#primaryimage\",\"url\":\"https:\/\/ateliersdeseauxbleues.com\/wp-content\/uploads\/2025\/04\/Push-broom-2-scaled.jpg\",\"contentUrl\":\"https:\/\/ateliersdeseauxbleues.com\/wp-content\/uploads\/2025\/04\/Push-broom-2-scaled.jpg\",\"width\":2560,\"height\":2342,\"caption\":\"Push broom 2\"},{\"@type\":\"BreadcrumbList\",\"@id\":\"https:\/\/ateliersdeseauxbleues.com\/es\/catalogue\/accesorios\/herramientas-de-aprendizaje\/la-escoba-de-empuje\/#breadcrumb\",\"itemListElement\":[{\"@type\":\"ListItem\",\"position\":1,\"name\":\"Inicio\",\"item\":\"https:\/\/ateliersdeseauxbleues.com\/es\/ateliers-de-eaux-bleues-fabricacion-de-canas-blancas\/\"},{\"@type\":\"ListItem\",\"position\":2,\"name\":\"Gama\",\"item\":\"https:\/\/ateliersdeseauxbleues.com\/es\/tienda\/\"},{\"@type\":\"ListItem\",\"position\":3,\"name\":\"Accesorios\",\"item\":\"https:\/\/ateliersdeseauxbleues.com\/es\/catalogue\/accesorios\/\"},{\"@type\":\"ListItem\",\"position\":4,\"name\":\"Herramientas de aprendizaje\",\"item\":\"https:\/\/ateliersdeseauxbleues.com\/es\/catalogue\/herramientas-de-aprendizaje\/\"},{\"@type\":\"ListItem\",\"position\":5,\"name\":\"El push-broom\"}]},{\"@type\":\"WebSite\",\"@id\":\"https:\/\/ateliersdeseauxbleues.com\/es\/#website\",\"url\":\"https:\/\/ateliersdeseauxbleues.com\/es\/\",\"name\":\"Ateliers des Eaux Bleues\",\"description\":\"Ateliers des Eaux Bleues\",\"publisher\":{\"@id\":\"https:\/\/ateliersdeseauxbleues.com\/es\/#organization\"},\"potentialAction\":[{\"@type\":\"SearchAction\",\"target\":{\"@type\":\"EntryPoint\",\"urlTemplate\":\"https:\/\/ateliersdeseauxbleues.com\/es\/?s={search_term_string}\"},\"query-input\":{\"@type\":\"PropertyValueSpecification\",\"valueRequired\":true,\"valueName\":\"search_term_string\"}}],\"inLanguage\":\"es\"},{\"@type\":\"Organization\",\"@id\":\"https:\/\/ateliersdeseauxbleues.com\/es\/#organization\",\"name\":\"Ateliers des Eaux Bleues\",\"url\":\"https:\/\/ateliersdeseauxbleues.com\/es\/\",\"logo\":{\"@type\":\"ImageObject\",\"inLanguage\":\"es\",\"@id\":\"https:\/\/ateliersdeseauxbleues.com\/es\/#\/schema\/logo\/image\/\",\"url\":\"https:\/\/ateliersdeseauxbleues.com\/wp-content\/uploads\/2024\/12\/Logo-atelier-des-eaux-bleues.png\",\"contentUrl\":\"https:\/\/ateliersdeseauxbleues.com\/wp-content\/uploads\/2024\/12\/Logo-atelier-des-eaux-bleues.png\",\"width\":940,\"height\":418,\"caption\":\"Ateliers des Eaux Bleues\"},\"image\":{\"@id\":\"https:\/\/ateliersdeseauxbleues.com\/es\/#\/schema\/logo\/image\/\"}}]}<\/script>\n<!-- \/ Yoast SEO plugin. -->","yoast_head_json":{"title":"El push-broom - Ateliers des Eaux Bleues","robots":{"index":"index","follow":"follow","max-snippet":"max-snippet:-1","max-image-preview":"max-image-preview:large","max-video-preview":"max-video-preview:-1"},"canonical":"https:\/\/ateliersdeseauxbleues.com\/es\/catalogue\/accesorios\/herramientas-de-aprendizaje\/la-escoba-de-empuje\/","og_locale":"es_ES","og_type":"article","og_title":"El push-broom - Ateliers des Eaux Bleues","og_description":"Desarrollado para todas las personas (ni\u00f1os y adultos) en fase de aprendizaje, antes de pasar a las t\u00e9cnicas de bast\u00f3n o rehabilitaci\u00f3n. Esta punta, que puede instalarse en nuestros bastones, ayuda al usuario a integrar el valor \u201canchura de los hombros\u201d transfiri\u00e9ndolo al suelo, lo que garantiza la protecci\u00f3n. Tambi\u00e9n ayuda a comprender c\u00f3mo colocar el eje del cuerpo en relaci\u00f3n con el del bast\u00f3n. Esta herramienta requiere recomendaciones sobre su uso. &nbsp; No se pueden hacer pedidos por Internet. P\u00f3ngase en contacto con nosotros por tel\u00e9fono en el 03 83 24 69 00 o d\u00e9jenos sus datos de contacto. datos de contactoy le llamaremos","og_url":"https:\/\/ateliersdeseauxbleues.com\/es\/catalogue\/accesorios\/herramientas-de-aprendizaje\/la-escoba-de-empuje\/","og_site_name":"Ateliers des Eaux Bleues","article_modified_time":"2025-11-24T08:21:26+00:00","og_image":[{"width":2560,"height":2342,"url":"https:\/\/ateliersdeseauxbleues.com\/wp-content\/uploads\/2025\/04\/Push-broom-2-scaled.jpg","type":"image\/jpeg"}],"twitter_card":"summary_large_image","schema":{"@context":"https:\/\/schema.org","@graph":[{"@type":"WebPage","@id":"https:\/\/ateliersdeseauxbleues.com\/es\/catalogue\/accesorios\/herramientas-de-aprendizaje\/la-escoba-de-empuje\/","url":"https:\/\/ateliersdeseauxbleues.com\/es\/catalogue\/accesorios\/herramientas-de-aprendizaje\/la-escoba-de-empuje\/","name":"El push-broom - Ateliers des Eaux Bleues","isPartOf":{"@id":"https:\/\/ateliersdeseauxbleues.com\/es\/#website"},"primaryImageOfPage":{"@id":"https:\/\/ateliersdeseauxbleues.com\/es\/catalogue\/accesorios\/herramientas-de-aprendizaje\/la-escoba-de-empuje\/#primaryimage"},"image":{"@id":"https:\/\/ateliersdeseauxbleues.com\/es\/catalogue\/accesorios\/herramientas-de-aprendizaje\/la-escoba-de-empuje\/#primaryimage"},"thumbnailUrl":"https:\/\/ateliersdeseauxbleues.com\/wp-content\/uploads\/2025\/04\/Push-broom-2-scaled.jpg","datePublished":"2025-04-16T14:45:46+00:00","dateModified":"2025-11-24T08:21:26+00:00","breadcrumb":{"@id":"https:\/\/ateliersdeseauxbleues.com\/es\/catalogue\/accesorios\/herramientas-de-aprendizaje\/la-escoba-de-empuje\/#breadcrumb"},"inLanguage":"es","potentialAction":[{"@type":"ReadAction","target":["https:\/\/ateliersdeseauxbleues.com\/es\/catalogue\/accesorios\/herramientas-de-aprendizaje\/la-escoba-de-empuje\/"]}]},{"@type":"ImageObject","inLanguage":"es","@id":"https:\/\/ateliersdeseauxbleues.com\/es\/catalogue\/accesorios\/herramientas-de-aprendizaje\/la-escoba-de-empuje\/#primaryimage","url":"https:\/\/ateliersdeseauxbleues.com\/wp-content\/uploads\/2025\/04\/Push-broom-2-scaled.jpg","contentUrl":"https:\/\/ateliersdeseauxbleues.com\/wp-content\/uploads\/2025\/04\/Push-broom-2-scaled.jpg","width":2560,"height":2342,"caption":"Push broom 2"},{"@type":"BreadcrumbList","@id":"https:\/\/ateliersdeseauxbleues.com\/es\/catalogue\/accesorios\/herramientas-de-aprendizaje\/la-escoba-de-empuje\/#breadcrumb","itemListElement":[{"@type":"ListItem","position":1,"name":"Inicio","item":"https:\/\/ateliersdeseauxbleues.com\/es\/ateliers-de-eaux-bleues-fabricacion-de-canas-blancas\/"},{"@type":"ListItem","position":2,"name":"Gama","item":"https:\/\/ateliersdeseauxbleues.com\/es\/tienda\/"},{"@type":"ListItem","position":3,"name":"Accesorios","item":"https:\/\/ateliersdeseauxbleues.com\/es\/catalogue\/accesorios\/"},{"@type":"ListItem","position":4,"name":"Herramientas de aprendizaje","item":"https:\/\/ateliersdeseauxbleues.com\/es\/catalogue\/herramientas-de-aprendizaje\/"},{"@type":"ListItem","position":5,"name":"El push-broom"}]},{"@type":"WebSite","@id":"https:\/\/ateliersdeseauxbleues.com\/es\/#website","url":"https:\/\/ateliersdeseauxbleues.com\/es\/","name":"Ateliers des Eaux Bleues","description":"Ateliers des Eaux Bleues","publisher":{"@id":"https:\/\/ateliersdeseauxbleues.com\/es\/#organization"},"potentialAction":[{"@type":"SearchAction","target":{"@type":"EntryPoint","urlTemplate":"https:\/\/ateliersdeseauxbleues.com\/es\/?s={search_term_string}"},"query-input":{"@type":"PropertyValueSpecification","valueRequired":true,"valueName":"search_term_string"}}],"inLanguage":"es"},{"@type":"Organization","@id":"https:\/\/ateliersdeseauxbleues.com\/es\/#organization","name":"Ateliers des Eaux Bleues","url":"https:\/\/ateliersdeseauxbleues.com\/es\/","logo":{"@type":"ImageObject","inLanguage":"es","@id":"https:\/\/ateliersdeseauxbleues.com\/es\/#\/schema\/logo\/image\/","url":"https:\/\/ateliersdeseauxbleues.com\/wp-content\/uploads\/2024\/12\/Logo-atelier-des-eaux-bleues.png","contentUrl":"https:\/\/ateliersdeseauxbleues.com\/wp-content\/uploads\/2024\/12\/Logo-atelier-des-eaux-bleues.png","width":940,"height":418,"caption":"Ateliers des Eaux Bleues"},"image":{"@id":"https:\/\/ateliersdeseauxbleues.com\/es\/#\/schema\/logo\/image\/"}}]}},"_links":{"self":[{"href":"https:\/\/ateliersdeseauxbleues.com\/es\/wp-json\/wp\/v2\/product\/4274","targetHints":{"allow":["GET"]}}],"collection":[{"href":"https:\/\/ateliersdeseauxbleues.com\/es\/wp-json\/wp\/v2\/product"}],"about":[{"href":"https:\/\/ateliersdeseauxbleues.com\/es\/wp-json\/wp\/v2\/types\/product"}],"replies":[{"embeddable":true,"href":"https:\/\/ateliersdeseauxbleues.com\/es\/wp-json\/wp\/v2\/comments?post=4274"}],"wp:featuredmedia":[{"embeddable":true,"href":"https:\/\/ateliersdeseauxbleues.com\/es\/wp-json\/wp\/v2\/media\/2820"}],"wp:attachment":[{"href":"https:\/\/ateliersdeseauxbleues.com\/es\/wp-json\/wp\/v2\/media?parent=4274"}],"wp:term":[{"taxonomy":"product_brand","embeddable":true,"href":"https:\/\/ateliersdeseauxbleues.com\/es\/wp-json\/wp\/v2\/product_brand?post=4274"},{"taxonomy":"product_cat","embeddable":true,"href":"https:\/\/ateliersdeseauxbleues.com\/es\/wp-json\/wp\/v2\/product_cat?post=4274"},{"taxonomy":"product_tag","embeddable":true,"href":"https:\/\/ateliersdeseauxbleues.com\/es\/wp-json\/wp\/v2\/product_tag?post=4274"}],"curies":[{"name":"wp","href":"https:\/\/api.w.org\/{rel}","templated":true}]}}