{"id":4180,"date":"2019-10-07T16:20:16","date_gmt":"2019-10-07T14:20:16","guid":{"rendered":"https:\/\/ateliersdeseauxbleues.com\/catalogue\/non%20class\u00e9\/baston-plegable-frances-blanco-empunadura-de-color\/"},"modified":"2025-11-24T09:52:59","modified_gmt":"2025-11-24T08:52:59","slug":"baston-plegable-frances-blanco-empunadura-de-color","status":"publish","type":"product","link":"https:\/\/ateliersdeseauxbleues.com\/es\/catalogue\/nuestra-gama-de-bastones-blancos-para-ciegos-y-deficientes-visuales\/baston-plegable-frances-blanco-empunadura-de-color\/","title":{"rendered":"Bast\u00f3n plegable franc\u00e9s blanco \u2013 empu\u00f1adura de color"},"content":{"rendered":"","protected":false},"excerpt":{"rendered":"<p>Esta versi\u00f3n de nuestro bast\u00f3n franc\u00e9s est\u00e1 disponible en<strong> <\/strong>con una<strong> amplia gama de colores de mangos<\/strong>.<\/p>\n","protected":false},"featured_media":3819,"comment_status":"open","ping_status":"closed","template":"","meta":[],"product_brand":[],"product_cat":[145,142],"product_tag":[],"class_list":{"0":"post-4180","1":"product","2":"type-product","3":"status-publish","4":"has-post-thumbnail","6":"product_cat-bastones-blancos-franceses","7":"product_cat-nuestra-gama-de-bastones-blancos-para-ciegos-y-deficientes-visuales","8":"pa_couleurdelacanne-amarillo","9":"pa_couleurdelacanne-blanche-es","10":"pa_couleurdelapoignee-amarillo-jc","11":"pa_couleurdelapoignee-amarillo-negro-j","12":"pa_couleurdelapoignee-azul-bc","13":"pa_couleurdelapoignee-blanco-negro","14":"pa_couleurdelapoignee-naranja-chillon-ok","15":"pa_couleurdelapoignee-negro-cilindrico-nc","16":"pa_couleurdelapoignee-rojo-r","17":"pa_couleurdelapoignee-rojo-negro-ro","18":"pa_couleurdelapoignee-rosa-rc","19":"pa_couleurdelapoignee-verde-chillon-vk","20":"pa_couleurdelapoignee-violeta-vi","22":"first","23":"instock","24":"taxable","25":"shipping-taxable","26":"purchasable","27":"product-type-variable","28":"wvs-archive-product-wrapper"},"yoast_head":"<!-- This site is optimized with the Yoast SEO plugin v27.2 - https:\/\/yoast.com\/product\/yoast-seo-wordpress\/ -->\n<title>Bast\u00f3n plegable franc\u00e9s blanco - empu\u00f1adura de color - Ateliers des Eaux Bleues<\/title>\n<meta name=\"robots\" content=\"index, follow, max-snippet:-1, max-image-preview:large, max-video-preview:-1\" \/>\n<link rel=\"canonical\" href=\"https:\/\/ateliersdeseauxbleues.com\/es\/catalogue\/nuestra-gama-de-bastones-blancos-para-ciegos-y-deficientes-visuales\/baston-plegable-frances-blanco-empunadura-de-color\/\" \/>\n<meta property=\"og:locale\" content=\"es_ES\" \/>\n<meta property=\"og:type\" content=\"article\" \/>\n<meta property=\"og:title\" content=\"Bast\u00f3n plegable franc\u00e9s blanco - empu\u00f1adura de color - Ateliers des Eaux Bleues\" \/>\n<meta property=\"og:description\" content=\"Esta versi\u00f3n de nuestro bast\u00f3n franc\u00e9s est\u00e1 disponible en con una amplia gama de colores de mangos.\" \/>\n<meta property=\"og:url\" content=\"https:\/\/ateliersdeseauxbleues.com\/es\/catalogue\/nuestra-gama-de-bastones-blancos-para-ciegos-y-deficientes-visuales\/baston-plegable-frances-blanco-empunadura-de-color\/\" \/>\n<meta property=\"og:site_name\" content=\"Ateliers des Eaux Bleues\" \/>\n<meta property=\"article:modified_time\" content=\"2025-11-24T08:52:59+00:00\" \/>\n<meta property=\"og:image\" content=\"https:\/\/ateliersdeseauxbleues.com\/wp-content\/uploads\/2019\/10\/25003_Canne-8_2-scaled.jpg\" \/>\n\t<meta property=\"og:image:width\" content=\"2560\" \/>\n\t<meta property=\"og:image:height\" content=\"2560\" \/>\n\t<meta property=\"og:image:type\" content=\"image\/jpeg\" \/>\n<meta name=\"twitter:card\" content=\"summary_large_image\" \/>\n<script type=\"application\/ld+json\" class=\"yoast-schema-graph\">{\"@context\":\"https:\/\/schema.org\",\"@graph\":[{\"@type\":\"WebPage\",\"@id\":\"https:\/\/ateliersdeseauxbleues.com\/es\/catalogue\/nuestra-gama-de-bastones-blancos-para-ciegos-y-deficientes-visuales\/baston-plegable-frances-blanco-empunadura-de-color\/\",\"url\":\"https:\/\/ateliersdeseauxbleues.com\/es\/catalogue\/nuestra-gama-de-bastones-blancos-para-ciegos-y-deficientes-visuales\/baston-plegable-frances-blanco-empunadura-de-color\/\",\"name\":\"Bast\u00f3n plegable franc\u00e9s blanco - empu\u00f1adura de color - Ateliers des Eaux Bleues\",\"isPartOf\":{\"@id\":\"https:\/\/ateliersdeseauxbleues.com\/es\/#website\"},\"primaryImageOfPage\":{\"@id\":\"https:\/\/ateliersdeseauxbleues.com\/es\/catalogue\/nuestra-gama-de-bastones-blancos-para-ciegos-y-deficientes-visuales\/baston-plegable-frances-blanco-empunadura-de-color\/#primaryimage\"},\"image\":{\"@id\":\"https:\/\/ateliersdeseauxbleues.com\/es\/catalogue\/nuestra-gama-de-bastones-blancos-para-ciegos-y-deficientes-visuales\/baston-plegable-frances-blanco-empunadura-de-color\/#primaryimage\"},\"thumbnailUrl\":\"https:\/\/ateliersdeseauxbleues.com\/wp-content\/uploads\/2019\/10\/25003_Canne-8_2-scaled.jpg\",\"datePublished\":\"2019-10-07T14:20:16+00:00\",\"dateModified\":\"2025-11-24T08:52:59+00:00\",\"breadcrumb\":{\"@id\":\"https:\/\/ateliersdeseauxbleues.com\/es\/catalogue\/nuestra-gama-de-bastones-blancos-para-ciegos-y-deficientes-visuales\/baston-plegable-frances-blanco-empunadura-de-color\/#breadcrumb\"},\"inLanguage\":\"es\",\"potentialAction\":[{\"@type\":\"ReadAction\",\"target\":[\"https:\/\/ateliersdeseauxbleues.com\/es\/catalogue\/nuestra-gama-de-bastones-blancos-para-ciegos-y-deficientes-visuales\/baston-plegable-frances-blanco-empunadura-de-color\/\"]}]},{\"@type\":\"ImageObject\",\"inLanguage\":\"es\",\"@id\":\"https:\/\/ateliersdeseauxbleues.com\/es\/catalogue\/nuestra-gama-de-bastones-blancos-para-ciegos-y-deficientes-visuales\/baston-plegable-frances-blanco-empunadura-de-color\/#primaryimage\",\"url\":\"https:\/\/ateliersdeseauxbleues.com\/wp-content\/uploads\/2019\/10\/25003_Canne-8_2-scaled.jpg\",\"contentUrl\":\"https:\/\/ateliersdeseauxbleues.com\/wp-content\/uploads\/2019\/10\/25003_Canne-8_2-scaled.jpg\",\"width\":2560,\"height\":2560,\"caption\":\"25003_Canne 8_2\"},{\"@type\":\"BreadcrumbList\",\"@id\":\"https:\/\/ateliersdeseauxbleues.com\/es\/catalogue\/nuestra-gama-de-bastones-blancos-para-ciegos-y-deficientes-visuales\/baston-plegable-frances-blanco-empunadura-de-color\/#breadcrumb\",\"itemListElement\":[{\"@type\":\"ListItem\",\"position\":1,\"name\":\"Inicio\",\"item\":\"https:\/\/ateliersdeseauxbleues.com\/es\/ateliers-de-eaux-bleues-fabricacion-de-canas-blancas\/\"},{\"@type\":\"ListItem\",\"position\":2,\"name\":\"Gama\",\"item\":\"https:\/\/ateliersdeseauxbleues.com\/es\/tienda\/\"},{\"@type\":\"ListItem\",\"position\":3,\"name\":\"Nuestra gama de bastones blancos para ciegos y deficientes visuales\",\"item\":\"https:\/\/ateliersdeseauxbleues.com\/es\/catalogue\/nuestra-gama-de-bastones-blancos-para-ciegos-y-deficientes-visuales\/\"},{\"@type\":\"ListItem\",\"position\":4,\"name\":\"Bast\u00f3n plegable franc\u00e9s blanco \u2013 empu\u00f1adura de color\"}]},{\"@type\":\"WebSite\",\"@id\":\"https:\/\/ateliersdeseauxbleues.com\/es\/#website\",\"url\":\"https:\/\/ateliersdeseauxbleues.com\/es\/\",\"name\":\"Ateliers des Eaux Bleues\",\"description\":\"Ateliers des Eaux Bleues\",\"publisher\":{\"@id\":\"https:\/\/ateliersdeseauxbleues.com\/es\/#organization\"},\"potentialAction\":[{\"@type\":\"SearchAction\",\"target\":{\"@type\":\"EntryPoint\",\"urlTemplate\":\"https:\/\/ateliersdeseauxbleues.com\/es\/?s={search_term_string}\"},\"query-input\":{\"@type\":\"PropertyValueSpecification\",\"valueRequired\":true,\"valueName\":\"search_term_string\"}}],\"inLanguage\":\"es\"},{\"@type\":\"Organization\",\"@id\":\"https:\/\/ateliersdeseauxbleues.com\/es\/#organization\",\"name\":\"Ateliers des Eaux Bleues\",\"url\":\"https:\/\/ateliersdeseauxbleues.com\/es\/\",\"logo\":{\"@type\":\"ImageObject\",\"inLanguage\":\"es\",\"@id\":\"https:\/\/ateliersdeseauxbleues.com\/es\/#\/schema\/logo\/image\/\",\"url\":\"https:\/\/ateliersdeseauxbleues.com\/wp-content\/uploads\/2024\/12\/Logo-atelier-des-eaux-bleues.png\",\"contentUrl\":\"https:\/\/ateliersdeseauxbleues.com\/wp-content\/uploads\/2024\/12\/Logo-atelier-des-eaux-bleues.png\",\"width\":940,\"height\":418,\"caption\":\"Ateliers des Eaux Bleues\"},\"image\":{\"@id\":\"https:\/\/ateliersdeseauxbleues.com\/es\/#\/schema\/logo\/image\/\"}}]}<\/script>\n<!-- \/ Yoast SEO plugin. -->","yoast_head_json":{"title":"Bast\u00f3n plegable franc\u00e9s blanco - empu\u00f1adura de color - Ateliers des Eaux Bleues","robots":{"index":"index","follow":"follow","max-snippet":"max-snippet:-1","max-image-preview":"max-image-preview:large","max-video-preview":"max-video-preview:-1"},"canonical":"https:\/\/ateliersdeseauxbleues.com\/es\/catalogue\/nuestra-gama-de-bastones-blancos-para-ciegos-y-deficientes-visuales\/baston-plegable-frances-blanco-empunadura-de-color\/","og_locale":"es_ES","og_type":"article","og_title":"Bast\u00f3n plegable franc\u00e9s blanco - empu\u00f1adura de color - Ateliers des Eaux Bleues","og_description":"Esta versi\u00f3n de nuestro bast\u00f3n franc\u00e9s est\u00e1 disponible en con una amplia gama de colores de mangos.","og_url":"https:\/\/ateliersdeseauxbleues.com\/es\/catalogue\/nuestra-gama-de-bastones-blancos-para-ciegos-y-deficientes-visuales\/baston-plegable-frances-blanco-empunadura-de-color\/","og_site_name":"Ateliers des Eaux Bleues","article_modified_time":"2025-11-24T08:52:59+00:00","og_image":[{"width":2560,"height":2560,"url":"https:\/\/ateliersdeseauxbleues.com\/wp-content\/uploads\/2019\/10\/25003_Canne-8_2-scaled.jpg","type":"image\/jpeg"}],"twitter_card":"summary_large_image","schema":{"@context":"https:\/\/schema.org","@graph":[{"@type":"WebPage","@id":"https:\/\/ateliersdeseauxbleues.com\/es\/catalogue\/nuestra-gama-de-bastones-blancos-para-ciegos-y-deficientes-visuales\/baston-plegable-frances-blanco-empunadura-de-color\/","url":"https:\/\/ateliersdeseauxbleues.com\/es\/catalogue\/nuestra-gama-de-bastones-blancos-para-ciegos-y-deficientes-visuales\/baston-plegable-frances-blanco-empunadura-de-color\/","name":"Bast\u00f3n plegable franc\u00e9s blanco - empu\u00f1adura de color - Ateliers des Eaux Bleues","isPartOf":{"@id":"https:\/\/ateliersdeseauxbleues.com\/es\/#website"},"primaryImageOfPage":{"@id":"https:\/\/ateliersdeseauxbleues.com\/es\/catalogue\/nuestra-gama-de-bastones-blancos-para-ciegos-y-deficientes-visuales\/baston-plegable-frances-blanco-empunadura-de-color\/#primaryimage"},"image":{"@id":"https:\/\/ateliersdeseauxbleues.com\/es\/catalogue\/nuestra-gama-de-bastones-blancos-para-ciegos-y-deficientes-visuales\/baston-plegable-frances-blanco-empunadura-de-color\/#primaryimage"},"thumbnailUrl":"https:\/\/ateliersdeseauxbleues.com\/wp-content\/uploads\/2019\/10\/25003_Canne-8_2-scaled.jpg","datePublished":"2019-10-07T14:20:16+00:00","dateModified":"2025-11-24T08:52:59+00:00","breadcrumb":{"@id":"https:\/\/ateliersdeseauxbleues.com\/es\/catalogue\/nuestra-gama-de-bastones-blancos-para-ciegos-y-deficientes-visuales\/baston-plegable-frances-blanco-empunadura-de-color\/#breadcrumb"},"inLanguage":"es","potentialAction":[{"@type":"ReadAction","target":["https:\/\/ateliersdeseauxbleues.com\/es\/catalogue\/nuestra-gama-de-bastones-blancos-para-ciegos-y-deficientes-visuales\/baston-plegable-frances-blanco-empunadura-de-color\/"]}]},{"@type":"ImageObject","inLanguage":"es","@id":"https:\/\/ateliersdeseauxbleues.com\/es\/catalogue\/nuestra-gama-de-bastones-blancos-para-ciegos-y-deficientes-visuales\/baston-plegable-frances-blanco-empunadura-de-color\/#primaryimage","url":"https:\/\/ateliersdeseauxbleues.com\/wp-content\/uploads\/2019\/10\/25003_Canne-8_2-scaled.jpg","contentUrl":"https:\/\/ateliersdeseauxbleues.com\/wp-content\/uploads\/2019\/10\/25003_Canne-8_2-scaled.jpg","width":2560,"height":2560,"caption":"25003_Canne 8_2"},{"@type":"BreadcrumbList","@id":"https:\/\/ateliersdeseauxbleues.com\/es\/catalogue\/nuestra-gama-de-bastones-blancos-para-ciegos-y-deficientes-visuales\/baston-plegable-frances-blanco-empunadura-de-color\/#breadcrumb","itemListElement":[{"@type":"ListItem","position":1,"name":"Inicio","item":"https:\/\/ateliersdeseauxbleues.com\/es\/ateliers-de-eaux-bleues-fabricacion-de-canas-blancas\/"},{"@type":"ListItem","position":2,"name":"Gama","item":"https:\/\/ateliersdeseauxbleues.com\/es\/tienda\/"},{"@type":"ListItem","position":3,"name":"Nuestra gama de bastones blancos para ciegos y deficientes visuales","item":"https:\/\/ateliersdeseauxbleues.com\/es\/catalogue\/nuestra-gama-de-bastones-blancos-para-ciegos-y-deficientes-visuales\/"},{"@type":"ListItem","position":4,"name":"Bast\u00f3n plegable franc\u00e9s blanco \u2013 empu\u00f1adura de color"}]},{"@type":"WebSite","@id":"https:\/\/ateliersdeseauxbleues.com\/es\/#website","url":"https:\/\/ateliersdeseauxbleues.com\/es\/","name":"Ateliers des Eaux Bleues","description":"Ateliers des Eaux Bleues","publisher":{"@id":"https:\/\/ateliersdeseauxbleues.com\/es\/#organization"},"potentialAction":[{"@type":"SearchAction","target":{"@type":"EntryPoint","urlTemplate":"https:\/\/ateliersdeseauxbleues.com\/es\/?s={search_term_string}"},"query-input":{"@type":"PropertyValueSpecification","valueRequired":true,"valueName":"search_term_string"}}],"inLanguage":"es"},{"@type":"Organization","@id":"https:\/\/ateliersdeseauxbleues.com\/es\/#organization","name":"Ateliers des Eaux Bleues","url":"https:\/\/ateliersdeseauxbleues.com\/es\/","logo":{"@type":"ImageObject","inLanguage":"es","@id":"https:\/\/ateliersdeseauxbleues.com\/es\/#\/schema\/logo\/image\/","url":"https:\/\/ateliersdeseauxbleues.com\/wp-content\/uploads\/2024\/12\/Logo-atelier-des-eaux-bleues.png","contentUrl":"https:\/\/ateliersdeseauxbleues.com\/wp-content\/uploads\/2024\/12\/Logo-atelier-des-eaux-bleues.png","width":940,"height":418,"caption":"Ateliers des Eaux Bleues"},"image":{"@id":"https:\/\/ateliersdeseauxbleues.com\/es\/#\/schema\/logo\/image\/"}}]}},"_links":{"self":[{"href":"https:\/\/ateliersdeseauxbleues.com\/es\/wp-json\/wp\/v2\/product\/4180","targetHints":{"allow":["GET"]}}],"collection":[{"href":"https:\/\/ateliersdeseauxbleues.com\/es\/wp-json\/wp\/v2\/product"}],"about":[{"href":"https:\/\/ateliersdeseauxbleues.com\/es\/wp-json\/wp\/v2\/types\/product"}],"replies":[{"embeddable":true,"href":"https:\/\/ateliersdeseauxbleues.com\/es\/wp-json\/wp\/v2\/comments?post=4180"}],"wp:featuredmedia":[{"embeddable":true,"href":"https:\/\/ateliersdeseauxbleues.com\/es\/wp-json\/wp\/v2\/media\/3819"}],"wp:attachment":[{"href":"https:\/\/ateliersdeseauxbleues.com\/es\/wp-json\/wp\/v2\/media?parent=4180"}],"wp:term":[{"taxonomy":"product_brand","embeddable":true,"href":"https:\/\/ateliersdeseauxbleues.com\/es\/wp-json\/wp\/v2\/product_brand?post=4180"},{"taxonomy":"product_cat","embeddable":true,"href":"https:\/\/ateliersdeseauxbleues.com\/es\/wp-json\/wp\/v2\/product_cat?post=4180"},{"taxonomy":"product_tag","embeddable":true,"href":"https:\/\/ateliersdeseauxbleues.com\/es\/wp-json\/wp\/v2\/product_tag?post=4180"}],"curies":[{"name":"wp","href":"https:\/\/api.w.org\/{rel}","templated":true}]}}