{"id":4518,"date":"2019-10-07T15:22:00","date_gmt":"2019-10-07T13:22:00","guid":{"rendered":"https:\/\/ateliersdeseauxbleues.com\/catalogue\/uncategorized\/folding-white-cane-with-small-ergonomic-handle\/"},"modified":"2025-06-24T15:32:17","modified_gmt":"2025-06-24T13:32:17","slug":"folding-white-cane-with-small-ergonomic-handle","status":"publish","type":"product","link":"https:\/\/ateliersdeseauxbleues.com\/en\/catalogue\/our-range-of-white-canes-for-the-blind-and-visually-impaired\/special-white-canes\/folding-white-canes-with-small-handle\/folding-white-cane-with-small-ergonomic-handle\/","title":{"rendered":"Folding White Cane with Small Ergonomic Handle"},"content":{"rendered":"","protected":false},"excerpt":{"rendered":"<p class=\"Puces\"><!-- [if !supportLists]--><span style=\"font-family: Wingdings; color: #aadc49;\">\u00dc<span style=\"font-size: 7pt; line-height: normal; font-family: 'Times New Roman';\">  <\/span><\/span><!--[endif]-->Entirely white, it has a <strong>small handle<\/strong> at the top, facilitating a good grip<\/p>\n<p class=\"Puces\"><!-- [if !supportLists]--><span style=\"font-family: Wingdings; color: #aadc49;\">\u00dc<span style=\"font-size: 7pt; line-height: normal; font-family: 'Times New Roman';\">  <\/span><\/span><!--[endif]--><strong>Single-strand elastic<\/strong> &#8211; for direct access<\/p>\n<p class=\"Puces\"><!-- [if !supportLists]--><span style=\"font-family: Wingdings; color: #aadc49;\">\u00dc<span style=\"font: 7pt 'Times New Roman';\">  <\/span><\/span><!--[endif]-->Strong point: possibility to <strong>modify the tension <\/strong><strong style=\"text-indent: 0cm;\">of the central elastic<\/strong><span style=\"text-indent: 0cm;\"> by exerting additional tension <\/span>on one of the two strands of the wrist strap<\/p>\n<p class=\"Puces\"><!-- [if !supportLists]--><span style=\"font-family: Wingdings; color: #aadc49;\">\u00dc<span style=\"font: 7pt 'Times New Roman';\">  <\/span><\/span><!--[endif]-->Removable cap at the handle level, non-screwing, allowing <strong>easy access to the central elastic<\/strong><\/p>\n","protected":false},"featured_media":2844,"comment_status":"open","ping_status":"closed","template":"","meta":[],"product_brand":[],"product_cat":[172,138,166],"product_tag":[],"class_list":{"0":"post-4518","1":"product","2":"type-product","3":"status-publish","4":"has-post-thumbnail","6":"product_cat-folding-white-canes-with-small-handle","7":"product_cat-our-range-of-white-canes-for-the-blind-and-visually-impaired","8":"product_cat-special-white-canes","9":"pa_couleurdelacanne-white","10":"pa_couleurdelacanne-yellow","11":"pa_couleurdelapoignee-black-cylindrical-nc","12":"pa_couleurdelapoignee-blue-bc","13":"pa_couleurdelapoignee-flashy-green-vk","14":"pa_couleurdelapoignee-flashy-orange-ok","15":"pa_couleurdelapoignee-pink-rc","16":"pa_couleurdelapoignee-purple-vi","17":"pa_couleurdelapoignee-red-r","18":"pa_couleurdelapoignee-red-black-ro","19":"pa_couleurdelapoignee-white-black","20":"pa_couleurdelapoignee-yellow-jc","21":"pa_couleurdelapoignee-yellow-black-j","23":"first","24":"instock","25":"taxable","26":"shipping-taxable","27":"purchasable","28":"product-type-variable","29":"has-default-attributes","30":"wvs-archive-product-wrapper"},"yoast_head":"<!-- This site is optimized with the Yoast SEO plugin v27.2 - https:\/\/yoast.com\/product\/yoast-seo-wordpress\/ -->\n<title>Folding White Cane with Small Ergonomic Handle - Ateliers des Eaux Bleues<\/title>\n<meta name=\"robots\" content=\"index, follow, max-snippet:-1, max-image-preview:large, max-video-preview:-1\" \/>\n<link rel=\"canonical\" href=\"https:\/\/ateliersdeseauxbleues.com\/en\/catalogue\/our-range-of-white-canes-for-the-blind-and-visually-impaired\/special-white-canes\/folding-white-canes-with-small-handle\/folding-white-cane-with-small-ergonomic-handle\/\" \/>\n<meta property=\"og:locale\" content=\"en_US\" \/>\n<meta property=\"og:type\" content=\"article\" \/>\n<meta property=\"og:title\" content=\"Folding White Cane with Small Ergonomic Handle - Ateliers des Eaux Bleues\" \/>\n<meta property=\"og:description\" content=\"\u00dc Entirely white, it has a small handle at the top, facilitating a good grip \u00dc Single-strand elastic - for direct access \u00dc Strong point: possibility to modify the tension of the central elastic by exerting additional tension on one of the two strands of the wrist strap \u00dc Removable cap at the handle level, non-screwing, allowing easy access to the central elastic\" \/>\n<meta property=\"og:url\" content=\"https:\/\/ateliersdeseauxbleues.com\/en\/catalogue\/our-range-of-white-canes-for-the-blind-and-visually-impaired\/special-white-canes\/folding-white-canes-with-small-handle\/folding-white-cane-with-small-ergonomic-handle\/\" \/>\n<meta property=\"og:site_name\" content=\"Ateliers des Eaux Bleues\" \/>\n<meta property=\"article:modified_time\" content=\"2025-06-24T13:32:17+00:00\" \/>\n<meta property=\"og:image\" content=\"https:\/\/ateliersdeseauxbleues.com\/wp-content\/uploads\/2019\/10\/25003_Canne-9_1-scaled.jpg\" \/>\n\t<meta property=\"og:image:width\" content=\"2560\" \/>\n\t<meta property=\"og:image:height\" content=\"2560\" \/>\n\t<meta property=\"og:image:type\" content=\"image\/jpeg\" \/>\n<meta name=\"twitter:card\" content=\"summary_large_image\" \/>\n<script type=\"application\/ld+json\" class=\"yoast-schema-graph\">{\"@context\":\"https:\/\/schema.org\",\"@graph\":[{\"@type\":\"WebPage\",\"@id\":\"https:\/\/ateliersdeseauxbleues.com\/en\/catalogue\/our-range-of-white-canes-for-the-blind-and-visually-impaired\/special-white-canes\/folding-white-canes-with-small-handle\/folding-white-cane-with-small-ergonomic-handle\/\",\"url\":\"https:\/\/ateliersdeseauxbleues.com\/en\/catalogue\/our-range-of-white-canes-for-the-blind-and-visually-impaired\/special-white-canes\/folding-white-canes-with-small-handle\/folding-white-cane-with-small-ergonomic-handle\/\",\"name\":\"Folding White Cane with Small Ergonomic Handle - Ateliers des Eaux Bleues\",\"isPartOf\":{\"@id\":\"https:\/\/ateliersdeseauxbleues.com\/en\/#website\"},\"primaryImageOfPage\":{\"@id\":\"https:\/\/ateliersdeseauxbleues.com\/en\/catalogue\/our-range-of-white-canes-for-the-blind-and-visually-impaired\/special-white-canes\/folding-white-canes-with-small-handle\/folding-white-cane-with-small-ergonomic-handle\/#primaryimage\"},\"image\":{\"@id\":\"https:\/\/ateliersdeseauxbleues.com\/en\/catalogue\/our-range-of-white-canes-for-the-blind-and-visually-impaired\/special-white-canes\/folding-white-canes-with-small-handle\/folding-white-cane-with-small-ergonomic-handle\/#primaryimage\"},\"thumbnailUrl\":\"https:\/\/ateliersdeseauxbleues.com\/wp-content\/uploads\/2019\/10\/25003_Canne-9_1-scaled.jpg\",\"datePublished\":\"2019-10-07T13:22:00+00:00\",\"dateModified\":\"2025-06-24T13:32:17+00:00\",\"breadcrumb\":{\"@id\":\"https:\/\/ateliersdeseauxbleues.com\/en\/catalogue\/our-range-of-white-canes-for-the-blind-and-visually-impaired\/special-white-canes\/folding-white-canes-with-small-handle\/folding-white-cane-with-small-ergonomic-handle\/#breadcrumb\"},\"inLanguage\":\"en-US\",\"potentialAction\":[{\"@type\":\"ReadAction\",\"target\":[\"https:\/\/ateliersdeseauxbleues.com\/en\/catalogue\/our-range-of-white-canes-for-the-blind-and-visually-impaired\/special-white-canes\/folding-white-canes-with-small-handle\/folding-white-cane-with-small-ergonomic-handle\/\"]}]},{\"@type\":\"ImageObject\",\"inLanguage\":\"en-US\",\"@id\":\"https:\/\/ateliersdeseauxbleues.com\/en\/catalogue\/our-range-of-white-canes-for-the-blind-and-visually-impaired\/special-white-canes\/folding-white-canes-with-small-handle\/folding-white-cane-with-small-ergonomic-handle\/#primaryimage\",\"url\":\"https:\/\/ateliersdeseauxbleues.com\/wp-content\/uploads\/2019\/10\/25003_Canne-9_1-scaled.jpg\",\"contentUrl\":\"https:\/\/ateliersdeseauxbleues.com\/wp-content\/uploads\/2019\/10\/25003_Canne-9_1-scaled.jpg\",\"width\":2560,\"height\":2560,\"caption\":\"25003_Canne 9_1\"},{\"@type\":\"BreadcrumbList\",\"@id\":\"https:\/\/ateliersdeseauxbleues.com\/en\/catalogue\/our-range-of-white-canes-for-the-blind-and-visually-impaired\/special-white-canes\/folding-white-canes-with-small-handle\/folding-white-cane-with-small-ergonomic-handle\/#breadcrumb\",\"itemListElement\":[{\"@type\":\"ListItem\",\"position\":1,\"name\":\"Home\",\"item\":\"https:\/\/ateliersdeseauxbleues.com\/en\/ateliers-de-eaux-bleues-white-cane-manufacturing\/\"},{\"@type\":\"ListItem\",\"position\":2,\"name\":\"Range\",\"item\":\"https:\/\/ateliersdeseauxbleues.com\/en\/shop\/\"},{\"@type\":\"ListItem\",\"position\":3,\"name\":\"Our range of white canes for the blind and visually impaired\",\"item\":\"https:\/\/ateliersdeseauxbleues.com\/en\/catalogue\/our-range-of-white-canes-for-the-blind-and-visually-impaired\/\"},{\"@type\":\"ListItem\",\"position\":4,\"name\":\"Folding White Cane with Small Ergonomic Handle\"}]},{\"@type\":\"WebSite\",\"@id\":\"https:\/\/ateliersdeseauxbleues.com\/en\/#website\",\"url\":\"https:\/\/ateliersdeseauxbleues.com\/en\/\",\"name\":\"Ateliers des Eaux Bleues\",\"description\":\"Ateliers des Eaux Bleues\",\"publisher\":{\"@id\":\"https:\/\/ateliersdeseauxbleues.com\/en\/#organization\"},\"potentialAction\":[{\"@type\":\"SearchAction\",\"target\":{\"@type\":\"EntryPoint\",\"urlTemplate\":\"https:\/\/ateliersdeseauxbleues.com\/en\/?s={search_term_string}\"},\"query-input\":{\"@type\":\"PropertyValueSpecification\",\"valueRequired\":true,\"valueName\":\"search_term_string\"}}],\"inLanguage\":\"en-US\"},{\"@type\":\"Organization\",\"@id\":\"https:\/\/ateliersdeseauxbleues.com\/en\/#organization\",\"name\":\"Ateliers des Eaux Bleues\",\"url\":\"https:\/\/ateliersdeseauxbleues.com\/en\/\",\"logo\":{\"@type\":\"ImageObject\",\"inLanguage\":\"en-US\",\"@id\":\"https:\/\/ateliersdeseauxbleues.com\/en\/#\/schema\/logo\/image\/\",\"url\":\"https:\/\/ateliersdeseauxbleues.com\/wp-content\/uploads\/2024\/12\/Logo-atelier-des-eaux-bleues.png\",\"contentUrl\":\"https:\/\/ateliersdeseauxbleues.com\/wp-content\/uploads\/2024\/12\/Logo-atelier-des-eaux-bleues.png\",\"width\":940,\"height\":418,\"caption\":\"Ateliers des Eaux Bleues\"},\"image\":{\"@id\":\"https:\/\/ateliersdeseauxbleues.com\/en\/#\/schema\/logo\/image\/\"}}]}<\/script>\n<!-- \/ Yoast SEO plugin. -->","yoast_head_json":{"title":"Folding White Cane with Small Ergonomic Handle - Ateliers des Eaux Bleues","robots":{"index":"index","follow":"follow","max-snippet":"max-snippet:-1","max-image-preview":"max-image-preview:large","max-video-preview":"max-video-preview:-1"},"canonical":"https:\/\/ateliersdeseauxbleues.com\/en\/catalogue\/our-range-of-white-canes-for-the-blind-and-visually-impaired\/special-white-canes\/folding-white-canes-with-small-handle\/folding-white-cane-with-small-ergonomic-handle\/","og_locale":"en_US","og_type":"article","og_title":"Folding White Cane with Small Ergonomic Handle - Ateliers des Eaux Bleues","og_description":"\u00dc Entirely white, it has a small handle at the top, facilitating a good grip \u00dc Single-strand elastic - for direct access \u00dc Strong point: possibility to modify the tension of the central elastic by exerting additional tension on one of the two strands of the wrist strap \u00dc Removable cap at the handle level, non-screwing, allowing easy access to the central elastic","og_url":"https:\/\/ateliersdeseauxbleues.com\/en\/catalogue\/our-range-of-white-canes-for-the-blind-and-visually-impaired\/special-white-canes\/folding-white-canes-with-small-handle\/folding-white-cane-with-small-ergonomic-handle\/","og_site_name":"Ateliers des Eaux Bleues","article_modified_time":"2025-06-24T13:32:17+00:00","og_image":[{"width":2560,"height":2560,"url":"https:\/\/ateliersdeseauxbleues.com\/wp-content\/uploads\/2019\/10\/25003_Canne-9_1-scaled.jpg","type":"image\/jpeg"}],"twitter_card":"summary_large_image","schema":{"@context":"https:\/\/schema.org","@graph":[{"@type":"WebPage","@id":"https:\/\/ateliersdeseauxbleues.com\/en\/catalogue\/our-range-of-white-canes-for-the-blind-and-visually-impaired\/special-white-canes\/folding-white-canes-with-small-handle\/folding-white-cane-with-small-ergonomic-handle\/","url":"https:\/\/ateliersdeseauxbleues.com\/en\/catalogue\/our-range-of-white-canes-for-the-blind-and-visually-impaired\/special-white-canes\/folding-white-canes-with-small-handle\/folding-white-cane-with-small-ergonomic-handle\/","name":"Folding White Cane with Small Ergonomic Handle - Ateliers des Eaux Bleues","isPartOf":{"@id":"https:\/\/ateliersdeseauxbleues.com\/en\/#website"},"primaryImageOfPage":{"@id":"https:\/\/ateliersdeseauxbleues.com\/en\/catalogue\/our-range-of-white-canes-for-the-blind-and-visually-impaired\/special-white-canes\/folding-white-canes-with-small-handle\/folding-white-cane-with-small-ergonomic-handle\/#primaryimage"},"image":{"@id":"https:\/\/ateliersdeseauxbleues.com\/en\/catalogue\/our-range-of-white-canes-for-the-blind-and-visually-impaired\/special-white-canes\/folding-white-canes-with-small-handle\/folding-white-cane-with-small-ergonomic-handle\/#primaryimage"},"thumbnailUrl":"https:\/\/ateliersdeseauxbleues.com\/wp-content\/uploads\/2019\/10\/25003_Canne-9_1-scaled.jpg","datePublished":"2019-10-07T13:22:00+00:00","dateModified":"2025-06-24T13:32:17+00:00","breadcrumb":{"@id":"https:\/\/ateliersdeseauxbleues.com\/en\/catalogue\/our-range-of-white-canes-for-the-blind-and-visually-impaired\/special-white-canes\/folding-white-canes-with-small-handle\/folding-white-cane-with-small-ergonomic-handle\/#breadcrumb"},"inLanguage":"en-US","potentialAction":[{"@type":"ReadAction","target":["https:\/\/ateliersdeseauxbleues.com\/en\/catalogue\/our-range-of-white-canes-for-the-blind-and-visually-impaired\/special-white-canes\/folding-white-canes-with-small-handle\/folding-white-cane-with-small-ergonomic-handle\/"]}]},{"@type":"ImageObject","inLanguage":"en-US","@id":"https:\/\/ateliersdeseauxbleues.com\/en\/catalogue\/our-range-of-white-canes-for-the-blind-and-visually-impaired\/special-white-canes\/folding-white-canes-with-small-handle\/folding-white-cane-with-small-ergonomic-handle\/#primaryimage","url":"https:\/\/ateliersdeseauxbleues.com\/wp-content\/uploads\/2019\/10\/25003_Canne-9_1-scaled.jpg","contentUrl":"https:\/\/ateliersdeseauxbleues.com\/wp-content\/uploads\/2019\/10\/25003_Canne-9_1-scaled.jpg","width":2560,"height":2560,"caption":"25003_Canne 9_1"},{"@type":"BreadcrumbList","@id":"https:\/\/ateliersdeseauxbleues.com\/en\/catalogue\/our-range-of-white-canes-for-the-blind-and-visually-impaired\/special-white-canes\/folding-white-canes-with-small-handle\/folding-white-cane-with-small-ergonomic-handle\/#breadcrumb","itemListElement":[{"@type":"ListItem","position":1,"name":"Home","item":"https:\/\/ateliersdeseauxbleues.com\/en\/ateliers-de-eaux-bleues-white-cane-manufacturing\/"},{"@type":"ListItem","position":2,"name":"Range","item":"https:\/\/ateliersdeseauxbleues.com\/en\/shop\/"},{"@type":"ListItem","position":3,"name":"Our range of white canes for the blind and visually impaired","item":"https:\/\/ateliersdeseauxbleues.com\/en\/catalogue\/our-range-of-white-canes-for-the-blind-and-visually-impaired\/"},{"@type":"ListItem","position":4,"name":"Folding White Cane with Small Ergonomic Handle"}]},{"@type":"WebSite","@id":"https:\/\/ateliersdeseauxbleues.com\/en\/#website","url":"https:\/\/ateliersdeseauxbleues.com\/en\/","name":"Ateliers des Eaux Bleues","description":"Ateliers des Eaux Bleues","publisher":{"@id":"https:\/\/ateliersdeseauxbleues.com\/en\/#organization"},"potentialAction":[{"@type":"SearchAction","target":{"@type":"EntryPoint","urlTemplate":"https:\/\/ateliersdeseauxbleues.com\/en\/?s={search_term_string}"},"query-input":{"@type":"PropertyValueSpecification","valueRequired":true,"valueName":"search_term_string"}}],"inLanguage":"en-US"},{"@type":"Organization","@id":"https:\/\/ateliersdeseauxbleues.com\/en\/#organization","name":"Ateliers des Eaux Bleues","url":"https:\/\/ateliersdeseauxbleues.com\/en\/","logo":{"@type":"ImageObject","inLanguage":"en-US","@id":"https:\/\/ateliersdeseauxbleues.com\/en\/#\/schema\/logo\/image\/","url":"https:\/\/ateliersdeseauxbleues.com\/wp-content\/uploads\/2024\/12\/Logo-atelier-des-eaux-bleues.png","contentUrl":"https:\/\/ateliersdeseauxbleues.com\/wp-content\/uploads\/2024\/12\/Logo-atelier-des-eaux-bleues.png","width":940,"height":418,"caption":"Ateliers des Eaux Bleues"},"image":{"@id":"https:\/\/ateliersdeseauxbleues.com\/en\/#\/schema\/logo\/image\/"}}]}},"_links":{"self":[{"href":"https:\/\/ateliersdeseauxbleues.com\/en\/wp-json\/wp\/v2\/product\/4518","targetHints":{"allow":["GET"]}}],"collection":[{"href":"https:\/\/ateliersdeseauxbleues.com\/en\/wp-json\/wp\/v2\/product"}],"about":[{"href":"https:\/\/ateliersdeseauxbleues.com\/en\/wp-json\/wp\/v2\/types\/product"}],"replies":[{"embeddable":true,"href":"https:\/\/ateliersdeseauxbleues.com\/en\/wp-json\/wp\/v2\/comments?post=4518"}],"wp:featuredmedia":[{"embeddable":true,"href":"https:\/\/ateliersdeseauxbleues.com\/en\/wp-json\/wp\/v2\/media\/2844"}],"wp:attachment":[{"href":"https:\/\/ateliersdeseauxbleues.com\/en\/wp-json\/wp\/v2\/media?parent=4518"}],"wp:term":[{"taxonomy":"product_brand","embeddable":true,"href":"https:\/\/ateliersdeseauxbleues.com\/en\/wp-json\/wp\/v2\/product_brand?post=4518"},{"taxonomy":"product_cat","embeddable":true,"href":"https:\/\/ateliersdeseauxbleues.com\/en\/wp-json\/wp\/v2\/product_cat?post=4518"},{"taxonomy":"product_tag","embeddable":true,"href":"https:\/\/ateliersdeseauxbleues.com\/en\/wp-json\/wp\/v2\/product_tag?post=4518"}],"curies":[{"name":"wp","href":"https:\/\/api.w.org\/{rel}","templated":true}]}}