{"id":9944,"date":"2019-10-07T15:22:00","date_gmt":"2019-10-07T13:22:00","guid":{"rendered":"https:\/\/ateliersdeseauxbleues.com\/catalogue\/unkategorisiert\/faltbarer-weisser-stock-mit-kleinem-ergonomischem-griff\/"},"modified":"2019-10-07T15:22:00","modified_gmt":"2019-10-07T13:22:00","slug":"faltbarer-weisser-stock-mit-kleinem-ergonomischem-griff","status":"publish","type":"product","link":"https:\/\/ateliersdeseauxbleues.com\/de\/catalogue\/blindenstocke-fur-blinde-und-sehbehinderte\/faltbarer-weisser-stock-mit-kleinem-ergonomischem-griff\/","title":{"rendered":"Faltbarer wei\u00dfer Stock mit kleinem ergonomischem Griff"},"content":{"rendered":"","protected":false},"excerpt":{"rendered":"<p class=\"Puces\"><!-- [if !supportLists]--><span style=\"font-family: Wingdings; color: #aadc49;\">\u00dc<span style=\"font-size: 7pt; line-height: normal; font-family: 'Times New Roman';\">  <\/span><\/span><!--[endif]-->Vollst\u00e4ndig wei\u00df, mit einem <strong>kleinen Griff<\/strong> am oberen Ende, der eine gute Handhabung erleichtert<\/p>\n<p class=\"Puces\"><!-- [if !supportLists]--><span style=\"font-family: Wingdings; color: #aadc49;\">\u00dc<span style=\"font-size: 7pt; line-height: normal; font-family: 'Times New Roman';\">  <\/span><\/span><!--[endif]--><strong>Einstr\u00e4ngiger Gummizug<\/strong> \u2013 f\u00fcr direkten Zugriff<\/p>\n<p class=\"Puces\"><!-- [if !supportLists]--><span style=\"font-family: Wingdings; color: #aadc49;\">\u00dc<span style=\"font: 7pt 'Times New Roman';\">  <\/span><\/span><!--[endif]-->Pluspunkt: M\u00f6glichkeit, die <strong>Spannung <\/strong><strong style=\"text-indent: 0cm;\">des zentralen Gummizugs<\/strong><span style=\"text-indent: 0cm;\"> zu ver\u00e4ndern, indem <\/span>zus\u00e4tzliche Spannung auf einen der beiden Str\u00e4nge der Handschlaufe ausge\u00fcbt wird<\/p>\n<p class=\"Puces\"><!-- [if !supportLists]--><span style=\"font-family: Wingdings; color: #aadc49;\">\u00dc<span style=\"font: 7pt 'Times New Roman';\">  <\/span><\/span><!--[endif]-->Abnehmbarer, nicht schraubbarer Stopfen am Griff, f\u00fcr einen <strong>leichteren Zugang zum zentralen Gummizug<\/strong><\/p>\n","protected":false},"featured_media":2844,"comment_status":"open","ping_status":"closed","template":"","meta":[],"product_brand":[],"product_cat":[234,266,235],"product_tag":[],"class_list":{"0":"post-9944","1":"product","2":"type-product","3":"status-publish","4":"has-post-thumbnail","6":"product_cat-blindenstocke-fur-blinde-und-sehbehinderte","7":"product_cat-faltbare-blindenstocke-mit-kleinem-griff","8":"product_cat-spezielle-blindenstocke","9":"pa_couleurdelacanne-gelb","10":"pa_couleurdelacanne-weis","11":"pa_couleurdelapoignee-auffalliges-grun-vk","12":"pa_couleurdelapoignee-auffalliges-orange-ok","13":"pa_couleurdelapoignee-blau-bc","14":"pa_couleurdelapoignee-gelb-jc","15":"pa_couleurdelapoignee-gelb-schwarz-j","16":"pa_couleurdelapoignee-rosa-rc","17":"pa_couleurdelapoignee-rot-r","18":"pa_couleurdelapoignee-rot-schwarz-ro","19":"pa_couleurdelapoignee-schwarz-zylindrisch-nc","20":"pa_couleurdelapoignee-violett-vi","21":"pa_couleurdelapoignee-weis-schwarz","23":"first","24":"instock","25":"taxable","26":"shipping-taxable","27":"purchasable","28":"product-type-variable","29":"has-default-attributes","30":"wvs-archive-product-wrapper"},"yoast_head":"<!-- This site is optimized with the Yoast SEO plugin v27.2 - https:\/\/yoast.com\/product\/yoast-seo-wordpress\/ -->\n<title>Faltbarer wei\u00dfer Stock mit kleinem ergonomischem Griff - Ateliers des Eaux Bleues<\/title>\n<meta name=\"robots\" content=\"index, follow, max-snippet:-1, max-image-preview:large, max-video-preview:-1\" \/>\n<link rel=\"canonical\" href=\"https:\/\/ateliersdeseauxbleues.com\/de\/catalogue\/blindenstocke-fur-blinde-und-sehbehinderte\/faltbarer-weisser-stock-mit-kleinem-ergonomischem-griff\/\" \/>\n<meta property=\"og:locale\" content=\"de_DE\" \/>\n<meta property=\"og:type\" content=\"article\" \/>\n<meta property=\"og:title\" content=\"Faltbarer wei\u00dfer Stock mit kleinem ergonomischem Griff - Ateliers des Eaux Bleues\" \/>\n<meta property=\"og:description\" content=\"\u00dc Vollst\u00e4ndig wei\u00df, mit einem kleinen Griff am oberen Ende, der eine gute Handhabung erleichtert \u00dc Einstr\u00e4ngiger Gummizug \u2013 f\u00fcr direkten Zugriff \u00dc Pluspunkt: M\u00f6glichkeit, die Spannung des zentralen Gummizugs zu ver\u00e4ndern, indem zus\u00e4tzliche Spannung auf einen der beiden Str\u00e4nge der Handschlaufe ausge\u00fcbt wird \u00dc Abnehmbarer, nicht schraubbarer Stopfen am Griff, f\u00fcr einen leichteren Zugang zum zentralen Gummizug\" \/>\n<meta property=\"og:url\" content=\"https:\/\/ateliersdeseauxbleues.com\/de\/catalogue\/blindenstocke-fur-blinde-und-sehbehinderte\/faltbarer-weisser-stock-mit-kleinem-ergonomischem-griff\/\" \/>\n<meta property=\"og:site_name\" content=\"Ateliers des Eaux Bleues\" \/>\n<meta property=\"og:image\" content=\"https:\/\/ateliersdeseauxbleues.com\/wp-content\/uploads\/2019\/10\/25003_Canne-9_1-scaled.jpg\" \/>\n\t<meta property=\"og:image:width\" content=\"2560\" \/>\n\t<meta property=\"og:image:height\" content=\"2560\" \/>\n\t<meta property=\"og:image:type\" content=\"image\/jpeg\" \/>\n<meta name=\"twitter:card\" content=\"summary_large_image\" \/>\n<script type=\"application\/ld+json\" class=\"yoast-schema-graph\">{\"@context\":\"https:\/\/schema.org\",\"@graph\":[{\"@type\":\"WebPage\",\"@id\":\"https:\/\/ateliersdeseauxbleues.com\/de\/catalogue\/blindenstocke-fur-blinde-und-sehbehinderte\/faltbarer-weisser-stock-mit-kleinem-ergonomischem-griff\/\",\"url\":\"https:\/\/ateliersdeseauxbleues.com\/de\/catalogue\/blindenstocke-fur-blinde-und-sehbehinderte\/faltbarer-weisser-stock-mit-kleinem-ergonomischem-griff\/\",\"name\":\"Faltbarer wei\u00dfer Stock mit kleinem ergonomischem Griff - Ateliers des Eaux Bleues\",\"isPartOf\":{\"@id\":\"https:\/\/ateliersdeseauxbleues.com\/de\/#website\"},\"primaryImageOfPage\":{\"@id\":\"https:\/\/ateliersdeseauxbleues.com\/de\/catalogue\/blindenstocke-fur-blinde-und-sehbehinderte\/faltbarer-weisser-stock-mit-kleinem-ergonomischem-griff\/#primaryimage\"},\"image\":{\"@id\":\"https:\/\/ateliersdeseauxbleues.com\/de\/catalogue\/blindenstocke-fur-blinde-und-sehbehinderte\/faltbarer-weisser-stock-mit-kleinem-ergonomischem-griff\/#primaryimage\"},\"thumbnailUrl\":\"https:\/\/ateliersdeseauxbleues.com\/wp-content\/uploads\/2019\/10\/25003_Canne-9_1-scaled.jpg\",\"datePublished\":\"2019-10-07T13:22:00+00:00\",\"breadcrumb\":{\"@id\":\"https:\/\/ateliersdeseauxbleues.com\/de\/catalogue\/blindenstocke-fur-blinde-und-sehbehinderte\/faltbarer-weisser-stock-mit-kleinem-ergonomischem-griff\/#breadcrumb\"},\"inLanguage\":\"de\",\"potentialAction\":[{\"@type\":\"ReadAction\",\"target\":[\"https:\/\/ateliersdeseauxbleues.com\/de\/catalogue\/blindenstocke-fur-blinde-und-sehbehinderte\/faltbarer-weisser-stock-mit-kleinem-ergonomischem-griff\/\"]}]},{\"@type\":\"ImageObject\",\"inLanguage\":\"de\",\"@id\":\"https:\/\/ateliersdeseauxbleues.com\/de\/catalogue\/blindenstocke-fur-blinde-und-sehbehinderte\/faltbarer-weisser-stock-mit-kleinem-ergonomischem-griff\/#primaryimage\",\"url\":\"https:\/\/ateliersdeseauxbleues.com\/wp-content\/uploads\/2019\/10\/25003_Canne-9_1-scaled.jpg\",\"contentUrl\":\"https:\/\/ateliersdeseauxbleues.com\/wp-content\/uploads\/2019\/10\/25003_Canne-9_1-scaled.jpg\",\"width\":2560,\"height\":2560,\"caption\":\"25003_Canne 9_1\"},{\"@type\":\"BreadcrumbList\",\"@id\":\"https:\/\/ateliersdeseauxbleues.com\/de\/catalogue\/blindenstocke-fur-blinde-und-sehbehinderte\/faltbarer-weisser-stock-mit-kleinem-ergonomischem-griff\/#breadcrumb\",\"itemListElement\":[{\"@type\":\"ListItem\",\"position\":1,\"name\":\"Startseite\",\"item\":\"https:\/\/ateliersdeseauxbleues.com\/de\/ateliers-de-eaux-bleues-herstellung-von-blindenstoecken\/\"},{\"@type\":\"ListItem\",\"position\":2,\"name\":\"Sortiment\",\"item\":\"https:\/\/ateliersdeseauxbleues.com\/de\/sortiment\/\"},{\"@type\":\"ListItem\",\"position\":3,\"name\":\"Faltbarer wei\u00dfer Stock mit kleinem ergonomischem Griff\"}]},{\"@type\":\"WebSite\",\"@id\":\"https:\/\/ateliersdeseauxbleues.com\/de\/#website\",\"url\":\"https:\/\/ateliersdeseauxbleues.com\/de\/\",\"name\":\"Ateliers des Eaux Bleues\",\"description\":\"Ateliers des Eaux Bleues\",\"publisher\":{\"@id\":\"https:\/\/ateliersdeseauxbleues.com\/de\/#organization\"},\"potentialAction\":[{\"@type\":\"SearchAction\",\"target\":{\"@type\":\"EntryPoint\",\"urlTemplate\":\"https:\/\/ateliersdeseauxbleues.com\/de\/?s={search_term_string}\"},\"query-input\":{\"@type\":\"PropertyValueSpecification\",\"valueRequired\":true,\"valueName\":\"search_term_string\"}}],\"inLanguage\":\"de\"},{\"@type\":\"Organization\",\"@id\":\"https:\/\/ateliersdeseauxbleues.com\/de\/#organization\",\"name\":\"Ateliers des Eaux Bleues\",\"url\":\"https:\/\/ateliersdeseauxbleues.com\/de\/\",\"logo\":{\"@type\":\"ImageObject\",\"inLanguage\":\"de\",\"@id\":\"https:\/\/ateliersdeseauxbleues.com\/de\/#\/schema\/logo\/image\/\",\"url\":\"https:\/\/ateliersdeseauxbleues.com\/wp-content\/uploads\/2024\/12\/Logo-atelier-des-eaux-bleues.png\",\"contentUrl\":\"https:\/\/ateliersdeseauxbleues.com\/wp-content\/uploads\/2024\/12\/Logo-atelier-des-eaux-bleues.png\",\"width\":940,\"height\":418,\"caption\":\"Ateliers des Eaux Bleues\"},\"image\":{\"@id\":\"https:\/\/ateliersdeseauxbleues.com\/de\/#\/schema\/logo\/image\/\"}}]}<\/script>\n<!-- \/ Yoast SEO plugin. -->","yoast_head_json":{"title":"Faltbarer wei\u00dfer Stock mit kleinem ergonomischem Griff - Ateliers des Eaux Bleues","robots":{"index":"index","follow":"follow","max-snippet":"max-snippet:-1","max-image-preview":"max-image-preview:large","max-video-preview":"max-video-preview:-1"},"canonical":"https:\/\/ateliersdeseauxbleues.com\/de\/catalogue\/blindenstocke-fur-blinde-und-sehbehinderte\/faltbarer-weisser-stock-mit-kleinem-ergonomischem-griff\/","og_locale":"de_DE","og_type":"article","og_title":"Faltbarer wei\u00dfer Stock mit kleinem ergonomischem Griff - Ateliers des Eaux Bleues","og_description":"\u00dc Vollst\u00e4ndig wei\u00df, mit einem kleinen Griff am oberen Ende, der eine gute Handhabung erleichtert \u00dc Einstr\u00e4ngiger Gummizug \u2013 f\u00fcr direkten Zugriff \u00dc Pluspunkt: M\u00f6glichkeit, die Spannung des zentralen Gummizugs zu ver\u00e4ndern, indem zus\u00e4tzliche Spannung auf einen der beiden Str\u00e4nge der Handschlaufe ausge\u00fcbt wird \u00dc Abnehmbarer, nicht schraubbarer Stopfen am Griff, f\u00fcr einen leichteren Zugang zum zentralen Gummizug","og_url":"https:\/\/ateliersdeseauxbleues.com\/de\/catalogue\/blindenstocke-fur-blinde-und-sehbehinderte\/faltbarer-weisser-stock-mit-kleinem-ergonomischem-griff\/","og_site_name":"Ateliers des Eaux Bleues","og_image":[{"width":2560,"height":2560,"url":"https:\/\/ateliersdeseauxbleues.com\/wp-content\/uploads\/2019\/10\/25003_Canne-9_1-scaled.jpg","type":"image\/jpeg"}],"twitter_card":"summary_large_image","schema":{"@context":"https:\/\/schema.org","@graph":[{"@type":"WebPage","@id":"https:\/\/ateliersdeseauxbleues.com\/de\/catalogue\/blindenstocke-fur-blinde-und-sehbehinderte\/faltbarer-weisser-stock-mit-kleinem-ergonomischem-griff\/","url":"https:\/\/ateliersdeseauxbleues.com\/de\/catalogue\/blindenstocke-fur-blinde-und-sehbehinderte\/faltbarer-weisser-stock-mit-kleinem-ergonomischem-griff\/","name":"Faltbarer wei\u00dfer Stock mit kleinem ergonomischem Griff - Ateliers des Eaux Bleues","isPartOf":{"@id":"https:\/\/ateliersdeseauxbleues.com\/de\/#website"},"primaryImageOfPage":{"@id":"https:\/\/ateliersdeseauxbleues.com\/de\/catalogue\/blindenstocke-fur-blinde-und-sehbehinderte\/faltbarer-weisser-stock-mit-kleinem-ergonomischem-griff\/#primaryimage"},"image":{"@id":"https:\/\/ateliersdeseauxbleues.com\/de\/catalogue\/blindenstocke-fur-blinde-und-sehbehinderte\/faltbarer-weisser-stock-mit-kleinem-ergonomischem-griff\/#primaryimage"},"thumbnailUrl":"https:\/\/ateliersdeseauxbleues.com\/wp-content\/uploads\/2019\/10\/25003_Canne-9_1-scaled.jpg","datePublished":"2019-10-07T13:22:00+00:00","breadcrumb":{"@id":"https:\/\/ateliersdeseauxbleues.com\/de\/catalogue\/blindenstocke-fur-blinde-und-sehbehinderte\/faltbarer-weisser-stock-mit-kleinem-ergonomischem-griff\/#breadcrumb"},"inLanguage":"de","potentialAction":[{"@type":"ReadAction","target":["https:\/\/ateliersdeseauxbleues.com\/de\/catalogue\/blindenstocke-fur-blinde-und-sehbehinderte\/faltbarer-weisser-stock-mit-kleinem-ergonomischem-griff\/"]}]},{"@type":"ImageObject","inLanguage":"de","@id":"https:\/\/ateliersdeseauxbleues.com\/de\/catalogue\/blindenstocke-fur-blinde-und-sehbehinderte\/faltbarer-weisser-stock-mit-kleinem-ergonomischem-griff\/#primaryimage","url":"https:\/\/ateliersdeseauxbleues.com\/wp-content\/uploads\/2019\/10\/25003_Canne-9_1-scaled.jpg","contentUrl":"https:\/\/ateliersdeseauxbleues.com\/wp-content\/uploads\/2019\/10\/25003_Canne-9_1-scaled.jpg","width":2560,"height":2560,"caption":"25003_Canne 9_1"},{"@type":"BreadcrumbList","@id":"https:\/\/ateliersdeseauxbleues.com\/de\/catalogue\/blindenstocke-fur-blinde-und-sehbehinderte\/faltbarer-weisser-stock-mit-kleinem-ergonomischem-griff\/#breadcrumb","itemListElement":[{"@type":"ListItem","position":1,"name":"Startseite","item":"https:\/\/ateliersdeseauxbleues.com\/de\/ateliers-de-eaux-bleues-herstellung-von-blindenstoecken\/"},{"@type":"ListItem","position":2,"name":"Sortiment","item":"https:\/\/ateliersdeseauxbleues.com\/de\/sortiment\/"},{"@type":"ListItem","position":3,"name":"Faltbarer wei\u00dfer Stock mit kleinem ergonomischem Griff"}]},{"@type":"WebSite","@id":"https:\/\/ateliersdeseauxbleues.com\/de\/#website","url":"https:\/\/ateliersdeseauxbleues.com\/de\/","name":"Ateliers des Eaux Bleues","description":"Ateliers des Eaux Bleues","publisher":{"@id":"https:\/\/ateliersdeseauxbleues.com\/de\/#organization"},"potentialAction":[{"@type":"SearchAction","target":{"@type":"EntryPoint","urlTemplate":"https:\/\/ateliersdeseauxbleues.com\/de\/?s={search_term_string}"},"query-input":{"@type":"PropertyValueSpecification","valueRequired":true,"valueName":"search_term_string"}}],"inLanguage":"de"},{"@type":"Organization","@id":"https:\/\/ateliersdeseauxbleues.com\/de\/#organization","name":"Ateliers des Eaux Bleues","url":"https:\/\/ateliersdeseauxbleues.com\/de\/","logo":{"@type":"ImageObject","inLanguage":"de","@id":"https:\/\/ateliersdeseauxbleues.com\/de\/#\/schema\/logo\/image\/","url":"https:\/\/ateliersdeseauxbleues.com\/wp-content\/uploads\/2024\/12\/Logo-atelier-des-eaux-bleues.png","contentUrl":"https:\/\/ateliersdeseauxbleues.com\/wp-content\/uploads\/2024\/12\/Logo-atelier-des-eaux-bleues.png","width":940,"height":418,"caption":"Ateliers des Eaux Bleues"},"image":{"@id":"https:\/\/ateliersdeseauxbleues.com\/de\/#\/schema\/logo\/image\/"}}]}},"_links":{"self":[{"href":"https:\/\/ateliersdeseauxbleues.com\/de\/wp-json\/wp\/v2\/product\/9944","targetHints":{"allow":["GET"]}}],"collection":[{"href":"https:\/\/ateliersdeseauxbleues.com\/de\/wp-json\/wp\/v2\/product"}],"about":[{"href":"https:\/\/ateliersdeseauxbleues.com\/de\/wp-json\/wp\/v2\/types\/product"}],"replies":[{"embeddable":true,"href":"https:\/\/ateliersdeseauxbleues.com\/de\/wp-json\/wp\/v2\/comments?post=9944"}],"wp:featuredmedia":[{"embeddable":true,"href":"https:\/\/ateliersdeseauxbleues.com\/de\/wp-json\/wp\/v2\/media\/2844"}],"wp:attachment":[{"href":"https:\/\/ateliersdeseauxbleues.com\/de\/wp-json\/wp\/v2\/media?parent=9944"}],"wp:term":[{"taxonomy":"product_brand","embeddable":true,"href":"https:\/\/ateliersdeseauxbleues.com\/de\/wp-json\/wp\/v2\/product_brand?post=9944"},{"taxonomy":"product_cat","embeddable":true,"href":"https:\/\/ateliersdeseauxbleues.com\/de\/wp-json\/wp\/v2\/product_cat?post=9944"},{"taxonomy":"product_tag","embeddable":true,"href":"https:\/\/ateliersdeseauxbleues.com\/de\/wp-json\/wp\/v2\/product_tag?post=9944"}],"curies":[{"name":"wp","href":"https:\/\/api.w.org\/{rel}","templated":true}]}}