{"id":9849,"date":"2025-05-20T13:28:37","date_gmt":"2025-05-20T11:28:37","guid":{"rendered":"https:\/\/ateliersdeseauxbleues.com\/catalogue\/unkategorisiert\/weisser-faltstock-mit-stossdaempfer-und-farbigem-griff\/"},"modified":"2026-03-20T12:46:54","modified_gmt":"2026-03-20T11:46:54","slug":"weisser-faltstock-mit-stossdaempfer-und-farbigem-griff","status":"publish","type":"product","link":"https:\/\/ateliersdeseauxbleues.com\/de\/catalogue\/blindenstocke-fur-blinde-und-sehbehinderte\/franzosische-blindenstocke\/weisser-faltstock-mit-stossdaempfer-und-farbigem-griff\/","title":{"rendered":"Wei\u00dfer Faltstock mit Sto\u00dfd\u00e4mpfer und farbigem Griff"},"content":{"rendered":"","protected":false},"excerpt":{"rendered":"<p>Unser brandneuer Stock mit <strong>Sto\u00dfd\u00e4mpfergriff<\/strong>, er zieht sich bei einem Aufprall zur\u00fcck und absorbiert einen Teil davon f\u00fcr mehr Komfort!<\/p>\n<p>Basierend auf einem franz\u00f6sischen Stock finden Sie hier alle Vorteile des Faltstocks, leicht, <strong>reparierbar<\/strong> mit unserem gesamten Sortiment an <strong>austauschbaren Spitzen<\/strong> zu Ihrer Verf\u00fcgung!<\/p>\n<p>Bei dieser Version finden Sie unsere gewohnte Auswahl an farbigen zylindrischen Griffen!<\/p>\n","protected":false},"featured_media":2508,"comment_status":"open","ping_status":"closed","template":"","meta":[],"product_brand":[],"product_cat":[234,238],"product_tag":[],"class_list":{"0":"post-9849","1":"product","2":"type-product","3":"status-publish","4":"has-post-thumbnail","6":"product_cat-blindenstocke-fur-blinde-und-sehbehinderte","7":"product_cat-franzosische-blindenstocke","8":"pa_couleurdelacanne-gelb","9":"pa_couleurdelacanne-weis","10":"pa_couleurdelapoignee-auffalliges-grun-vk","11":"pa_couleurdelapoignee-auffalliges-orange-ok","12":"pa_couleurdelapoignee-blau-bc","13":"pa_couleurdelapoignee-blau-schwarz-b","14":"pa_couleurdelapoignee-gelb-jc","15":"pa_couleurdelapoignee-gelb-schwarz-j","16":"pa_couleurdelapoignee-rosa-rc","17":"pa_couleurdelapoignee-rot-r","18":"pa_couleurdelapoignee-rot-schwarz-ro","19":"pa_couleurdelapoignee-schwarz-zylindrisch-nc","20":"pa_couleurdelapoignee-violett-vi","21":"pa_couleurdelapoignee-weis-schwarz","23":"first","24":"instock","25":"taxable","26":"shipping-taxable","27":"purchasable","28":"product-type-variable","29":"wvs-archive-product-wrapper"},"yoast_head":"<!-- This site is optimized with the Yoast SEO plugin v27.2 - https:\/\/yoast.com\/product\/yoast-seo-wordpress\/ -->\n<title>Wei\u00dfer Faltstock mit Sto\u00dfd\u00e4mpfer und farbigem Griff - Ateliers des Eaux Bleues<\/title>\n<meta name=\"robots\" content=\"index, follow, max-snippet:-1, max-image-preview:large, max-video-preview:-1\" \/>\n<link rel=\"canonical\" href=\"https:\/\/ateliersdeseauxbleues.com\/de\/catalogue\/blindenstocke-fur-blinde-und-sehbehinderte\/franzosische-blindenstocke\/weisser-faltstock-mit-stossdaempfer-und-farbigem-griff\/\" \/>\n<meta property=\"og:locale\" content=\"de_DE\" \/>\n<meta property=\"og:type\" content=\"article\" \/>\n<meta property=\"og:title\" content=\"Wei\u00dfer Faltstock mit Sto\u00dfd\u00e4mpfer und farbigem Griff - Ateliers des Eaux Bleues\" \/>\n<meta property=\"og:description\" content=\"Unser brandneuer Stock mit Sto\u00dfd\u00e4mpfergriff, er zieht sich bei einem Aufprall zur\u00fcck und absorbiert einen Teil davon f\u00fcr mehr Komfort! Basierend auf einem franz\u00f6sischen Stock finden Sie hier alle Vorteile des Faltstocks, leicht, reparierbar mit unserem gesamten Sortiment an austauschbaren Spitzen zu Ihrer Verf\u00fcgung! Bei dieser Version finden Sie unsere gewohnte Auswahl an farbigen zylindrischen Griffen!\" \/>\n<meta property=\"og:url\" content=\"https:\/\/ateliersdeseauxbleues.com\/de\/catalogue\/blindenstocke-fur-blinde-und-sehbehinderte\/franzosische-blindenstocke\/weisser-faltstock-mit-stossdaempfer-und-farbigem-griff\/\" \/>\n<meta property=\"og:site_name\" content=\"Ateliers des Eaux Bleues\" \/>\n<meta property=\"article:modified_time\" content=\"2026-03-20T11:46:54+00:00\" \/>\n<meta property=\"og:image\" content=\"https:\/\/ateliersdeseauxbleues.com\/wp-content\/uploads\/2025\/03\/25003_Canne-10_2-scaled.jpg\" \/>\n\t<meta property=\"og:image:width\" content=\"2560\" \/>\n\t<meta property=\"og:image:height\" content=\"2560\" \/>\n\t<meta property=\"og:image:type\" content=\"image\/jpeg\" \/>\n<meta name=\"twitter:card\" content=\"summary_large_image\" \/>\n<script type=\"application\/ld+json\" class=\"yoast-schema-graph\">{\"@context\":\"https:\/\/schema.org\",\"@graph\":[{\"@type\":\"WebPage\",\"@id\":\"https:\/\/ateliersdeseauxbleues.com\/de\/catalogue\/blindenstocke-fur-blinde-und-sehbehinderte\/franzosische-blindenstocke\/weisser-faltstock-mit-stossdaempfer-und-farbigem-griff\/\",\"url\":\"https:\/\/ateliersdeseauxbleues.com\/de\/catalogue\/blindenstocke-fur-blinde-und-sehbehinderte\/franzosische-blindenstocke\/weisser-faltstock-mit-stossdaempfer-und-farbigem-griff\/\",\"name\":\"Wei\u00dfer Faltstock mit Sto\u00dfd\u00e4mpfer und farbigem Griff - Ateliers des Eaux Bleues\",\"isPartOf\":{\"@id\":\"https:\/\/ateliersdeseauxbleues.com\/de\/#website\"},\"primaryImageOfPage\":{\"@id\":\"https:\/\/ateliersdeseauxbleues.com\/de\/catalogue\/blindenstocke-fur-blinde-und-sehbehinderte\/franzosische-blindenstocke\/weisser-faltstock-mit-stossdaempfer-und-farbigem-griff\/#primaryimage\"},\"image\":{\"@id\":\"https:\/\/ateliersdeseauxbleues.com\/de\/catalogue\/blindenstocke-fur-blinde-und-sehbehinderte\/franzosische-blindenstocke\/weisser-faltstock-mit-stossdaempfer-und-farbigem-griff\/#primaryimage\"},\"thumbnailUrl\":\"https:\/\/ateliersdeseauxbleues.com\/wp-content\/uploads\/2025\/03\/25003_Canne-10_2-scaled.jpg\",\"datePublished\":\"2025-05-20T11:28:37+00:00\",\"dateModified\":\"2026-03-20T11:46:54+00:00\",\"breadcrumb\":{\"@id\":\"https:\/\/ateliersdeseauxbleues.com\/de\/catalogue\/blindenstocke-fur-blinde-und-sehbehinderte\/franzosische-blindenstocke\/weisser-faltstock-mit-stossdaempfer-und-farbigem-griff\/#breadcrumb\"},\"inLanguage\":\"de\",\"potentialAction\":[{\"@type\":\"ReadAction\",\"target\":[\"https:\/\/ateliersdeseauxbleues.com\/de\/catalogue\/blindenstocke-fur-blinde-und-sehbehinderte\/franzosische-blindenstocke\/weisser-faltstock-mit-stossdaempfer-und-farbigem-griff\/\"]}]},{\"@type\":\"ImageObject\",\"inLanguage\":\"de\",\"@id\":\"https:\/\/ateliersdeseauxbleues.com\/de\/catalogue\/blindenstocke-fur-blinde-und-sehbehinderte\/franzosische-blindenstocke\/weisser-faltstock-mit-stossdaempfer-und-farbigem-griff\/#primaryimage\",\"url\":\"https:\/\/ateliersdeseauxbleues.com\/wp-content\/uploads\/2025\/03\/25003_Canne-10_2-scaled.jpg\",\"contentUrl\":\"https:\/\/ateliersdeseauxbleues.com\/wp-content\/uploads\/2025\/03\/25003_Canne-10_2-scaled.jpg\",\"width\":2560,\"height\":2560},{\"@type\":\"BreadcrumbList\",\"@id\":\"https:\/\/ateliersdeseauxbleues.com\/de\/catalogue\/blindenstocke-fur-blinde-und-sehbehinderte\/franzosische-blindenstocke\/weisser-faltstock-mit-stossdaempfer-und-farbigem-griff\/#breadcrumb\",\"itemListElement\":[{\"@type\":\"ListItem\",\"position\":1,\"name\":\"Startseite\",\"item\":\"https:\/\/ateliersdeseauxbleues.com\/de\/ateliers-de-eaux-bleues-herstellung-von-blindenstoecken\/\"},{\"@type\":\"ListItem\",\"position\":2,\"name\":\"Sortiment\",\"item\":\"https:\/\/ateliersdeseauxbleues.com\/de\/sortiment\/\"},{\"@type\":\"ListItem\",\"position\":3,\"name\":\"Blindenst\u00f6cke f\u00fcr Blinde und Sehbehinderte\",\"item\":\"https:\/\/ateliersdeseauxbleues.com\/de\/categorie-produit\/blindenstocke-fur-blinde-und-sehbehinderte\/\"},{\"@type\":\"ListItem\",\"position\":4,\"name\":\"Wei\u00dfer Faltstock mit Sto\u00dfd\u00e4mpfer und farbigem Griff\"}]},{\"@type\":\"WebSite\",\"@id\":\"https:\/\/ateliersdeseauxbleues.com\/de\/#website\",\"url\":\"https:\/\/ateliersdeseauxbleues.com\/de\/\",\"name\":\"Ateliers des Eaux Bleues\",\"description\":\"Ateliers des Eaux Bleues\",\"publisher\":{\"@id\":\"https:\/\/ateliersdeseauxbleues.com\/de\/#organization\"},\"potentialAction\":[{\"@type\":\"SearchAction\",\"target\":{\"@type\":\"EntryPoint\",\"urlTemplate\":\"https:\/\/ateliersdeseauxbleues.com\/de\/?s={search_term_string}\"},\"query-input\":{\"@type\":\"PropertyValueSpecification\",\"valueRequired\":true,\"valueName\":\"search_term_string\"}}],\"inLanguage\":\"de\"},{\"@type\":\"Organization\",\"@id\":\"https:\/\/ateliersdeseauxbleues.com\/de\/#organization\",\"name\":\"Ateliers des Eaux Bleues\",\"url\":\"https:\/\/ateliersdeseauxbleues.com\/de\/\",\"logo\":{\"@type\":\"ImageObject\",\"inLanguage\":\"de\",\"@id\":\"https:\/\/ateliersdeseauxbleues.com\/de\/#\/schema\/logo\/image\/\",\"url\":\"https:\/\/ateliersdeseauxbleues.com\/wp-content\/uploads\/2024\/12\/Logo-atelier-des-eaux-bleues.png\",\"contentUrl\":\"https:\/\/ateliersdeseauxbleues.com\/wp-content\/uploads\/2024\/12\/Logo-atelier-des-eaux-bleues.png\",\"width\":940,\"height\":418,\"caption\":\"Ateliers des Eaux Bleues\"},\"image\":{\"@id\":\"https:\/\/ateliersdeseauxbleues.com\/de\/#\/schema\/logo\/image\/\"}}]}<\/script>\n<!-- \/ Yoast SEO plugin. -->","yoast_head_json":{"title":"Wei\u00dfer Faltstock mit Sto\u00dfd\u00e4mpfer und farbigem Griff - Ateliers des Eaux Bleues","robots":{"index":"index","follow":"follow","max-snippet":"max-snippet:-1","max-image-preview":"max-image-preview:large","max-video-preview":"max-video-preview:-1"},"canonical":"https:\/\/ateliersdeseauxbleues.com\/de\/catalogue\/blindenstocke-fur-blinde-und-sehbehinderte\/franzosische-blindenstocke\/weisser-faltstock-mit-stossdaempfer-und-farbigem-griff\/","og_locale":"de_DE","og_type":"article","og_title":"Wei\u00dfer Faltstock mit Sto\u00dfd\u00e4mpfer und farbigem Griff - Ateliers des Eaux Bleues","og_description":"Unser brandneuer Stock mit Sto\u00dfd\u00e4mpfergriff, er zieht sich bei einem Aufprall zur\u00fcck und absorbiert einen Teil davon f\u00fcr mehr Komfort! Basierend auf einem franz\u00f6sischen Stock finden Sie hier alle Vorteile des Faltstocks, leicht, reparierbar mit unserem gesamten Sortiment an austauschbaren Spitzen zu Ihrer Verf\u00fcgung! Bei dieser Version finden Sie unsere gewohnte Auswahl an farbigen zylindrischen Griffen!","og_url":"https:\/\/ateliersdeseauxbleues.com\/de\/catalogue\/blindenstocke-fur-blinde-und-sehbehinderte\/franzosische-blindenstocke\/weisser-faltstock-mit-stossdaempfer-und-farbigem-griff\/","og_site_name":"Ateliers des Eaux Bleues","article_modified_time":"2026-03-20T11:46:54+00:00","og_image":[{"width":2560,"height":2560,"url":"https:\/\/ateliersdeseauxbleues.com\/wp-content\/uploads\/2025\/03\/25003_Canne-10_2-scaled.jpg","type":"image\/jpeg"}],"twitter_card":"summary_large_image","schema":{"@context":"https:\/\/schema.org","@graph":[{"@type":"WebPage","@id":"https:\/\/ateliersdeseauxbleues.com\/de\/catalogue\/blindenstocke-fur-blinde-und-sehbehinderte\/franzosische-blindenstocke\/weisser-faltstock-mit-stossdaempfer-und-farbigem-griff\/","url":"https:\/\/ateliersdeseauxbleues.com\/de\/catalogue\/blindenstocke-fur-blinde-und-sehbehinderte\/franzosische-blindenstocke\/weisser-faltstock-mit-stossdaempfer-und-farbigem-griff\/","name":"Wei\u00dfer Faltstock mit Sto\u00dfd\u00e4mpfer und farbigem Griff - Ateliers des Eaux Bleues","isPartOf":{"@id":"https:\/\/ateliersdeseauxbleues.com\/de\/#website"},"primaryImageOfPage":{"@id":"https:\/\/ateliersdeseauxbleues.com\/de\/catalogue\/blindenstocke-fur-blinde-und-sehbehinderte\/franzosische-blindenstocke\/weisser-faltstock-mit-stossdaempfer-und-farbigem-griff\/#primaryimage"},"image":{"@id":"https:\/\/ateliersdeseauxbleues.com\/de\/catalogue\/blindenstocke-fur-blinde-und-sehbehinderte\/franzosische-blindenstocke\/weisser-faltstock-mit-stossdaempfer-und-farbigem-griff\/#primaryimage"},"thumbnailUrl":"https:\/\/ateliersdeseauxbleues.com\/wp-content\/uploads\/2025\/03\/25003_Canne-10_2-scaled.jpg","datePublished":"2025-05-20T11:28:37+00:00","dateModified":"2026-03-20T11:46:54+00:00","breadcrumb":{"@id":"https:\/\/ateliersdeseauxbleues.com\/de\/catalogue\/blindenstocke-fur-blinde-und-sehbehinderte\/franzosische-blindenstocke\/weisser-faltstock-mit-stossdaempfer-und-farbigem-griff\/#breadcrumb"},"inLanguage":"de","potentialAction":[{"@type":"ReadAction","target":["https:\/\/ateliersdeseauxbleues.com\/de\/catalogue\/blindenstocke-fur-blinde-und-sehbehinderte\/franzosische-blindenstocke\/weisser-faltstock-mit-stossdaempfer-und-farbigem-griff\/"]}]},{"@type":"ImageObject","inLanguage":"de","@id":"https:\/\/ateliersdeseauxbleues.com\/de\/catalogue\/blindenstocke-fur-blinde-und-sehbehinderte\/franzosische-blindenstocke\/weisser-faltstock-mit-stossdaempfer-und-farbigem-griff\/#primaryimage","url":"https:\/\/ateliersdeseauxbleues.com\/wp-content\/uploads\/2025\/03\/25003_Canne-10_2-scaled.jpg","contentUrl":"https:\/\/ateliersdeseauxbleues.com\/wp-content\/uploads\/2025\/03\/25003_Canne-10_2-scaled.jpg","width":2560,"height":2560},{"@type":"BreadcrumbList","@id":"https:\/\/ateliersdeseauxbleues.com\/de\/catalogue\/blindenstocke-fur-blinde-und-sehbehinderte\/franzosische-blindenstocke\/weisser-faltstock-mit-stossdaempfer-und-farbigem-griff\/#breadcrumb","itemListElement":[{"@type":"ListItem","position":1,"name":"Startseite","item":"https:\/\/ateliersdeseauxbleues.com\/de\/ateliers-de-eaux-bleues-herstellung-von-blindenstoecken\/"},{"@type":"ListItem","position":2,"name":"Sortiment","item":"https:\/\/ateliersdeseauxbleues.com\/de\/sortiment\/"},{"@type":"ListItem","position":3,"name":"Blindenst\u00f6cke f\u00fcr Blinde und Sehbehinderte","item":"https:\/\/ateliersdeseauxbleues.com\/de\/categorie-produit\/blindenstocke-fur-blinde-und-sehbehinderte\/"},{"@type":"ListItem","position":4,"name":"Wei\u00dfer Faltstock mit Sto\u00dfd\u00e4mpfer und farbigem Griff"}]},{"@type":"WebSite","@id":"https:\/\/ateliersdeseauxbleues.com\/de\/#website","url":"https:\/\/ateliersdeseauxbleues.com\/de\/","name":"Ateliers des Eaux Bleues","description":"Ateliers des Eaux Bleues","publisher":{"@id":"https:\/\/ateliersdeseauxbleues.com\/de\/#organization"},"potentialAction":[{"@type":"SearchAction","target":{"@type":"EntryPoint","urlTemplate":"https:\/\/ateliersdeseauxbleues.com\/de\/?s={search_term_string}"},"query-input":{"@type":"PropertyValueSpecification","valueRequired":true,"valueName":"search_term_string"}}],"inLanguage":"de"},{"@type":"Organization","@id":"https:\/\/ateliersdeseauxbleues.com\/de\/#organization","name":"Ateliers des Eaux Bleues","url":"https:\/\/ateliersdeseauxbleues.com\/de\/","logo":{"@type":"ImageObject","inLanguage":"de","@id":"https:\/\/ateliersdeseauxbleues.com\/de\/#\/schema\/logo\/image\/","url":"https:\/\/ateliersdeseauxbleues.com\/wp-content\/uploads\/2024\/12\/Logo-atelier-des-eaux-bleues.png","contentUrl":"https:\/\/ateliersdeseauxbleues.com\/wp-content\/uploads\/2024\/12\/Logo-atelier-des-eaux-bleues.png","width":940,"height":418,"caption":"Ateliers des Eaux Bleues"},"image":{"@id":"https:\/\/ateliersdeseauxbleues.com\/de\/#\/schema\/logo\/image\/"}}]}},"_links":{"self":[{"href":"https:\/\/ateliersdeseauxbleues.com\/de\/wp-json\/wp\/v2\/product\/9849","targetHints":{"allow":["GET"]}}],"collection":[{"href":"https:\/\/ateliersdeseauxbleues.com\/de\/wp-json\/wp\/v2\/product"}],"about":[{"href":"https:\/\/ateliersdeseauxbleues.com\/de\/wp-json\/wp\/v2\/types\/product"}],"replies":[{"embeddable":true,"href":"https:\/\/ateliersdeseauxbleues.com\/de\/wp-json\/wp\/v2\/comments?post=9849"}],"wp:featuredmedia":[{"embeddable":true,"href":"https:\/\/ateliersdeseauxbleues.com\/de\/wp-json\/wp\/v2\/media\/2508"}],"wp:attachment":[{"href":"https:\/\/ateliersdeseauxbleues.com\/de\/wp-json\/wp\/v2\/media?parent=9849"}],"wp:term":[{"taxonomy":"product_brand","embeddable":true,"href":"https:\/\/ateliersdeseauxbleues.com\/de\/wp-json\/wp\/v2\/product_brand?post=9849"},{"taxonomy":"product_cat","embeddable":true,"href":"https:\/\/ateliersdeseauxbleues.com\/de\/wp-json\/wp\/v2\/product_cat?post=9849"},{"taxonomy":"product_tag","embeddable":true,"href":"https:\/\/ateliersdeseauxbleues.com\/de\/wp-json\/wp\/v2\/product_tag?post=9849"}],"curies":[{"name":"wp","href":"https:\/\/api.w.org\/{rel}","templated":true}]}}