{"id":9798,"date":"2019-10-08T09:31:32","date_gmt":"2019-10-08T07:31:32","guid":{"rendered":"https:\/\/ateliersdeseauxbleues.com\/catalogue\/unkategorisiert\/caneflex-verstellbarer-langstock-ergonomischer-griff\/"},"modified":"2026-03-20T12:45:39","modified_gmt":"2026-03-20T11:45:39","slug":"caneflex-verstellbarer-langstock-ergonomischer-griff","status":"publish","type":"product","link":"https:\/\/ateliersdeseauxbleues.com\/de\/catalogue\/blindenstocke-fur-blinde-und-sehbehinderte\/caneflex-verstellbarer-langstock-ergonomischer-griff\/","title":{"rendered":"CaneFlex verstellbarer Langstock \u2013 ergonomischer Griff"},"content":{"rendered":"","protected":false},"excerpt":{"rendered":"<p>CaneFlex ist unser <strong>neuestes Modell.<\/strong> Er ist sowohl <strong>faltbar als auch h\u00f6henverstellbar!<\/strong> <\/p>\n<p>Dieser Stock wurde f\u00fcr <strong>Kinder im Wachstum und f\u00fcr Mobilit\u00e4tstrainer<\/strong> entwickelt, die ihn an ihre Bed\u00fcrfnisse anpassen k\u00f6nnen. Zur schnellen H\u00f6henverstellung des Gleitst\u00fccks verf\u00fcgt er \u00fcber einen Verschluss, der dem von Nordic-Walking-St\u00f6cken entspricht. Basierend auf dem franz\u00f6sischen Stock \u00fcbernimmt er all dessen beste Innovationen. Die Rohre sind einbrennlackiert, um eine bessere Farbbest\u00e4ndigkeit und Sto\u00dffestigkeit zu gew\u00e4hrleisten.   <\/p>\n<p>Diese Version wird mit einem <strong>ergonomischen Griff<\/strong> angeboten, der eine bessere Griffigkeit erm\u00f6glicht. Durch die Ber\u00fccksichtigung der Anatomie von Hand und Handgelenk wird die <strong>Erm\u00fcdung verringert<\/strong> und <strong>der Impuls beim Pendeln erleichtert.<\/strong> <\/p>\n<p>In drei Gr\u00f6\u00dfen erh\u00e4ltlich: S, M, L.<\/p>\n","protected":false},"featured_media":2835,"comment_status":"open","ping_status":"closed","template":"","meta":[],"product_brand":[],"product_cat":[234,238],"product_tag":[],"class_list":{"0":"post-9798","1":"product","2":"type-product","3":"status-publish","4":"has-post-thumbnail","6":"product_cat-blindenstocke-fur-blinde-und-sehbehinderte","7":"product_cat-franzosische-blindenstocke","8":"pa_couleurdelacanne-gelb","9":"pa_couleurdelacanne-weis","10":"pa_couleurdelapoignee-auffalliges-grun-vk","11":"pa_couleurdelapoignee-auffalliges-orange-ok","12":"pa_couleurdelapoignee-blau-bc","13":"pa_couleurdelapoignee-gelb-jc","14":"pa_couleurdelapoignee-gelb-schwarz-j","15":"pa_couleurdelapoignee-rosa-rc","16":"pa_couleurdelapoignee-rot-r","17":"pa_couleurdelapoignee-rot-schwarz-ro","18":"pa_couleurdelapoignee-schwarz-zylindrisch-nc","19":"pa_couleurdelapoignee-violett-vi","20":"pa_couleurdelapoignee-weis-schwarz","21":"pa_couleurdelapoignee-weis-abgeflacht-bl","23":"first","24":"instock","25":"taxable","26":"shipping-taxable","27":"purchasable","28":"product-type-variable","29":"has-default-attributes","30":"wvs-archive-product-wrapper"},"yoast_head":"<!-- This site is optimized with the Yoast SEO plugin v27.2 - https:\/\/yoast.com\/product\/yoast-seo-wordpress\/ -->\n<title>CaneFlex verstellbarer Langstock \u2013 ergonomischer Griff - Ateliers des Eaux Bleues<\/title>\n<meta name=\"robots\" content=\"index, follow, max-snippet:-1, max-image-preview:large, max-video-preview:-1\" \/>\n<link rel=\"canonical\" href=\"https:\/\/ateliersdeseauxbleues.com\/de\/catalogue\/blindenstocke-fur-blinde-und-sehbehinderte\/caneflex-verstellbarer-langstock-ergonomischer-griff\/\" \/>\n<meta property=\"og:locale\" content=\"de_DE\" \/>\n<meta property=\"og:type\" content=\"article\" \/>\n<meta property=\"og:title\" content=\"CaneFlex verstellbarer Langstock \u2013 ergonomischer Griff - Ateliers des Eaux Bleues\" \/>\n<meta property=\"og:description\" content=\"CaneFlex ist unser neuestes Modell. Er ist sowohl faltbar als auch h\u00f6henverstellbar!  Dieser Stock wurde f\u00fcr Kinder im Wachstum und f\u00fcr Mobilit\u00e4tstrainer entwickelt, die ihn an ihre Bed\u00fcrfnisse anpassen k\u00f6nnen. Zur schnellen H\u00f6henverstellung des Gleitst\u00fccks verf\u00fcgt er \u00fcber einen Verschluss, der dem von Nordic-Walking-St\u00f6cken entspricht. Basierend auf dem franz\u00f6sischen Stock \u00fcbernimmt er all dessen beste Innovationen. Die Rohre sind einbrennlackiert, um eine bessere Farbbest\u00e4ndigkeit und Sto\u00dffestigkeit zu gew\u00e4hrleisten.   Diese Version wird mit einem ergonomischen Griff angeboten, der eine bessere Griffigkeit erm\u00f6glicht. Durch die Ber\u00fccksichtigung der Anatomie von Hand und Handgelenk wird die Erm\u00fcdung verringert und der Impuls beim Pendeln erleichtert.  In drei Gr\u00f6\u00dfen erh\u00e4ltlich: S, M, L.\" \/>\n<meta property=\"og:url\" content=\"https:\/\/ateliersdeseauxbleues.com\/de\/catalogue\/blindenstocke-fur-blinde-und-sehbehinderte\/caneflex-verstellbarer-langstock-ergonomischer-griff\/\" \/>\n<meta property=\"og:site_name\" content=\"Ateliers des Eaux Bleues\" \/>\n<meta property=\"article:modified_time\" content=\"2026-03-20T11:45:39+00:00\" \/>\n<meta property=\"og:image\" content=\"https:\/\/ateliersdeseauxbleues.com\/wp-content\/uploads\/2019\/10\/25003_Canne-CFC_2-scaled.jpg\" \/>\n\t<meta property=\"og:image:width\" content=\"2560\" \/>\n\t<meta property=\"og:image:height\" content=\"2560\" \/>\n\t<meta property=\"og:image:type\" content=\"image\/jpeg\" \/>\n<meta name=\"twitter:card\" content=\"summary_large_image\" \/>\n<script type=\"application\/ld+json\" class=\"yoast-schema-graph\">{\"@context\":\"https:\/\/schema.org\",\"@graph\":[{\"@type\":\"WebPage\",\"@id\":\"https:\/\/ateliersdeseauxbleues.com\/de\/catalogue\/blindenstocke-fur-blinde-und-sehbehinderte\/caneflex-verstellbarer-langstock-ergonomischer-griff\/\",\"url\":\"https:\/\/ateliersdeseauxbleues.com\/de\/catalogue\/blindenstocke-fur-blinde-und-sehbehinderte\/caneflex-verstellbarer-langstock-ergonomischer-griff\/\",\"name\":\"CaneFlex verstellbarer Langstock \u2013 ergonomischer Griff - Ateliers des Eaux Bleues\",\"isPartOf\":{\"@id\":\"https:\/\/ateliersdeseauxbleues.com\/de\/#website\"},\"primaryImageOfPage\":{\"@id\":\"https:\/\/ateliersdeseauxbleues.com\/de\/catalogue\/blindenstocke-fur-blinde-und-sehbehinderte\/caneflex-verstellbarer-langstock-ergonomischer-griff\/#primaryimage\"},\"image\":{\"@id\":\"https:\/\/ateliersdeseauxbleues.com\/de\/catalogue\/blindenstocke-fur-blinde-und-sehbehinderte\/caneflex-verstellbarer-langstock-ergonomischer-griff\/#primaryimage\"},\"thumbnailUrl\":\"https:\/\/ateliersdeseauxbleues.com\/wp-content\/uploads\/2019\/10\/25003_Canne-CFC_2-scaled.jpg\",\"datePublished\":\"2019-10-08T07:31:32+00:00\",\"dateModified\":\"2026-03-20T11:45:39+00:00\",\"breadcrumb\":{\"@id\":\"https:\/\/ateliersdeseauxbleues.com\/de\/catalogue\/blindenstocke-fur-blinde-und-sehbehinderte\/caneflex-verstellbarer-langstock-ergonomischer-griff\/#breadcrumb\"},\"inLanguage\":\"de\",\"potentialAction\":[{\"@type\":\"ReadAction\",\"target\":[\"https:\/\/ateliersdeseauxbleues.com\/de\/catalogue\/blindenstocke-fur-blinde-und-sehbehinderte\/caneflex-verstellbarer-langstock-ergonomischer-griff\/\"]}]},{\"@type\":\"ImageObject\",\"inLanguage\":\"de\",\"@id\":\"https:\/\/ateliersdeseauxbleues.com\/de\/catalogue\/blindenstocke-fur-blinde-und-sehbehinderte\/caneflex-verstellbarer-langstock-ergonomischer-griff\/#primaryimage\",\"url\":\"https:\/\/ateliersdeseauxbleues.com\/wp-content\/uploads\/2019\/10\/25003_Canne-CFC_2-scaled.jpg\",\"contentUrl\":\"https:\/\/ateliersdeseauxbleues.com\/wp-content\/uploads\/2019\/10\/25003_Canne-CFC_2-scaled.jpg\",\"width\":2560,\"height\":2560,\"caption\":\"25003_Canne CFC_2\"},{\"@type\":\"BreadcrumbList\",\"@id\":\"https:\/\/ateliersdeseauxbleues.com\/de\/catalogue\/blindenstocke-fur-blinde-und-sehbehinderte\/caneflex-verstellbarer-langstock-ergonomischer-griff\/#breadcrumb\",\"itemListElement\":[{\"@type\":\"ListItem\",\"position\":1,\"name\":\"Startseite\",\"item\":\"https:\/\/ateliersdeseauxbleues.com\/de\/ateliers-de-eaux-bleues-herstellung-von-blindenstoecken\/\"},{\"@type\":\"ListItem\",\"position\":2,\"name\":\"Sortiment\",\"item\":\"https:\/\/ateliersdeseauxbleues.com\/de\/sortiment\/\"},{\"@type\":\"ListItem\",\"position\":3,\"name\":\"Blindenst\u00f6cke f\u00fcr Blinde und Sehbehinderte\",\"item\":\"https:\/\/ateliersdeseauxbleues.com\/de\/categorie-produit\/blindenstocke-fur-blinde-und-sehbehinderte\/\"},{\"@type\":\"ListItem\",\"position\":4,\"name\":\"CaneFlex verstellbarer Langstock \u2013 ergonomischer Griff\"}]},{\"@type\":\"WebSite\",\"@id\":\"https:\/\/ateliersdeseauxbleues.com\/de\/#website\",\"url\":\"https:\/\/ateliersdeseauxbleues.com\/de\/\",\"name\":\"Ateliers des Eaux Bleues\",\"description\":\"Ateliers des Eaux Bleues\",\"publisher\":{\"@id\":\"https:\/\/ateliersdeseauxbleues.com\/de\/#organization\"},\"potentialAction\":[{\"@type\":\"SearchAction\",\"target\":{\"@type\":\"EntryPoint\",\"urlTemplate\":\"https:\/\/ateliersdeseauxbleues.com\/de\/?s={search_term_string}\"},\"query-input\":{\"@type\":\"PropertyValueSpecification\",\"valueRequired\":true,\"valueName\":\"search_term_string\"}}],\"inLanguage\":\"de\"},{\"@type\":\"Organization\",\"@id\":\"https:\/\/ateliersdeseauxbleues.com\/de\/#organization\",\"name\":\"Ateliers des Eaux Bleues\",\"url\":\"https:\/\/ateliersdeseauxbleues.com\/de\/\",\"logo\":{\"@type\":\"ImageObject\",\"inLanguage\":\"de\",\"@id\":\"https:\/\/ateliersdeseauxbleues.com\/de\/#\/schema\/logo\/image\/\",\"url\":\"https:\/\/ateliersdeseauxbleues.com\/wp-content\/uploads\/2024\/12\/Logo-atelier-des-eaux-bleues.png\",\"contentUrl\":\"https:\/\/ateliersdeseauxbleues.com\/wp-content\/uploads\/2024\/12\/Logo-atelier-des-eaux-bleues.png\",\"width\":940,\"height\":418,\"caption\":\"Ateliers des Eaux Bleues\"},\"image\":{\"@id\":\"https:\/\/ateliersdeseauxbleues.com\/de\/#\/schema\/logo\/image\/\"}}]}<\/script>\n<!-- \/ Yoast SEO plugin. -->","yoast_head_json":{"title":"CaneFlex verstellbarer Langstock \u2013 ergonomischer Griff - Ateliers des Eaux Bleues","robots":{"index":"index","follow":"follow","max-snippet":"max-snippet:-1","max-image-preview":"max-image-preview:large","max-video-preview":"max-video-preview:-1"},"canonical":"https:\/\/ateliersdeseauxbleues.com\/de\/catalogue\/blindenstocke-fur-blinde-und-sehbehinderte\/caneflex-verstellbarer-langstock-ergonomischer-griff\/","og_locale":"de_DE","og_type":"article","og_title":"CaneFlex verstellbarer Langstock \u2013 ergonomischer Griff - Ateliers des Eaux Bleues","og_description":"CaneFlex ist unser neuestes Modell. Er ist sowohl faltbar als auch h\u00f6henverstellbar!  Dieser Stock wurde f\u00fcr Kinder im Wachstum und f\u00fcr Mobilit\u00e4tstrainer entwickelt, die ihn an ihre Bed\u00fcrfnisse anpassen k\u00f6nnen. Zur schnellen H\u00f6henverstellung des Gleitst\u00fccks verf\u00fcgt er \u00fcber einen Verschluss, der dem von Nordic-Walking-St\u00f6cken entspricht. Basierend auf dem franz\u00f6sischen Stock \u00fcbernimmt er all dessen beste Innovationen. Die Rohre sind einbrennlackiert, um eine bessere Farbbest\u00e4ndigkeit und Sto\u00dffestigkeit zu gew\u00e4hrleisten.   Diese Version wird mit einem ergonomischen Griff angeboten, der eine bessere Griffigkeit erm\u00f6glicht. Durch die Ber\u00fccksichtigung der Anatomie von Hand und Handgelenk wird die Erm\u00fcdung verringert und der Impuls beim Pendeln erleichtert.  In drei Gr\u00f6\u00dfen erh\u00e4ltlich: S, M, L.","og_url":"https:\/\/ateliersdeseauxbleues.com\/de\/catalogue\/blindenstocke-fur-blinde-und-sehbehinderte\/caneflex-verstellbarer-langstock-ergonomischer-griff\/","og_site_name":"Ateliers des Eaux Bleues","article_modified_time":"2026-03-20T11:45:39+00:00","og_image":[{"width":2560,"height":2560,"url":"https:\/\/ateliersdeseauxbleues.com\/wp-content\/uploads\/2019\/10\/25003_Canne-CFC_2-scaled.jpg","type":"image\/jpeg"}],"twitter_card":"summary_large_image","schema":{"@context":"https:\/\/schema.org","@graph":[{"@type":"WebPage","@id":"https:\/\/ateliersdeseauxbleues.com\/de\/catalogue\/blindenstocke-fur-blinde-und-sehbehinderte\/caneflex-verstellbarer-langstock-ergonomischer-griff\/","url":"https:\/\/ateliersdeseauxbleues.com\/de\/catalogue\/blindenstocke-fur-blinde-und-sehbehinderte\/caneflex-verstellbarer-langstock-ergonomischer-griff\/","name":"CaneFlex verstellbarer Langstock \u2013 ergonomischer Griff - Ateliers des Eaux Bleues","isPartOf":{"@id":"https:\/\/ateliersdeseauxbleues.com\/de\/#website"},"primaryImageOfPage":{"@id":"https:\/\/ateliersdeseauxbleues.com\/de\/catalogue\/blindenstocke-fur-blinde-und-sehbehinderte\/caneflex-verstellbarer-langstock-ergonomischer-griff\/#primaryimage"},"image":{"@id":"https:\/\/ateliersdeseauxbleues.com\/de\/catalogue\/blindenstocke-fur-blinde-und-sehbehinderte\/caneflex-verstellbarer-langstock-ergonomischer-griff\/#primaryimage"},"thumbnailUrl":"https:\/\/ateliersdeseauxbleues.com\/wp-content\/uploads\/2019\/10\/25003_Canne-CFC_2-scaled.jpg","datePublished":"2019-10-08T07:31:32+00:00","dateModified":"2026-03-20T11:45:39+00:00","breadcrumb":{"@id":"https:\/\/ateliersdeseauxbleues.com\/de\/catalogue\/blindenstocke-fur-blinde-und-sehbehinderte\/caneflex-verstellbarer-langstock-ergonomischer-griff\/#breadcrumb"},"inLanguage":"de","potentialAction":[{"@type":"ReadAction","target":["https:\/\/ateliersdeseauxbleues.com\/de\/catalogue\/blindenstocke-fur-blinde-und-sehbehinderte\/caneflex-verstellbarer-langstock-ergonomischer-griff\/"]}]},{"@type":"ImageObject","inLanguage":"de","@id":"https:\/\/ateliersdeseauxbleues.com\/de\/catalogue\/blindenstocke-fur-blinde-und-sehbehinderte\/caneflex-verstellbarer-langstock-ergonomischer-griff\/#primaryimage","url":"https:\/\/ateliersdeseauxbleues.com\/wp-content\/uploads\/2019\/10\/25003_Canne-CFC_2-scaled.jpg","contentUrl":"https:\/\/ateliersdeseauxbleues.com\/wp-content\/uploads\/2019\/10\/25003_Canne-CFC_2-scaled.jpg","width":2560,"height":2560,"caption":"25003_Canne CFC_2"},{"@type":"BreadcrumbList","@id":"https:\/\/ateliersdeseauxbleues.com\/de\/catalogue\/blindenstocke-fur-blinde-und-sehbehinderte\/caneflex-verstellbarer-langstock-ergonomischer-griff\/#breadcrumb","itemListElement":[{"@type":"ListItem","position":1,"name":"Startseite","item":"https:\/\/ateliersdeseauxbleues.com\/de\/ateliers-de-eaux-bleues-herstellung-von-blindenstoecken\/"},{"@type":"ListItem","position":2,"name":"Sortiment","item":"https:\/\/ateliersdeseauxbleues.com\/de\/sortiment\/"},{"@type":"ListItem","position":3,"name":"Blindenst\u00f6cke f\u00fcr Blinde und Sehbehinderte","item":"https:\/\/ateliersdeseauxbleues.com\/de\/categorie-produit\/blindenstocke-fur-blinde-und-sehbehinderte\/"},{"@type":"ListItem","position":4,"name":"CaneFlex verstellbarer Langstock \u2013 ergonomischer Griff"}]},{"@type":"WebSite","@id":"https:\/\/ateliersdeseauxbleues.com\/de\/#website","url":"https:\/\/ateliersdeseauxbleues.com\/de\/","name":"Ateliers des Eaux Bleues","description":"Ateliers des Eaux Bleues","publisher":{"@id":"https:\/\/ateliersdeseauxbleues.com\/de\/#organization"},"potentialAction":[{"@type":"SearchAction","target":{"@type":"EntryPoint","urlTemplate":"https:\/\/ateliersdeseauxbleues.com\/de\/?s={search_term_string}"},"query-input":{"@type":"PropertyValueSpecification","valueRequired":true,"valueName":"search_term_string"}}],"inLanguage":"de"},{"@type":"Organization","@id":"https:\/\/ateliersdeseauxbleues.com\/de\/#organization","name":"Ateliers des Eaux Bleues","url":"https:\/\/ateliersdeseauxbleues.com\/de\/","logo":{"@type":"ImageObject","inLanguage":"de","@id":"https:\/\/ateliersdeseauxbleues.com\/de\/#\/schema\/logo\/image\/","url":"https:\/\/ateliersdeseauxbleues.com\/wp-content\/uploads\/2024\/12\/Logo-atelier-des-eaux-bleues.png","contentUrl":"https:\/\/ateliersdeseauxbleues.com\/wp-content\/uploads\/2024\/12\/Logo-atelier-des-eaux-bleues.png","width":940,"height":418,"caption":"Ateliers des Eaux Bleues"},"image":{"@id":"https:\/\/ateliersdeseauxbleues.com\/de\/#\/schema\/logo\/image\/"}}]}},"_links":{"self":[{"href":"https:\/\/ateliersdeseauxbleues.com\/de\/wp-json\/wp\/v2\/product\/9798","targetHints":{"allow":["GET"]}}],"collection":[{"href":"https:\/\/ateliersdeseauxbleues.com\/de\/wp-json\/wp\/v2\/product"}],"about":[{"href":"https:\/\/ateliersdeseauxbleues.com\/de\/wp-json\/wp\/v2\/types\/product"}],"replies":[{"embeddable":true,"href":"https:\/\/ateliersdeseauxbleues.com\/de\/wp-json\/wp\/v2\/comments?post=9798"}],"wp:featuredmedia":[{"embeddable":true,"href":"https:\/\/ateliersdeseauxbleues.com\/de\/wp-json\/wp\/v2\/media\/2835"}],"wp:attachment":[{"href":"https:\/\/ateliersdeseauxbleues.com\/de\/wp-json\/wp\/v2\/media?parent=9798"}],"wp:term":[{"taxonomy":"product_brand","embeddable":true,"href":"https:\/\/ateliersdeseauxbleues.com\/de\/wp-json\/wp\/v2\/product_brand?post=9798"},{"taxonomy":"product_cat","embeddable":true,"href":"https:\/\/ateliersdeseauxbleues.com\/de\/wp-json\/wp\/v2\/product_cat?post=9798"},{"taxonomy":"product_tag","embeddable":true,"href":"https:\/\/ateliersdeseauxbleues.com\/de\/wp-json\/wp\/v2\/product_tag?post=9798"}],"curies":[{"name":"wp","href":"https:\/\/api.w.org\/{rel}","templated":true}]}}