{"id":9767,"date":"2025-04-09T10:39:11","date_gmt":"2025-04-09T08:39:11","guid":{"rendered":"https:\/\/ateliersdeseauxbleues.com\/catalogue\/unkategorisiert\/franzoesischer-faltbarer-blindenstock-ergonomischer-korkgriff\/"},"modified":"2025-04-09T10:39:11","modified_gmt":"2025-04-09T08:39:11","slug":"franzoesischer-faltbarer-blindenstock-ergonomischer-korkgriff","status":"publish","type":"product","link":"https:\/\/ateliersdeseauxbleues.com\/de\/catalogue\/blindenstocke-fur-blinde-und-sehbehinderte\/franzoesischer-faltbarer-blindenstock-ergonomischer-korkgriff\/","title":{"rendered":"Franz\u00f6sischer faltbarer Blindenstock \u2013 ergonomischer Korkgriff"},"content":{"rendered":"<p>Blindenstock Typ \u201eCanne Fran\u00e7aise\u201c, von Ihnen leichter selbst zu reparieren. Der Korkgriff ist 18 cm lang und wird in Frankreich hergestellt. <\/p>\n","protected":false},"excerpt":{"rendered":"<p>Diese Version unseres franz\u00f6sischen Stocks wird Ihnen <strong>mit einem zylindrischen Korkgriff von 18 cm L\u00e4nge angeboten, ideal bei Schwei\u00dfbildung, ultraleicht und in Frankreich hergestellt!<\/strong><\/p>\n","protected":false},"featured_media":9489,"comment_status":"open","ping_status":"closed","template":"","meta":[],"product_brand":[],"product_cat":[234,238],"product_tag":[],"class_list":{"0":"post-9767","1":"product","2":"type-product","3":"status-publish","4":"has-post-thumbnail","6":"product_cat-blindenstocke-fur-blinde-und-sehbehinderte","7":"product_cat-franzosische-blindenstocke","8":"pa_couleurdelacanne-gelb","9":"pa_couleurdelacanne-weis","11":"first","12":"instock","13":"taxable","14":"shipping-taxable","15":"purchasable","16":"product-type-variable","17":"has-default-attributes","18":"wvs-archive-product-wrapper"},"yoast_head":"<!-- This site is optimized with the Yoast SEO plugin v27.2 - https:\/\/yoast.com\/product\/yoast-seo-wordpress\/ -->\n<title>Franz\u00f6sischer faltbarer Blindenstock \u2013 ergonomischer Korkgriff - Ateliers des Eaux Bleues<\/title>\n<meta name=\"robots\" content=\"index, follow, max-snippet:-1, max-image-preview:large, max-video-preview:-1\" \/>\n<link rel=\"canonical\" href=\"https:\/\/ateliersdeseauxbleues.com\/de\/catalogue\/blindenstocke-fur-blinde-und-sehbehinderte\/franzoesischer-faltbarer-blindenstock-ergonomischer-korkgriff\/\" \/>\n<meta property=\"og:locale\" content=\"de_DE\" \/>\n<meta property=\"og:type\" content=\"article\" \/>\n<meta property=\"og:title\" content=\"Franz\u00f6sischer faltbarer Blindenstock \u2013 ergonomischer Korkgriff - Ateliers des Eaux Bleues\" \/>\n<meta property=\"og:description\" content=\"Diese Version unseres franz\u00f6sischen Stocks wird Ihnen mit einem zylindrischen Korkgriff von 18 cm L\u00e4nge angeboten, ideal bei Schwei\u00dfbildung, ultraleicht und in Frankreich hergestellt!\" \/>\n<meta property=\"og:url\" content=\"https:\/\/ateliersdeseauxbleues.com\/de\/catalogue\/blindenstocke-fur-blinde-und-sehbehinderte\/franzoesischer-faltbarer-blindenstock-ergonomischer-korkgriff\/\" \/>\n<meta property=\"og:site_name\" content=\"Ateliers des Eaux Bleues\" \/>\n<meta property=\"og:image\" content=\"https:\/\/ateliersdeseauxbleues.com\/wp-content\/uploads\/2025\/05\/Canne-Liege-2-scaled.jpg\" \/>\n\t<meta property=\"og:image:width\" content=\"2560\" \/>\n\t<meta property=\"og:image:height\" content=\"2560\" \/>\n\t<meta property=\"og:image:type\" content=\"image\/jpeg\" \/>\n<meta name=\"twitter:card\" content=\"summary_large_image\" \/>\n<script type=\"application\/ld+json\" class=\"yoast-schema-graph\">{\"@context\":\"https:\/\/schema.org\",\"@graph\":[{\"@type\":\"WebPage\",\"@id\":\"https:\/\/ateliersdeseauxbleues.com\/de\/catalogue\/blindenstocke-fur-blinde-und-sehbehinderte\/franzoesischer-faltbarer-blindenstock-ergonomischer-korkgriff\/\",\"url\":\"https:\/\/ateliersdeseauxbleues.com\/de\/catalogue\/blindenstocke-fur-blinde-und-sehbehinderte\/franzoesischer-faltbarer-blindenstock-ergonomischer-korkgriff\/\",\"name\":\"Franz\u00f6sischer faltbarer Blindenstock \u2013 ergonomischer Korkgriff - Ateliers des Eaux Bleues\",\"isPartOf\":{\"@id\":\"https:\/\/ateliersdeseauxbleues.com\/de\/#website\"},\"primaryImageOfPage\":{\"@id\":\"https:\/\/ateliersdeseauxbleues.com\/de\/catalogue\/blindenstocke-fur-blinde-und-sehbehinderte\/franzoesischer-faltbarer-blindenstock-ergonomischer-korkgriff\/#primaryimage\"},\"image\":{\"@id\":\"https:\/\/ateliersdeseauxbleues.com\/de\/catalogue\/blindenstocke-fur-blinde-und-sehbehinderte\/franzoesischer-faltbarer-blindenstock-ergonomischer-korkgriff\/#primaryimage\"},\"thumbnailUrl\":\"https:\/\/ateliersdeseauxbleues.com\/wp-content\/uploads\/2025\/05\/Canne-Liege-2-scaled.jpg\",\"datePublished\":\"2025-04-09T08:39:11+00:00\",\"breadcrumb\":{\"@id\":\"https:\/\/ateliersdeseauxbleues.com\/de\/catalogue\/blindenstocke-fur-blinde-und-sehbehinderte\/franzoesischer-faltbarer-blindenstock-ergonomischer-korkgriff\/#breadcrumb\"},\"inLanguage\":\"de\",\"potentialAction\":[{\"@type\":\"ReadAction\",\"target\":[\"https:\/\/ateliersdeseauxbleues.com\/de\/catalogue\/blindenstocke-fur-blinde-und-sehbehinderte\/franzoesischer-faltbarer-blindenstock-ergonomischer-korkgriff\/\"]}]},{\"@type\":\"ImageObject\",\"inLanguage\":\"de\",\"@id\":\"https:\/\/ateliersdeseauxbleues.com\/de\/catalogue\/blindenstocke-fur-blinde-und-sehbehinderte\/franzoesischer-faltbarer-blindenstock-ergonomischer-korkgriff\/#primaryimage\",\"url\":\"https:\/\/ateliersdeseauxbleues.com\/wp-content\/uploads\/2025\/05\/Canne-Liege-2-scaled.jpg\",\"contentUrl\":\"https:\/\/ateliersdeseauxbleues.com\/wp-content\/uploads\/2025\/05\/Canne-Liege-2-scaled.jpg\",\"width\":2560,\"height\":2560,\"caption\":\"Korkstock 2\"},{\"@type\":\"BreadcrumbList\",\"@id\":\"https:\/\/ateliersdeseauxbleues.com\/de\/catalogue\/blindenstocke-fur-blinde-und-sehbehinderte\/franzoesischer-faltbarer-blindenstock-ergonomischer-korkgriff\/#breadcrumb\",\"itemListElement\":[{\"@type\":\"ListItem\",\"position\":1,\"name\":\"Startseite\",\"item\":\"https:\/\/ateliersdeseauxbleues.com\/de\/ateliers-de-eaux-bleues-herstellung-von-blindenstoecken\/\"},{\"@type\":\"ListItem\",\"position\":2,\"name\":\"Sortiment\",\"item\":\"https:\/\/ateliersdeseauxbleues.com\/de\/sortiment\/\"},{\"@type\":\"ListItem\",\"position\":3,\"name\":\"Franz\u00f6sischer faltbarer Blindenstock \u2013 ergonomischer Korkgriff\"}]},{\"@type\":\"WebSite\",\"@id\":\"https:\/\/ateliersdeseauxbleues.com\/de\/#website\",\"url\":\"https:\/\/ateliersdeseauxbleues.com\/de\/\",\"name\":\"Ateliers des Eaux Bleues\",\"description\":\"Ateliers des Eaux Bleues\",\"publisher\":{\"@id\":\"https:\/\/ateliersdeseauxbleues.com\/de\/#organization\"},\"potentialAction\":[{\"@type\":\"SearchAction\",\"target\":{\"@type\":\"EntryPoint\",\"urlTemplate\":\"https:\/\/ateliersdeseauxbleues.com\/de\/?s={search_term_string}\"},\"query-input\":{\"@type\":\"PropertyValueSpecification\",\"valueRequired\":true,\"valueName\":\"search_term_string\"}}],\"inLanguage\":\"de\"},{\"@type\":\"Organization\",\"@id\":\"https:\/\/ateliersdeseauxbleues.com\/de\/#organization\",\"name\":\"Ateliers des Eaux Bleues\",\"url\":\"https:\/\/ateliersdeseauxbleues.com\/de\/\",\"logo\":{\"@type\":\"ImageObject\",\"inLanguage\":\"de\",\"@id\":\"https:\/\/ateliersdeseauxbleues.com\/de\/#\/schema\/logo\/image\/\",\"url\":\"https:\/\/ateliersdeseauxbleues.com\/wp-content\/uploads\/2024\/12\/Logo-atelier-des-eaux-bleues.png\",\"contentUrl\":\"https:\/\/ateliersdeseauxbleues.com\/wp-content\/uploads\/2024\/12\/Logo-atelier-des-eaux-bleues.png\",\"width\":940,\"height\":418,\"caption\":\"Ateliers des Eaux Bleues\"},\"image\":{\"@id\":\"https:\/\/ateliersdeseauxbleues.com\/de\/#\/schema\/logo\/image\/\"}}]}<\/script>\n<!-- \/ Yoast SEO plugin. -->","yoast_head_json":{"title":"Franz\u00f6sischer faltbarer Blindenstock \u2013 ergonomischer Korkgriff - Ateliers des Eaux Bleues","robots":{"index":"index","follow":"follow","max-snippet":"max-snippet:-1","max-image-preview":"max-image-preview:large","max-video-preview":"max-video-preview:-1"},"canonical":"https:\/\/ateliersdeseauxbleues.com\/de\/catalogue\/blindenstocke-fur-blinde-und-sehbehinderte\/franzoesischer-faltbarer-blindenstock-ergonomischer-korkgriff\/","og_locale":"de_DE","og_type":"article","og_title":"Franz\u00f6sischer faltbarer Blindenstock \u2013 ergonomischer Korkgriff - Ateliers des Eaux Bleues","og_description":"Diese Version unseres franz\u00f6sischen Stocks wird Ihnen mit einem zylindrischen Korkgriff von 18 cm L\u00e4nge angeboten, ideal bei Schwei\u00dfbildung, ultraleicht und in Frankreich hergestellt!","og_url":"https:\/\/ateliersdeseauxbleues.com\/de\/catalogue\/blindenstocke-fur-blinde-und-sehbehinderte\/franzoesischer-faltbarer-blindenstock-ergonomischer-korkgriff\/","og_site_name":"Ateliers des Eaux Bleues","og_image":[{"width":2560,"height":2560,"url":"https:\/\/ateliersdeseauxbleues.com\/wp-content\/uploads\/2025\/05\/Canne-Liege-2-scaled.jpg","type":"image\/jpeg"}],"twitter_card":"summary_large_image","schema":{"@context":"https:\/\/schema.org","@graph":[{"@type":"WebPage","@id":"https:\/\/ateliersdeseauxbleues.com\/de\/catalogue\/blindenstocke-fur-blinde-und-sehbehinderte\/franzoesischer-faltbarer-blindenstock-ergonomischer-korkgriff\/","url":"https:\/\/ateliersdeseauxbleues.com\/de\/catalogue\/blindenstocke-fur-blinde-und-sehbehinderte\/franzoesischer-faltbarer-blindenstock-ergonomischer-korkgriff\/","name":"Franz\u00f6sischer faltbarer Blindenstock \u2013 ergonomischer Korkgriff - Ateliers des Eaux Bleues","isPartOf":{"@id":"https:\/\/ateliersdeseauxbleues.com\/de\/#website"},"primaryImageOfPage":{"@id":"https:\/\/ateliersdeseauxbleues.com\/de\/catalogue\/blindenstocke-fur-blinde-und-sehbehinderte\/franzoesischer-faltbarer-blindenstock-ergonomischer-korkgriff\/#primaryimage"},"image":{"@id":"https:\/\/ateliersdeseauxbleues.com\/de\/catalogue\/blindenstocke-fur-blinde-und-sehbehinderte\/franzoesischer-faltbarer-blindenstock-ergonomischer-korkgriff\/#primaryimage"},"thumbnailUrl":"https:\/\/ateliersdeseauxbleues.com\/wp-content\/uploads\/2025\/05\/Canne-Liege-2-scaled.jpg","datePublished":"2025-04-09T08:39:11+00:00","breadcrumb":{"@id":"https:\/\/ateliersdeseauxbleues.com\/de\/catalogue\/blindenstocke-fur-blinde-und-sehbehinderte\/franzoesischer-faltbarer-blindenstock-ergonomischer-korkgriff\/#breadcrumb"},"inLanguage":"de","potentialAction":[{"@type":"ReadAction","target":["https:\/\/ateliersdeseauxbleues.com\/de\/catalogue\/blindenstocke-fur-blinde-und-sehbehinderte\/franzoesischer-faltbarer-blindenstock-ergonomischer-korkgriff\/"]}]},{"@type":"ImageObject","inLanguage":"de","@id":"https:\/\/ateliersdeseauxbleues.com\/de\/catalogue\/blindenstocke-fur-blinde-und-sehbehinderte\/franzoesischer-faltbarer-blindenstock-ergonomischer-korkgriff\/#primaryimage","url":"https:\/\/ateliersdeseauxbleues.com\/wp-content\/uploads\/2025\/05\/Canne-Liege-2-scaled.jpg","contentUrl":"https:\/\/ateliersdeseauxbleues.com\/wp-content\/uploads\/2025\/05\/Canne-Liege-2-scaled.jpg","width":2560,"height":2560,"caption":"Korkstock 2"},{"@type":"BreadcrumbList","@id":"https:\/\/ateliersdeseauxbleues.com\/de\/catalogue\/blindenstocke-fur-blinde-und-sehbehinderte\/franzoesischer-faltbarer-blindenstock-ergonomischer-korkgriff\/#breadcrumb","itemListElement":[{"@type":"ListItem","position":1,"name":"Startseite","item":"https:\/\/ateliersdeseauxbleues.com\/de\/ateliers-de-eaux-bleues-herstellung-von-blindenstoecken\/"},{"@type":"ListItem","position":2,"name":"Sortiment","item":"https:\/\/ateliersdeseauxbleues.com\/de\/sortiment\/"},{"@type":"ListItem","position":3,"name":"Franz\u00f6sischer faltbarer Blindenstock \u2013 ergonomischer Korkgriff"}]},{"@type":"WebSite","@id":"https:\/\/ateliersdeseauxbleues.com\/de\/#website","url":"https:\/\/ateliersdeseauxbleues.com\/de\/","name":"Ateliers des Eaux Bleues","description":"Ateliers des Eaux Bleues","publisher":{"@id":"https:\/\/ateliersdeseauxbleues.com\/de\/#organization"},"potentialAction":[{"@type":"SearchAction","target":{"@type":"EntryPoint","urlTemplate":"https:\/\/ateliersdeseauxbleues.com\/de\/?s={search_term_string}"},"query-input":{"@type":"PropertyValueSpecification","valueRequired":true,"valueName":"search_term_string"}}],"inLanguage":"de"},{"@type":"Organization","@id":"https:\/\/ateliersdeseauxbleues.com\/de\/#organization","name":"Ateliers des Eaux Bleues","url":"https:\/\/ateliersdeseauxbleues.com\/de\/","logo":{"@type":"ImageObject","inLanguage":"de","@id":"https:\/\/ateliersdeseauxbleues.com\/de\/#\/schema\/logo\/image\/","url":"https:\/\/ateliersdeseauxbleues.com\/wp-content\/uploads\/2024\/12\/Logo-atelier-des-eaux-bleues.png","contentUrl":"https:\/\/ateliersdeseauxbleues.com\/wp-content\/uploads\/2024\/12\/Logo-atelier-des-eaux-bleues.png","width":940,"height":418,"caption":"Ateliers des Eaux Bleues"},"image":{"@id":"https:\/\/ateliersdeseauxbleues.com\/de\/#\/schema\/logo\/image\/"}}]}},"_links":{"self":[{"href":"https:\/\/ateliersdeseauxbleues.com\/de\/wp-json\/wp\/v2\/product\/9767","targetHints":{"allow":["GET"]}}],"collection":[{"href":"https:\/\/ateliersdeseauxbleues.com\/de\/wp-json\/wp\/v2\/product"}],"about":[{"href":"https:\/\/ateliersdeseauxbleues.com\/de\/wp-json\/wp\/v2\/types\/product"}],"replies":[{"embeddable":true,"href":"https:\/\/ateliersdeseauxbleues.com\/de\/wp-json\/wp\/v2\/comments?post=9767"}],"wp:featuredmedia":[{"embeddable":true,"href":"https:\/\/ateliersdeseauxbleues.com\/de\/wp-json\/wp\/v2\/media\/9489"}],"wp:attachment":[{"href":"https:\/\/ateliersdeseauxbleues.com\/de\/wp-json\/wp\/v2\/media?parent=9767"}],"wp:term":[{"taxonomy":"product_brand","embeddable":true,"href":"https:\/\/ateliersdeseauxbleues.com\/de\/wp-json\/wp\/v2\/product_brand?post=9767"},{"taxonomy":"product_cat","embeddable":true,"href":"https:\/\/ateliersdeseauxbleues.com\/de\/wp-json\/wp\/v2\/product_cat?post=9767"},{"taxonomy":"product_tag","embeddable":true,"href":"https:\/\/ateliersdeseauxbleues.com\/de\/wp-json\/wp\/v2\/product_tag?post=9767"}],"curies":[{"name":"wp","href":"https:\/\/api.w.org\/{rel}","templated":true}]}}