{"id":9760,"date":"2025-05-15T14:56:03","date_gmt":"2025-05-15T12:56:03","guid":{"rendered":"https:\/\/ateliersdeseauxbleues.com\/catalogue\/unkategorisiert\/stockspitze-canne-clips-feder-mit-stahlkugellager-c-dsr\/"},"modified":"2025-05-15T14:56:03","modified_gmt":"2025-05-15T12:56:03","slug":"stockspitze-canne-clips-feder-mit-stahlkugellager-c-dsr","status":"publish","type":"product","link":"https:\/\/ateliersdeseauxbleues.com\/de\/catalogue\/spitzen\/clips-spitze\/mit-feder\/stockspitze-canne-clips-feder-mit-stahlkugellager-c-dsr\/","title":{"rendered":"Stockspitze Canne Clips Feder mit Stahlkugellager C-DSR"},"content":{"rendered":"","protected":false},"excerpt":{"rendered":"<p>Dieser halbkugelf\u00f6rmige Aufsatz \u201eC-DSR\u201c ist <strong>nur mit Canne Clips St\u00f6cken kompatibel<\/strong> und <strong>auf einem Stahlkugellager montiert<\/strong>. Eine \u2013 davor positionierte \u2013 <strong>PVC-ummantelte Feder<\/strong> sorgt daf\u00fcr, dass Ihre Stockspitze <strong>flexibler ist und sich besser an die Bodenoberfl\u00e4che anpasst<\/strong>. Ein unbestreitbarer <strong>Komfortgewinn<\/strong>!  <\/p>\n<p>Gesamtgewicht 46 g, Durchmesser 42 mm, L\u00e4nge nach dem Einstecken in das Rohr: 7,5 cm.<\/p>\n","protected":false},"featured_media":9761,"comment_status":"open","ping_status":"closed","template":"","meta":[],"product_brand":[],"product_cat":[264,265,239],"product_tag":[],"class_list":{"0":"post-9760","1":"product","2":"type-product","3":"status-publish","4":"has-post-thumbnail","6":"product_cat-clips-spitze","7":"product_cat-mit-feder","8":"product_cat-spitzen","10":"first","11":"instock","12":"taxable","13":"shipping-taxable","14":"purchasable","15":"product-type-simple"},"yoast_head":"<!-- This site is optimized with the Yoast SEO plugin v27.2 - https:\/\/yoast.com\/product\/yoast-seo-wordpress\/ -->\n<title>Stockspitze Canne Clips Feder mit Stahlkugellager C-DSR - Ateliers des Eaux Bleues<\/title>\n<meta name=\"robots\" content=\"index, follow, max-snippet:-1, max-image-preview:large, max-video-preview:-1\" \/>\n<link rel=\"canonical\" href=\"https:\/\/ateliersdeseauxbleues.com\/de\/catalogue\/spitzen\/clips-spitze\/mit-feder\/stockspitze-canne-clips-feder-mit-stahlkugellager-c-dsr\/\" \/>\n<meta property=\"og:locale\" content=\"de_DE\" \/>\n<meta property=\"og:type\" content=\"article\" \/>\n<meta property=\"og:title\" content=\"Stockspitze Canne Clips Feder mit Stahlkugellager C-DSR - Ateliers des Eaux Bleues\" \/>\n<meta property=\"og:description\" content=\"Dieser halbkugelf\u00f6rmige Aufsatz \u201eC-DSR\u201c ist nur mit Canne Clips St\u00f6cken kompatibel und auf einem Stahlkugellager montiert. Eine \u2013 davor positionierte \u2013 PVC-ummantelte Feder sorgt daf\u00fcr, dass Ihre Stockspitze flexibler ist und sich besser an die Bodenoberfl\u00e4che anpasst. Ein unbestreitbarer Komfortgewinn!  Gesamtgewicht 46 g, Durchmesser 42 mm, L\u00e4nge nach dem Einstecken in das Rohr: 7,5 cm.\" \/>\n<meta property=\"og:url\" content=\"https:\/\/ateliersdeseauxbleues.com\/de\/catalogue\/spitzen\/clips-spitze\/mit-feder\/stockspitze-canne-clips-feder-mit-stahlkugellager-c-dsr\/\" \/>\n<meta property=\"og:site_name\" content=\"Ateliers des Eaux Bleues\" \/>\n<meta property=\"og:image\" content=\"https:\/\/ateliersdeseauxbleues.com\/wp-content\/uploads\/2025\/03\/Embout-C-DSR-scaled.jpg\" \/>\n\t<meta property=\"og:image:width\" content=\"2560\" \/>\n\t<meta property=\"og:image:height\" content=\"2560\" \/>\n\t<meta property=\"og:image:type\" content=\"image\/jpeg\" \/>\n<meta name=\"twitter:card\" content=\"summary_large_image\" \/>\n<script type=\"application\/ld+json\" class=\"yoast-schema-graph\">{\"@context\":\"https:\/\/schema.org\",\"@graph\":[{\"@type\":\"WebPage\",\"@id\":\"https:\/\/ateliersdeseauxbleues.com\/de\/catalogue\/spitzen\/clips-spitze\/mit-feder\/stockspitze-canne-clips-feder-mit-stahlkugellager-c-dsr\/\",\"url\":\"https:\/\/ateliersdeseauxbleues.com\/de\/catalogue\/spitzen\/clips-spitze\/mit-feder\/stockspitze-canne-clips-feder-mit-stahlkugellager-c-dsr\/\",\"name\":\"Stockspitze Canne Clips Feder mit Stahlkugellager C-DSR - Ateliers des Eaux Bleues\",\"isPartOf\":{\"@id\":\"https:\/\/ateliersdeseauxbleues.com\/de\/#website\"},\"primaryImageOfPage\":{\"@id\":\"https:\/\/ateliersdeseauxbleues.com\/de\/catalogue\/spitzen\/clips-spitze\/mit-feder\/stockspitze-canne-clips-feder-mit-stahlkugellager-c-dsr\/#primaryimage\"},\"image\":{\"@id\":\"https:\/\/ateliersdeseauxbleues.com\/de\/catalogue\/spitzen\/clips-spitze\/mit-feder\/stockspitze-canne-clips-feder-mit-stahlkugellager-c-dsr\/#primaryimage\"},\"thumbnailUrl\":\"https:\/\/ateliersdeseauxbleues.com\/wp-content\/uploads\/2025\/03\/Embout-C-DSR-scaled.jpg\",\"datePublished\":\"2025-05-15T12:56:03+00:00\",\"breadcrumb\":{\"@id\":\"https:\/\/ateliersdeseauxbleues.com\/de\/catalogue\/spitzen\/clips-spitze\/mit-feder\/stockspitze-canne-clips-feder-mit-stahlkugellager-c-dsr\/#breadcrumb\"},\"inLanguage\":\"de\",\"potentialAction\":[{\"@type\":\"ReadAction\",\"target\":[\"https:\/\/ateliersdeseauxbleues.com\/de\/catalogue\/spitzen\/clips-spitze\/mit-feder\/stockspitze-canne-clips-feder-mit-stahlkugellager-c-dsr\/\"]}]},{\"@type\":\"ImageObject\",\"inLanguage\":\"de\",\"@id\":\"https:\/\/ateliersdeseauxbleues.com\/de\/catalogue\/spitzen\/clips-spitze\/mit-feder\/stockspitze-canne-clips-feder-mit-stahlkugellager-c-dsr\/#primaryimage\",\"url\":\"https:\/\/ateliersdeseauxbleues.com\/wp-content\/uploads\/2025\/03\/Embout-C-DSR-scaled.jpg\",\"contentUrl\":\"https:\/\/ateliersdeseauxbleues.com\/wp-content\/uploads\/2025\/03\/Embout-C-DSR-scaled.jpg\",\"width\":2560,\"height\":2560},{\"@type\":\"BreadcrumbList\",\"@id\":\"https:\/\/ateliersdeseauxbleues.com\/de\/catalogue\/spitzen\/clips-spitze\/mit-feder\/stockspitze-canne-clips-feder-mit-stahlkugellager-c-dsr\/#breadcrumb\",\"itemListElement\":[{\"@type\":\"ListItem\",\"position\":1,\"name\":\"Startseite\",\"item\":\"https:\/\/ateliersdeseauxbleues.com\/de\/ateliers-de-eaux-bleues-herstellung-von-blindenstoecken\/\"},{\"@type\":\"ListItem\",\"position\":2,\"name\":\"Sortiment\",\"item\":\"https:\/\/ateliersdeseauxbleues.com\/de\/sortiment\/\"},{\"@type\":\"ListItem\",\"position\":3,\"name\":\"Stockspitze Canne Clips Feder mit Stahlkugellager C-DSR\"}]},{\"@type\":\"WebSite\",\"@id\":\"https:\/\/ateliersdeseauxbleues.com\/de\/#website\",\"url\":\"https:\/\/ateliersdeseauxbleues.com\/de\/\",\"name\":\"Ateliers des Eaux Bleues\",\"description\":\"Ateliers des Eaux Bleues\",\"publisher\":{\"@id\":\"https:\/\/ateliersdeseauxbleues.com\/de\/#organization\"},\"potentialAction\":[{\"@type\":\"SearchAction\",\"target\":{\"@type\":\"EntryPoint\",\"urlTemplate\":\"https:\/\/ateliersdeseauxbleues.com\/de\/?s={search_term_string}\"},\"query-input\":{\"@type\":\"PropertyValueSpecification\",\"valueRequired\":true,\"valueName\":\"search_term_string\"}}],\"inLanguage\":\"de\"},{\"@type\":\"Organization\",\"@id\":\"https:\/\/ateliersdeseauxbleues.com\/de\/#organization\",\"name\":\"Ateliers des Eaux Bleues\",\"url\":\"https:\/\/ateliersdeseauxbleues.com\/de\/\",\"logo\":{\"@type\":\"ImageObject\",\"inLanguage\":\"de\",\"@id\":\"https:\/\/ateliersdeseauxbleues.com\/de\/#\/schema\/logo\/image\/\",\"url\":\"https:\/\/ateliersdeseauxbleues.com\/wp-content\/uploads\/2024\/12\/Logo-atelier-des-eaux-bleues.png\",\"contentUrl\":\"https:\/\/ateliersdeseauxbleues.com\/wp-content\/uploads\/2024\/12\/Logo-atelier-des-eaux-bleues.png\",\"width\":940,\"height\":418,\"caption\":\"Ateliers des Eaux Bleues\"},\"image\":{\"@id\":\"https:\/\/ateliersdeseauxbleues.com\/de\/#\/schema\/logo\/image\/\"}}]}<\/script>\n<!-- \/ Yoast SEO plugin. -->","yoast_head_json":{"title":"Stockspitze Canne Clips Feder mit Stahlkugellager C-DSR - Ateliers des Eaux Bleues","robots":{"index":"index","follow":"follow","max-snippet":"max-snippet:-1","max-image-preview":"max-image-preview:large","max-video-preview":"max-video-preview:-1"},"canonical":"https:\/\/ateliersdeseauxbleues.com\/de\/catalogue\/spitzen\/clips-spitze\/mit-feder\/stockspitze-canne-clips-feder-mit-stahlkugellager-c-dsr\/","og_locale":"de_DE","og_type":"article","og_title":"Stockspitze Canne Clips Feder mit Stahlkugellager C-DSR - Ateliers des Eaux Bleues","og_description":"Dieser halbkugelf\u00f6rmige Aufsatz \u201eC-DSR\u201c ist nur mit Canne Clips St\u00f6cken kompatibel und auf einem Stahlkugellager montiert. Eine \u2013 davor positionierte \u2013 PVC-ummantelte Feder sorgt daf\u00fcr, dass Ihre Stockspitze flexibler ist und sich besser an die Bodenoberfl\u00e4che anpasst. Ein unbestreitbarer Komfortgewinn!  Gesamtgewicht 46 g, Durchmesser 42 mm, L\u00e4nge nach dem Einstecken in das Rohr: 7,5 cm.","og_url":"https:\/\/ateliersdeseauxbleues.com\/de\/catalogue\/spitzen\/clips-spitze\/mit-feder\/stockspitze-canne-clips-feder-mit-stahlkugellager-c-dsr\/","og_site_name":"Ateliers des Eaux Bleues","og_image":[{"width":2560,"height":2560,"url":"https:\/\/ateliersdeseauxbleues.com\/wp-content\/uploads\/2025\/03\/Embout-C-DSR-scaled.jpg","type":"image\/jpeg"}],"twitter_card":"summary_large_image","schema":{"@context":"https:\/\/schema.org","@graph":[{"@type":"WebPage","@id":"https:\/\/ateliersdeseauxbleues.com\/de\/catalogue\/spitzen\/clips-spitze\/mit-feder\/stockspitze-canne-clips-feder-mit-stahlkugellager-c-dsr\/","url":"https:\/\/ateliersdeseauxbleues.com\/de\/catalogue\/spitzen\/clips-spitze\/mit-feder\/stockspitze-canne-clips-feder-mit-stahlkugellager-c-dsr\/","name":"Stockspitze Canne Clips Feder mit Stahlkugellager C-DSR - Ateliers des Eaux Bleues","isPartOf":{"@id":"https:\/\/ateliersdeseauxbleues.com\/de\/#website"},"primaryImageOfPage":{"@id":"https:\/\/ateliersdeseauxbleues.com\/de\/catalogue\/spitzen\/clips-spitze\/mit-feder\/stockspitze-canne-clips-feder-mit-stahlkugellager-c-dsr\/#primaryimage"},"image":{"@id":"https:\/\/ateliersdeseauxbleues.com\/de\/catalogue\/spitzen\/clips-spitze\/mit-feder\/stockspitze-canne-clips-feder-mit-stahlkugellager-c-dsr\/#primaryimage"},"thumbnailUrl":"https:\/\/ateliersdeseauxbleues.com\/wp-content\/uploads\/2025\/03\/Embout-C-DSR-scaled.jpg","datePublished":"2025-05-15T12:56:03+00:00","breadcrumb":{"@id":"https:\/\/ateliersdeseauxbleues.com\/de\/catalogue\/spitzen\/clips-spitze\/mit-feder\/stockspitze-canne-clips-feder-mit-stahlkugellager-c-dsr\/#breadcrumb"},"inLanguage":"de","potentialAction":[{"@type":"ReadAction","target":["https:\/\/ateliersdeseauxbleues.com\/de\/catalogue\/spitzen\/clips-spitze\/mit-feder\/stockspitze-canne-clips-feder-mit-stahlkugellager-c-dsr\/"]}]},{"@type":"ImageObject","inLanguage":"de","@id":"https:\/\/ateliersdeseauxbleues.com\/de\/catalogue\/spitzen\/clips-spitze\/mit-feder\/stockspitze-canne-clips-feder-mit-stahlkugellager-c-dsr\/#primaryimage","url":"https:\/\/ateliersdeseauxbleues.com\/wp-content\/uploads\/2025\/03\/Embout-C-DSR-scaled.jpg","contentUrl":"https:\/\/ateliersdeseauxbleues.com\/wp-content\/uploads\/2025\/03\/Embout-C-DSR-scaled.jpg","width":2560,"height":2560},{"@type":"BreadcrumbList","@id":"https:\/\/ateliersdeseauxbleues.com\/de\/catalogue\/spitzen\/clips-spitze\/mit-feder\/stockspitze-canne-clips-feder-mit-stahlkugellager-c-dsr\/#breadcrumb","itemListElement":[{"@type":"ListItem","position":1,"name":"Startseite","item":"https:\/\/ateliersdeseauxbleues.com\/de\/ateliers-de-eaux-bleues-herstellung-von-blindenstoecken\/"},{"@type":"ListItem","position":2,"name":"Sortiment","item":"https:\/\/ateliersdeseauxbleues.com\/de\/sortiment\/"},{"@type":"ListItem","position":3,"name":"Stockspitze Canne Clips Feder mit Stahlkugellager C-DSR"}]},{"@type":"WebSite","@id":"https:\/\/ateliersdeseauxbleues.com\/de\/#website","url":"https:\/\/ateliersdeseauxbleues.com\/de\/","name":"Ateliers des Eaux Bleues","description":"Ateliers des Eaux Bleues","publisher":{"@id":"https:\/\/ateliersdeseauxbleues.com\/de\/#organization"},"potentialAction":[{"@type":"SearchAction","target":{"@type":"EntryPoint","urlTemplate":"https:\/\/ateliersdeseauxbleues.com\/de\/?s={search_term_string}"},"query-input":{"@type":"PropertyValueSpecification","valueRequired":true,"valueName":"search_term_string"}}],"inLanguage":"de"},{"@type":"Organization","@id":"https:\/\/ateliersdeseauxbleues.com\/de\/#organization","name":"Ateliers des Eaux Bleues","url":"https:\/\/ateliersdeseauxbleues.com\/de\/","logo":{"@type":"ImageObject","inLanguage":"de","@id":"https:\/\/ateliersdeseauxbleues.com\/de\/#\/schema\/logo\/image\/","url":"https:\/\/ateliersdeseauxbleues.com\/wp-content\/uploads\/2024\/12\/Logo-atelier-des-eaux-bleues.png","contentUrl":"https:\/\/ateliersdeseauxbleues.com\/wp-content\/uploads\/2024\/12\/Logo-atelier-des-eaux-bleues.png","width":940,"height":418,"caption":"Ateliers des Eaux Bleues"},"image":{"@id":"https:\/\/ateliersdeseauxbleues.com\/de\/#\/schema\/logo\/image\/"}}]}},"_links":{"self":[{"href":"https:\/\/ateliersdeseauxbleues.com\/de\/wp-json\/wp\/v2\/product\/9760","targetHints":{"allow":["GET"]}}],"collection":[{"href":"https:\/\/ateliersdeseauxbleues.com\/de\/wp-json\/wp\/v2\/product"}],"about":[{"href":"https:\/\/ateliersdeseauxbleues.com\/de\/wp-json\/wp\/v2\/types\/product"}],"replies":[{"embeddable":true,"href":"https:\/\/ateliersdeseauxbleues.com\/de\/wp-json\/wp\/v2\/comments?post=9760"}],"wp:featuredmedia":[{"embeddable":true,"href":"https:\/\/ateliersdeseauxbleues.com\/de\/wp-json\/wp\/v2\/media\/9761"}],"wp:attachment":[{"href":"https:\/\/ateliersdeseauxbleues.com\/de\/wp-json\/wp\/v2\/media?parent=9760"}],"wp:term":[{"taxonomy":"product_brand","embeddable":true,"href":"https:\/\/ateliersdeseauxbleues.com\/de\/wp-json\/wp\/v2\/product_brand?post=9760"},{"taxonomy":"product_cat","embeddable":true,"href":"https:\/\/ateliersdeseauxbleues.com\/de\/wp-json\/wp\/v2\/product_cat?post=9760"},{"taxonomy":"product_tag","embeddable":true,"href":"https:\/\/ateliersdeseauxbleues.com\/de\/wp-json\/wp\/v2\/product_tag?post=9760"}],"curies":[{"name":"wp","href":"https:\/\/api.w.org\/{rel}","templated":true}]}}