{"id":9746,"date":"2022-06-08T13:14:08","date_gmt":"2022-06-08T11:14:08","guid":{"rendered":"https:\/\/ateliersdeseauxbleues.com\/catalogue\/unkategorisiert\/clips-stockspitze-mit-feder-und-stahlkugellager-c-gar\/"},"modified":"2026-03-20T12:43:07","modified_gmt":"2026-03-20T11:43:07","slug":"clips-stockspitze-mit-feder-und-stahlkugellager-c-gar","status":"publish","type":"product","link":"https:\/\/ateliersdeseauxbleues.com\/de\/catalogue\/spitzen\/clips-spitze\/mit-feder\/clips-stockspitze-mit-feder-und-stahlkugellager-c-gar\/","title":{"rendered":"Clips-Stockspitze mit Feder und Stahlkugellager C-GAR"},"content":{"rendered":"","protected":false},"excerpt":{"rendered":"<p>Kompatibel <strong>nur mit Clips-St\u00f6cken<\/strong>, diese &#8222;C-GAR&#8220;-Spitze in Form einer Scheibe ist <strong>auf Stahlkugellagern montiert<\/strong>. Eine <strong>PVC-ummantelte Feder<\/strong> \u2013 davor positioniert \u2013 erm\u00f6glicht es Ihrer Spitze, <strong>flexibler zu sein und sich besser an die Oberfl\u00e4che<\/strong> des Bodens anzupassen. Ein <strong>unbestreitbarer Komfortgewinn<\/strong>!  <\/p>\n<p>Gesamtgewicht 100 g, Durchmesser 60 mm, L\u00e4nge nach Einstecken in das Rohr: 6,9 cm.<\/p>\n","protected":false},"featured_media":2474,"comment_status":"open","ping_status":"closed","template":"","meta":[],"product_brand":[],"product_cat":[264,265,239],"product_tag":[],"class_list":{"0":"post-9746","1":"product","2":"type-product","3":"status-publish","4":"has-post-thumbnail","6":"product_cat-clips-spitze","7":"product_cat-mit-feder","8":"product_cat-spitzen","10":"first","11":"instock","12":"taxable","13":"shipping-taxable","14":"purchasable","15":"product-type-simple"},"yoast_head":"<!-- This site is optimized with the Yoast SEO plugin v27.2 - https:\/\/yoast.com\/product\/yoast-seo-wordpress\/ -->\n<title>Clips-Stockspitze mit Feder und Stahlkugellager C-GAR - Ateliers des Eaux Bleues<\/title>\n<meta name=\"robots\" content=\"index, follow, max-snippet:-1, max-image-preview:large, max-video-preview:-1\" \/>\n<link rel=\"canonical\" href=\"https:\/\/ateliersdeseauxbleues.com\/de\/catalogue\/spitzen\/clips-spitze\/mit-feder\/clips-stockspitze-mit-feder-und-stahlkugellager-c-gar\/\" \/>\n<meta property=\"og:locale\" content=\"de_DE\" \/>\n<meta property=\"og:type\" content=\"article\" \/>\n<meta property=\"og:title\" content=\"Clips-Stockspitze mit Feder und Stahlkugellager C-GAR - Ateliers des Eaux Bleues\" \/>\n<meta property=\"og:description\" content=\"Kompatibel nur mit Clips-St\u00f6cken, diese &quot;C-GAR&quot;-Spitze in Form einer Scheibe ist auf Stahlkugellagern montiert. Eine PVC-ummantelte Feder - davor positioniert - erm\u00f6glicht es Ihrer Spitze, flexibler zu sein und sich besser an die Oberfl\u00e4che des Bodens anzupassen. Ein unbestreitbarer Komfortgewinn!  Gesamtgewicht 100 g, Durchmesser 60 mm, L\u00e4nge nach Einstecken in das Rohr: 6,9 cm.\" \/>\n<meta property=\"og:url\" content=\"https:\/\/ateliersdeseauxbleues.com\/de\/catalogue\/spitzen\/clips-spitze\/mit-feder\/clips-stockspitze-mit-feder-und-stahlkugellager-c-gar\/\" \/>\n<meta property=\"og:site_name\" content=\"Ateliers des Eaux Bleues\" \/>\n<meta property=\"article:modified_time\" content=\"2026-03-20T11:43:07+00:00\" \/>\n<meta property=\"og:image\" content=\"https:\/\/ateliersdeseauxbleues.com\/wp-content\/uploads\/2025\/03\/Embout-C-CRG-scaled.jpg\" \/>\n\t<meta property=\"og:image:width\" content=\"2560\" \/>\n\t<meta property=\"og:image:height\" content=\"2560\" \/>\n\t<meta property=\"og:image:type\" content=\"image\/jpeg\" \/>\n<meta name=\"twitter:card\" content=\"summary_large_image\" \/>\n<script type=\"application\/ld+json\" class=\"yoast-schema-graph\">{\"@context\":\"https:\/\/schema.org\",\"@graph\":[{\"@type\":\"WebPage\",\"@id\":\"https:\/\/ateliersdeseauxbleues.com\/de\/catalogue\/spitzen\/clips-spitze\/mit-feder\/clips-stockspitze-mit-feder-und-stahlkugellager-c-gar\/\",\"url\":\"https:\/\/ateliersdeseauxbleues.com\/de\/catalogue\/spitzen\/clips-spitze\/mit-feder\/clips-stockspitze-mit-feder-und-stahlkugellager-c-gar\/\",\"name\":\"Clips-Stockspitze mit Feder und Stahlkugellager C-GAR - Ateliers des Eaux Bleues\",\"isPartOf\":{\"@id\":\"https:\/\/ateliersdeseauxbleues.com\/de\/#website\"},\"primaryImageOfPage\":{\"@id\":\"https:\/\/ateliersdeseauxbleues.com\/de\/catalogue\/spitzen\/clips-spitze\/mit-feder\/clips-stockspitze-mit-feder-und-stahlkugellager-c-gar\/#primaryimage\"},\"image\":{\"@id\":\"https:\/\/ateliersdeseauxbleues.com\/de\/catalogue\/spitzen\/clips-spitze\/mit-feder\/clips-stockspitze-mit-feder-und-stahlkugellager-c-gar\/#primaryimage\"},\"thumbnailUrl\":\"https:\/\/ateliersdeseauxbleues.com\/wp-content\/uploads\/2025\/03\/Embout-C-CRG-scaled.jpg\",\"datePublished\":\"2022-06-08T11:14:08+00:00\",\"dateModified\":\"2026-03-20T11:43:07+00:00\",\"breadcrumb\":{\"@id\":\"https:\/\/ateliersdeseauxbleues.com\/de\/catalogue\/spitzen\/clips-spitze\/mit-feder\/clips-stockspitze-mit-feder-und-stahlkugellager-c-gar\/#breadcrumb\"},\"inLanguage\":\"de\",\"potentialAction\":[{\"@type\":\"ReadAction\",\"target\":[\"https:\/\/ateliersdeseauxbleues.com\/de\/catalogue\/spitzen\/clips-spitze\/mit-feder\/clips-stockspitze-mit-feder-und-stahlkugellager-c-gar\/\"]}]},{\"@type\":\"ImageObject\",\"inLanguage\":\"de\",\"@id\":\"https:\/\/ateliersdeseauxbleues.com\/de\/catalogue\/spitzen\/clips-spitze\/mit-feder\/clips-stockspitze-mit-feder-und-stahlkugellager-c-gar\/#primaryimage\",\"url\":\"https:\/\/ateliersdeseauxbleues.com\/wp-content\/uploads\/2025\/03\/Embout-C-CRG-scaled.jpg\",\"contentUrl\":\"https:\/\/ateliersdeseauxbleues.com\/wp-content\/uploads\/2025\/03\/Embout-C-CRG-scaled.jpg\",\"width\":2560,\"height\":2560},{\"@type\":\"BreadcrumbList\",\"@id\":\"https:\/\/ateliersdeseauxbleues.com\/de\/catalogue\/spitzen\/clips-spitze\/mit-feder\/clips-stockspitze-mit-feder-und-stahlkugellager-c-gar\/#breadcrumb\",\"itemListElement\":[{\"@type\":\"ListItem\",\"position\":1,\"name\":\"Startseite\",\"item\":\"https:\/\/ateliersdeseauxbleues.com\/de\/ateliers-de-eaux-bleues-herstellung-von-blindenstoecken\/\"},{\"@type\":\"ListItem\",\"position\":2,\"name\":\"Sortiment\",\"item\":\"https:\/\/ateliersdeseauxbleues.com\/de\/sortiment\/\"},{\"@type\":\"ListItem\",\"position\":3,\"name\":\"Spitzen\",\"item\":\"https:\/\/ateliersdeseauxbleues.com\/de\/categorie-produit\/spitzen\/\"},{\"@type\":\"ListItem\",\"position\":4,\"name\":\"Clips-Stockspitze mit Feder und Stahlkugellager C-GAR\"}]},{\"@type\":\"WebSite\",\"@id\":\"https:\/\/ateliersdeseauxbleues.com\/de\/#website\",\"url\":\"https:\/\/ateliersdeseauxbleues.com\/de\/\",\"name\":\"Ateliers des Eaux Bleues\",\"description\":\"Ateliers des Eaux Bleues\",\"publisher\":{\"@id\":\"https:\/\/ateliersdeseauxbleues.com\/de\/#organization\"},\"potentialAction\":[{\"@type\":\"SearchAction\",\"target\":{\"@type\":\"EntryPoint\",\"urlTemplate\":\"https:\/\/ateliersdeseauxbleues.com\/de\/?s={search_term_string}\"},\"query-input\":{\"@type\":\"PropertyValueSpecification\",\"valueRequired\":true,\"valueName\":\"search_term_string\"}}],\"inLanguage\":\"de\"},{\"@type\":\"Organization\",\"@id\":\"https:\/\/ateliersdeseauxbleues.com\/de\/#organization\",\"name\":\"Ateliers des Eaux Bleues\",\"url\":\"https:\/\/ateliersdeseauxbleues.com\/de\/\",\"logo\":{\"@type\":\"ImageObject\",\"inLanguage\":\"de\",\"@id\":\"https:\/\/ateliersdeseauxbleues.com\/de\/#\/schema\/logo\/image\/\",\"url\":\"https:\/\/ateliersdeseauxbleues.com\/wp-content\/uploads\/2024\/12\/Logo-atelier-des-eaux-bleues.png\",\"contentUrl\":\"https:\/\/ateliersdeseauxbleues.com\/wp-content\/uploads\/2024\/12\/Logo-atelier-des-eaux-bleues.png\",\"width\":940,\"height\":418,\"caption\":\"Ateliers des Eaux Bleues\"},\"image\":{\"@id\":\"https:\/\/ateliersdeseauxbleues.com\/de\/#\/schema\/logo\/image\/\"}}]}<\/script>\n<!-- \/ Yoast SEO plugin. -->","yoast_head_json":{"title":"Clips-Stockspitze mit Feder und Stahlkugellager C-GAR - Ateliers des Eaux Bleues","robots":{"index":"index","follow":"follow","max-snippet":"max-snippet:-1","max-image-preview":"max-image-preview:large","max-video-preview":"max-video-preview:-1"},"canonical":"https:\/\/ateliersdeseauxbleues.com\/de\/catalogue\/spitzen\/clips-spitze\/mit-feder\/clips-stockspitze-mit-feder-und-stahlkugellager-c-gar\/","og_locale":"de_DE","og_type":"article","og_title":"Clips-Stockspitze mit Feder und Stahlkugellager C-GAR - Ateliers des Eaux Bleues","og_description":"Kompatibel nur mit Clips-St\u00f6cken, diese \"C-GAR\"-Spitze in Form einer Scheibe ist auf Stahlkugellagern montiert. Eine PVC-ummantelte Feder - davor positioniert - erm\u00f6glicht es Ihrer Spitze, flexibler zu sein und sich besser an die Oberfl\u00e4che des Bodens anzupassen. Ein unbestreitbarer Komfortgewinn!  Gesamtgewicht 100 g, Durchmesser 60 mm, L\u00e4nge nach Einstecken in das Rohr: 6,9 cm.","og_url":"https:\/\/ateliersdeseauxbleues.com\/de\/catalogue\/spitzen\/clips-spitze\/mit-feder\/clips-stockspitze-mit-feder-und-stahlkugellager-c-gar\/","og_site_name":"Ateliers des Eaux Bleues","article_modified_time":"2026-03-20T11:43:07+00:00","og_image":[{"width":2560,"height":2560,"url":"https:\/\/ateliersdeseauxbleues.com\/wp-content\/uploads\/2025\/03\/Embout-C-CRG-scaled.jpg","type":"image\/jpeg"}],"twitter_card":"summary_large_image","schema":{"@context":"https:\/\/schema.org","@graph":[{"@type":"WebPage","@id":"https:\/\/ateliersdeseauxbleues.com\/de\/catalogue\/spitzen\/clips-spitze\/mit-feder\/clips-stockspitze-mit-feder-und-stahlkugellager-c-gar\/","url":"https:\/\/ateliersdeseauxbleues.com\/de\/catalogue\/spitzen\/clips-spitze\/mit-feder\/clips-stockspitze-mit-feder-und-stahlkugellager-c-gar\/","name":"Clips-Stockspitze mit Feder und Stahlkugellager C-GAR - Ateliers des Eaux Bleues","isPartOf":{"@id":"https:\/\/ateliersdeseauxbleues.com\/de\/#website"},"primaryImageOfPage":{"@id":"https:\/\/ateliersdeseauxbleues.com\/de\/catalogue\/spitzen\/clips-spitze\/mit-feder\/clips-stockspitze-mit-feder-und-stahlkugellager-c-gar\/#primaryimage"},"image":{"@id":"https:\/\/ateliersdeseauxbleues.com\/de\/catalogue\/spitzen\/clips-spitze\/mit-feder\/clips-stockspitze-mit-feder-und-stahlkugellager-c-gar\/#primaryimage"},"thumbnailUrl":"https:\/\/ateliersdeseauxbleues.com\/wp-content\/uploads\/2025\/03\/Embout-C-CRG-scaled.jpg","datePublished":"2022-06-08T11:14:08+00:00","dateModified":"2026-03-20T11:43:07+00:00","breadcrumb":{"@id":"https:\/\/ateliersdeseauxbleues.com\/de\/catalogue\/spitzen\/clips-spitze\/mit-feder\/clips-stockspitze-mit-feder-und-stahlkugellager-c-gar\/#breadcrumb"},"inLanguage":"de","potentialAction":[{"@type":"ReadAction","target":["https:\/\/ateliersdeseauxbleues.com\/de\/catalogue\/spitzen\/clips-spitze\/mit-feder\/clips-stockspitze-mit-feder-und-stahlkugellager-c-gar\/"]}]},{"@type":"ImageObject","inLanguage":"de","@id":"https:\/\/ateliersdeseauxbleues.com\/de\/catalogue\/spitzen\/clips-spitze\/mit-feder\/clips-stockspitze-mit-feder-und-stahlkugellager-c-gar\/#primaryimage","url":"https:\/\/ateliersdeseauxbleues.com\/wp-content\/uploads\/2025\/03\/Embout-C-CRG-scaled.jpg","contentUrl":"https:\/\/ateliersdeseauxbleues.com\/wp-content\/uploads\/2025\/03\/Embout-C-CRG-scaled.jpg","width":2560,"height":2560},{"@type":"BreadcrumbList","@id":"https:\/\/ateliersdeseauxbleues.com\/de\/catalogue\/spitzen\/clips-spitze\/mit-feder\/clips-stockspitze-mit-feder-und-stahlkugellager-c-gar\/#breadcrumb","itemListElement":[{"@type":"ListItem","position":1,"name":"Startseite","item":"https:\/\/ateliersdeseauxbleues.com\/de\/ateliers-de-eaux-bleues-herstellung-von-blindenstoecken\/"},{"@type":"ListItem","position":2,"name":"Sortiment","item":"https:\/\/ateliersdeseauxbleues.com\/de\/sortiment\/"},{"@type":"ListItem","position":3,"name":"Spitzen","item":"https:\/\/ateliersdeseauxbleues.com\/de\/categorie-produit\/spitzen\/"},{"@type":"ListItem","position":4,"name":"Clips-Stockspitze mit Feder und Stahlkugellager C-GAR"}]},{"@type":"WebSite","@id":"https:\/\/ateliersdeseauxbleues.com\/de\/#website","url":"https:\/\/ateliersdeseauxbleues.com\/de\/","name":"Ateliers des Eaux Bleues","description":"Ateliers des Eaux Bleues","publisher":{"@id":"https:\/\/ateliersdeseauxbleues.com\/de\/#organization"},"potentialAction":[{"@type":"SearchAction","target":{"@type":"EntryPoint","urlTemplate":"https:\/\/ateliersdeseauxbleues.com\/de\/?s={search_term_string}"},"query-input":{"@type":"PropertyValueSpecification","valueRequired":true,"valueName":"search_term_string"}}],"inLanguage":"de"},{"@type":"Organization","@id":"https:\/\/ateliersdeseauxbleues.com\/de\/#organization","name":"Ateliers des Eaux Bleues","url":"https:\/\/ateliersdeseauxbleues.com\/de\/","logo":{"@type":"ImageObject","inLanguage":"de","@id":"https:\/\/ateliersdeseauxbleues.com\/de\/#\/schema\/logo\/image\/","url":"https:\/\/ateliersdeseauxbleues.com\/wp-content\/uploads\/2024\/12\/Logo-atelier-des-eaux-bleues.png","contentUrl":"https:\/\/ateliersdeseauxbleues.com\/wp-content\/uploads\/2024\/12\/Logo-atelier-des-eaux-bleues.png","width":940,"height":418,"caption":"Ateliers des Eaux Bleues"},"image":{"@id":"https:\/\/ateliersdeseauxbleues.com\/de\/#\/schema\/logo\/image\/"}}]}},"_links":{"self":[{"href":"https:\/\/ateliersdeseauxbleues.com\/de\/wp-json\/wp\/v2\/product\/9746","targetHints":{"allow":["GET"]}}],"collection":[{"href":"https:\/\/ateliersdeseauxbleues.com\/de\/wp-json\/wp\/v2\/product"}],"about":[{"href":"https:\/\/ateliersdeseauxbleues.com\/de\/wp-json\/wp\/v2\/types\/product"}],"replies":[{"embeddable":true,"href":"https:\/\/ateliersdeseauxbleues.com\/de\/wp-json\/wp\/v2\/comments?post=9746"}],"wp:featuredmedia":[{"embeddable":true,"href":"https:\/\/ateliersdeseauxbleues.com\/de\/wp-json\/wp\/v2\/media\/2474"}],"wp:attachment":[{"href":"https:\/\/ateliersdeseauxbleues.com\/de\/wp-json\/wp\/v2\/media?parent=9746"}],"wp:term":[{"taxonomy":"product_brand","embeddable":true,"href":"https:\/\/ateliersdeseauxbleues.com\/de\/wp-json\/wp\/v2\/product_brand?post=9746"},{"taxonomy":"product_cat","embeddable":true,"href":"https:\/\/ateliersdeseauxbleues.com\/de\/wp-json\/wp\/v2\/product_cat?post=9746"},{"taxonomy":"product_tag","embeddable":true,"href":"https:\/\/ateliersdeseauxbleues.com\/de\/wp-json\/wp\/v2\/product_tag?post=9746"}],"curies":[{"name":"wp","href":"https:\/\/api.w.org\/{rel}","templated":true}]}}