{"id":9721,"date":"2025-03-26T15:14:23","date_gmt":"2025-03-26T14:14:23","guid":{"rendered":"https:\/\/ateliersdeseauxbleues.com\/catalogue\/unkategorisiert\/die-tandem-bar\/"},"modified":"2026-03-20T12:42:32","modified_gmt":"2026-03-20T11:42:32","slug":"die-tandem-bar","status":"publish","type":"product","link":"https:\/\/ateliersdeseauxbleues.com\/de\/catalogue\/zubehor\/lernhilfen\/die-tandem-bar\/","title":{"rendered":"Die Tandem-Bar"},"content":{"rendered":"","protected":false},"excerpt":{"rendered":"<div class=\"page\" title=\"Seite 10\">\n<div class=\"layoutArea\">\n<div class=\"column\">\n<p class=\"MsoNormal\"><strong>Verbindungsstange<\/strong> zwischen dem Stock der Mobilit\u00e4tstrainerin bzw. des Mobilit\u00e4tstrainers und dem der Sch\u00fclerin bzw. des Sch\u00fclers.<\/p>\n<p class=\"MsoNormal\"><strong>Einfach anzupassen,<\/strong> am unteren Drittel der beiden St\u00f6cke, erm\u00f6glicht sie, <strong>die vom Fachpersonal physisch vermittelten Hinweise besser zu verinnerlichen<\/strong>.<\/p>\n<p class=\"MsoNormal\"><span style=\"color: #fd0202;\">F\u00fcr dieses Hilfsmittel sind Empfehlungen zur Anwendung erforderlich.  <\/span><\/p>\n<\/div>\n<\/div>\n<\/div>\n","protected":false},"featured_media":2578,"comment_status":"open","ping_status":"closed","template":"","meta":[],"product_brand":[],"product_cat":[261],"product_tag":[],"class_list":{"0":"post-9721","1":"product","2":"type-product","3":"status-publish","4":"has-post-thumbnail","6":"product_cat-lernhilfen","8":"first","9":"instock","10":"taxable","11":"shipping-taxable","12":"purchasable","13":"product-type-simple"},"yoast_head":"<!-- This site is optimized with the Yoast SEO plugin v27.2 - https:\/\/yoast.com\/product\/yoast-seo-wordpress\/ -->\n<title>Die Tandem-Bar - Ateliers des Eaux Bleues<\/title>\n<meta name=\"robots\" content=\"index, follow, max-snippet:-1, max-image-preview:large, max-video-preview:-1\" \/>\n<link rel=\"canonical\" href=\"https:\/\/ateliersdeseauxbleues.com\/de\/catalogue\/zubehor\/lernhilfen\/die-tandem-bar\/\" \/>\n<meta property=\"og:locale\" content=\"de_DE\" \/>\n<meta property=\"og:type\" content=\"article\" \/>\n<meta property=\"og:title\" content=\"Die Tandem-Bar - Ateliers des Eaux Bleues\" \/>\n<meta property=\"og:description\" content=\"Verbindungsstange zwischen dem Stock der Mobilit\u00e4tstrainerin bzw. des Mobilit\u00e4tstrainers und dem der Sch\u00fclerin bzw. des Sch\u00fclers. Einfach anzupassen, am unteren Drittel der beiden St\u00f6cke, erm\u00f6glicht sie, die vom Fachpersonal physisch vermittelten Hinweise besser zu verinnerlichen. F\u00fcr dieses Hilfsmittel sind Empfehlungen zur Anwendung erforderlich.\" \/>\n<meta property=\"og:url\" content=\"https:\/\/ateliersdeseauxbleues.com\/de\/catalogue\/zubehor\/lernhilfen\/die-tandem-bar\/\" \/>\n<meta property=\"og:site_name\" content=\"Ateliers des Eaux Bleues\" \/>\n<meta property=\"article:modified_time\" content=\"2026-03-20T11:42:32+00:00\" \/>\n<meta property=\"og:image\" content=\"https:\/\/ateliersdeseauxbleues.com\/wp-content\/uploads\/2025\/03\/Tandem-Bar-2-scaled.jpg\" \/>\n\t<meta property=\"og:image:width\" content=\"2560\" \/>\n\t<meta property=\"og:image:height\" content=\"2253\" \/>\n\t<meta property=\"og:image:type\" content=\"image\/jpeg\" \/>\n<meta name=\"twitter:card\" content=\"summary_large_image\" \/>\n<script type=\"application\/ld+json\" class=\"yoast-schema-graph\">{\"@context\":\"https:\/\/schema.org\",\"@graph\":[{\"@type\":\"WebPage\",\"@id\":\"https:\/\/ateliersdeseauxbleues.com\/de\/catalogue\/zubehor\/lernhilfen\/die-tandem-bar\/\",\"url\":\"https:\/\/ateliersdeseauxbleues.com\/de\/catalogue\/zubehor\/lernhilfen\/die-tandem-bar\/\",\"name\":\"Die Tandem-Bar - Ateliers des Eaux Bleues\",\"isPartOf\":{\"@id\":\"https:\/\/ateliersdeseauxbleues.com\/de\/#website\"},\"primaryImageOfPage\":{\"@id\":\"https:\/\/ateliersdeseauxbleues.com\/de\/catalogue\/zubehor\/lernhilfen\/die-tandem-bar\/#primaryimage\"},\"image\":{\"@id\":\"https:\/\/ateliersdeseauxbleues.com\/de\/catalogue\/zubehor\/lernhilfen\/die-tandem-bar\/#primaryimage\"},\"thumbnailUrl\":\"https:\/\/ateliersdeseauxbleues.com\/wp-content\/uploads\/2025\/03\/Tandem-Bar-2-scaled.jpg\",\"datePublished\":\"2025-03-26T14:14:23+00:00\",\"dateModified\":\"2026-03-20T11:42:32+00:00\",\"breadcrumb\":{\"@id\":\"https:\/\/ateliersdeseauxbleues.com\/de\/catalogue\/zubehor\/lernhilfen\/die-tandem-bar\/#breadcrumb\"},\"inLanguage\":\"de\",\"potentialAction\":[{\"@type\":\"ReadAction\",\"target\":[\"https:\/\/ateliersdeseauxbleues.com\/de\/catalogue\/zubehor\/lernhilfen\/die-tandem-bar\/\"]}]},{\"@type\":\"ImageObject\",\"inLanguage\":\"de\",\"@id\":\"https:\/\/ateliersdeseauxbleues.com\/de\/catalogue\/zubehor\/lernhilfen\/die-tandem-bar\/#primaryimage\",\"url\":\"https:\/\/ateliersdeseauxbleues.com\/wp-content\/uploads\/2025\/03\/Tandem-Bar-2-scaled.jpg\",\"contentUrl\":\"https:\/\/ateliersdeseauxbleues.com\/wp-content\/uploads\/2025\/03\/Tandem-Bar-2-scaled.jpg\",\"width\":2560,\"height\":2253},{\"@type\":\"BreadcrumbList\",\"@id\":\"https:\/\/ateliersdeseauxbleues.com\/de\/catalogue\/zubehor\/lernhilfen\/die-tandem-bar\/#breadcrumb\",\"itemListElement\":[{\"@type\":\"ListItem\",\"position\":1,\"name\":\"Startseite\",\"item\":\"https:\/\/ateliersdeseauxbleues.com\/de\/ateliers-de-eaux-bleues-herstellung-von-blindenstoecken\/\"},{\"@type\":\"ListItem\",\"position\":2,\"name\":\"Sortiment\",\"item\":\"https:\/\/ateliersdeseauxbleues.com\/de\/sortiment\/\"},{\"@type\":\"ListItem\",\"position\":3,\"name\":\"Zubeh\u00f6r\",\"item\":\"https:\/\/ateliersdeseauxbleues.com\/de\/categorie-produit\/zubehor\/\"},{\"@type\":\"ListItem\",\"position\":4,\"name\":\"Lernhilfen\",\"item\":\"https:\/\/ateliersdeseauxbleues.com\/de\/categorie-produit\/zubehor\/lernhilfen\/\"},{\"@type\":\"ListItem\",\"position\":5,\"name\":\"Die Tandem-Bar\"}]},{\"@type\":\"WebSite\",\"@id\":\"https:\/\/ateliersdeseauxbleues.com\/de\/#website\",\"url\":\"https:\/\/ateliersdeseauxbleues.com\/de\/\",\"name\":\"Ateliers des Eaux Bleues\",\"description\":\"Ateliers des Eaux Bleues\",\"publisher\":{\"@id\":\"https:\/\/ateliersdeseauxbleues.com\/de\/#organization\"},\"potentialAction\":[{\"@type\":\"SearchAction\",\"target\":{\"@type\":\"EntryPoint\",\"urlTemplate\":\"https:\/\/ateliersdeseauxbleues.com\/de\/?s={search_term_string}\"},\"query-input\":{\"@type\":\"PropertyValueSpecification\",\"valueRequired\":true,\"valueName\":\"search_term_string\"}}],\"inLanguage\":\"de\"},{\"@type\":\"Organization\",\"@id\":\"https:\/\/ateliersdeseauxbleues.com\/de\/#organization\",\"name\":\"Ateliers des Eaux Bleues\",\"url\":\"https:\/\/ateliersdeseauxbleues.com\/de\/\",\"logo\":{\"@type\":\"ImageObject\",\"inLanguage\":\"de\",\"@id\":\"https:\/\/ateliersdeseauxbleues.com\/de\/#\/schema\/logo\/image\/\",\"url\":\"https:\/\/ateliersdeseauxbleues.com\/wp-content\/uploads\/2024\/12\/Logo-atelier-des-eaux-bleues.png\",\"contentUrl\":\"https:\/\/ateliersdeseauxbleues.com\/wp-content\/uploads\/2024\/12\/Logo-atelier-des-eaux-bleues.png\",\"width\":940,\"height\":418,\"caption\":\"Ateliers des Eaux Bleues\"},\"image\":{\"@id\":\"https:\/\/ateliersdeseauxbleues.com\/de\/#\/schema\/logo\/image\/\"}}]}<\/script>\n<!-- \/ Yoast SEO plugin. -->","yoast_head_json":{"title":"Die Tandem-Bar - Ateliers des Eaux Bleues","robots":{"index":"index","follow":"follow","max-snippet":"max-snippet:-1","max-image-preview":"max-image-preview:large","max-video-preview":"max-video-preview:-1"},"canonical":"https:\/\/ateliersdeseauxbleues.com\/de\/catalogue\/zubehor\/lernhilfen\/die-tandem-bar\/","og_locale":"de_DE","og_type":"article","og_title":"Die Tandem-Bar - Ateliers des Eaux Bleues","og_description":"Verbindungsstange zwischen dem Stock der Mobilit\u00e4tstrainerin bzw. des Mobilit\u00e4tstrainers und dem der Sch\u00fclerin bzw. des Sch\u00fclers. Einfach anzupassen, am unteren Drittel der beiden St\u00f6cke, erm\u00f6glicht sie, die vom Fachpersonal physisch vermittelten Hinweise besser zu verinnerlichen. F\u00fcr dieses Hilfsmittel sind Empfehlungen zur Anwendung erforderlich.","og_url":"https:\/\/ateliersdeseauxbleues.com\/de\/catalogue\/zubehor\/lernhilfen\/die-tandem-bar\/","og_site_name":"Ateliers des Eaux Bleues","article_modified_time":"2026-03-20T11:42:32+00:00","og_image":[{"width":2560,"height":2253,"url":"https:\/\/ateliersdeseauxbleues.com\/wp-content\/uploads\/2025\/03\/Tandem-Bar-2-scaled.jpg","type":"image\/jpeg"}],"twitter_card":"summary_large_image","schema":{"@context":"https:\/\/schema.org","@graph":[{"@type":"WebPage","@id":"https:\/\/ateliersdeseauxbleues.com\/de\/catalogue\/zubehor\/lernhilfen\/die-tandem-bar\/","url":"https:\/\/ateliersdeseauxbleues.com\/de\/catalogue\/zubehor\/lernhilfen\/die-tandem-bar\/","name":"Die Tandem-Bar - Ateliers des Eaux Bleues","isPartOf":{"@id":"https:\/\/ateliersdeseauxbleues.com\/de\/#website"},"primaryImageOfPage":{"@id":"https:\/\/ateliersdeseauxbleues.com\/de\/catalogue\/zubehor\/lernhilfen\/die-tandem-bar\/#primaryimage"},"image":{"@id":"https:\/\/ateliersdeseauxbleues.com\/de\/catalogue\/zubehor\/lernhilfen\/die-tandem-bar\/#primaryimage"},"thumbnailUrl":"https:\/\/ateliersdeseauxbleues.com\/wp-content\/uploads\/2025\/03\/Tandem-Bar-2-scaled.jpg","datePublished":"2025-03-26T14:14:23+00:00","dateModified":"2026-03-20T11:42:32+00:00","breadcrumb":{"@id":"https:\/\/ateliersdeseauxbleues.com\/de\/catalogue\/zubehor\/lernhilfen\/die-tandem-bar\/#breadcrumb"},"inLanguage":"de","potentialAction":[{"@type":"ReadAction","target":["https:\/\/ateliersdeseauxbleues.com\/de\/catalogue\/zubehor\/lernhilfen\/die-tandem-bar\/"]}]},{"@type":"ImageObject","inLanguage":"de","@id":"https:\/\/ateliersdeseauxbleues.com\/de\/catalogue\/zubehor\/lernhilfen\/die-tandem-bar\/#primaryimage","url":"https:\/\/ateliersdeseauxbleues.com\/wp-content\/uploads\/2025\/03\/Tandem-Bar-2-scaled.jpg","contentUrl":"https:\/\/ateliersdeseauxbleues.com\/wp-content\/uploads\/2025\/03\/Tandem-Bar-2-scaled.jpg","width":2560,"height":2253},{"@type":"BreadcrumbList","@id":"https:\/\/ateliersdeseauxbleues.com\/de\/catalogue\/zubehor\/lernhilfen\/die-tandem-bar\/#breadcrumb","itemListElement":[{"@type":"ListItem","position":1,"name":"Startseite","item":"https:\/\/ateliersdeseauxbleues.com\/de\/ateliers-de-eaux-bleues-herstellung-von-blindenstoecken\/"},{"@type":"ListItem","position":2,"name":"Sortiment","item":"https:\/\/ateliersdeseauxbleues.com\/de\/sortiment\/"},{"@type":"ListItem","position":3,"name":"Zubeh\u00f6r","item":"https:\/\/ateliersdeseauxbleues.com\/de\/categorie-produit\/zubehor\/"},{"@type":"ListItem","position":4,"name":"Lernhilfen","item":"https:\/\/ateliersdeseauxbleues.com\/de\/categorie-produit\/zubehor\/lernhilfen\/"},{"@type":"ListItem","position":5,"name":"Die Tandem-Bar"}]},{"@type":"WebSite","@id":"https:\/\/ateliersdeseauxbleues.com\/de\/#website","url":"https:\/\/ateliersdeseauxbleues.com\/de\/","name":"Ateliers des Eaux Bleues","description":"Ateliers des Eaux Bleues","publisher":{"@id":"https:\/\/ateliersdeseauxbleues.com\/de\/#organization"},"potentialAction":[{"@type":"SearchAction","target":{"@type":"EntryPoint","urlTemplate":"https:\/\/ateliersdeseauxbleues.com\/de\/?s={search_term_string}"},"query-input":{"@type":"PropertyValueSpecification","valueRequired":true,"valueName":"search_term_string"}}],"inLanguage":"de"},{"@type":"Organization","@id":"https:\/\/ateliersdeseauxbleues.com\/de\/#organization","name":"Ateliers des Eaux Bleues","url":"https:\/\/ateliersdeseauxbleues.com\/de\/","logo":{"@type":"ImageObject","inLanguage":"de","@id":"https:\/\/ateliersdeseauxbleues.com\/de\/#\/schema\/logo\/image\/","url":"https:\/\/ateliersdeseauxbleues.com\/wp-content\/uploads\/2024\/12\/Logo-atelier-des-eaux-bleues.png","contentUrl":"https:\/\/ateliersdeseauxbleues.com\/wp-content\/uploads\/2024\/12\/Logo-atelier-des-eaux-bleues.png","width":940,"height":418,"caption":"Ateliers des Eaux Bleues"},"image":{"@id":"https:\/\/ateliersdeseauxbleues.com\/de\/#\/schema\/logo\/image\/"}}]}},"_links":{"self":[{"href":"https:\/\/ateliersdeseauxbleues.com\/de\/wp-json\/wp\/v2\/product\/9721","targetHints":{"allow":["GET"]}}],"collection":[{"href":"https:\/\/ateliersdeseauxbleues.com\/de\/wp-json\/wp\/v2\/product"}],"about":[{"href":"https:\/\/ateliersdeseauxbleues.com\/de\/wp-json\/wp\/v2\/types\/product"}],"replies":[{"embeddable":true,"href":"https:\/\/ateliersdeseauxbleues.com\/de\/wp-json\/wp\/v2\/comments?post=9721"}],"wp:featuredmedia":[{"embeddable":true,"href":"https:\/\/ateliersdeseauxbleues.com\/de\/wp-json\/wp\/v2\/media\/2578"}],"wp:attachment":[{"href":"https:\/\/ateliersdeseauxbleues.com\/de\/wp-json\/wp\/v2\/media?parent=9721"}],"wp:term":[{"taxonomy":"product_brand","embeddable":true,"href":"https:\/\/ateliersdeseauxbleues.com\/de\/wp-json\/wp\/v2\/product_brand?post=9721"},{"taxonomy":"product_cat","embeddable":true,"href":"https:\/\/ateliersdeseauxbleues.com\/de\/wp-json\/wp\/v2\/product_cat?post=9721"},{"taxonomy":"product_tag","embeddable":true,"href":"https:\/\/ateliersdeseauxbleues.com\/de\/wp-json\/wp\/v2\/product_tag?post=9721"}],"curies":[{"name":"wp","href":"https:\/\/api.w.org\/{rel}","templated":true}]}}