{"id":9709,"date":"2025-04-09T09:45:59","date_gmt":"2025-04-09T07:45:59","guid":{"rendered":"https:\/\/ateliersdeseauxbleues.com\/catalogue\/unkategorisiert\/der-vorstock\/"},"modified":"2025-04-09T09:45:59","modified_gmt":"2025-04-09T07:45:59","slug":"der-vorstock","status":"publish","type":"product","link":"https:\/\/ateliersdeseauxbleues.com\/de\/catalogue\/zubehor\/lernhilfen\/der-vorstock\/","title":{"rendered":"Der Vorstock"},"content":{"rendered":"<div class=\"page\" title=\"Seite 10\">\n<div class=\"layoutArea\">\n<div class=\"column\">\n<p><strong>\u201eGrip\u201c-Beschichtung<\/strong> auf der oberen Querstrebe.<\/p>\n<p><b>Ausgestattet mit<\/b> Telleraufs\u00e4tzen Durchmesser 60 mm<\/p>\n<p>H\u00f6henverstellbar, <strong>3 Gr\u00f6\u00dfen sind verf\u00fcgbar<\/strong>:<\/p>\n<p class=\"Puces\"><!-- [if !supportLists]--><span style=\"font-family: Wingdings; color: #aadc49;\">\u00dc<span style=\"font: 7pt 'Times New Roman';\">  <\/span><\/span><!--[endif]-->S: von 70 bis 90 cm, Breite unten 40 cm<\/p>\n<p class=\"Puces\"><!-- [if !supportLists]--><span style=\"font-family: Wingdings; color: #aadc49;\">\u00dc<span style=\"font: 7pt 'Times New Roman';\">  <\/span><\/span><!--[endif]-->M: von 91 bis 110 cm, Breite unten 47 cm<\/p>\n<p class=\"Puces\"><!-- [if !supportLists]--><span style=\"font-family: Wingdings; color: #aadc49;\">\u00dc<span style=\"font: 7pt 'Times New Roman';\">  <\/span><\/span><!--[endif]-->L: von 111 cm bis 130 cm, Breite unten 53 cm<\/p>\n<\/div>\n<\/div>\n<\/div>\n","protected":false},"excerpt":{"rendered":"<p>Der in Zusammenarbeit mit Mobilit\u00e4tsfachleuten entwickelte Vorstock ist ein <strong>spezielles Hilfsmittel f\u00fcr Personen<\/strong> (Kinder oder Erwachsene), <strong>die nicht \u00fcber die notwendigen Voraussetzungen f\u00fcr das Erlernen der Mobilit\u00e4t mit einem wei\u00dfen Stock verf\u00fcgen<\/strong>.<\/p>\n<p>Wie w\u00e4hlt man seinen Vorstock aus?<\/p>\n<p><strong>\u201eGrip\u201c-Beschichtung<\/strong> auf der oberen Querstrebe.<\/p>\n<p><b>Ausgestattet mit<\/b> Telleraufs\u00e4tzen Durchmesser 60 mm<\/p>\n<p>H\u00f6henverstellbar, <strong>3 Gr\u00f6\u00dfen sind verf\u00fcgbar<\/strong>:<\/p>\n<p class=\"Puces\"><!-- [if !supportLists]--><span style=\"font-family: Wingdings; color: #aadc49;\">\u00dc<span style=\"font: 7pt 'Times New Roman';\">  <\/span><\/span><!--[endif]-->S: von 70 bis 90 cm, Breite unten 40 cm<\/p>\n<p class=\"Puces\"><!-- [if !supportLists]--><span style=\"font-family: Wingdings; color: #aadc49;\">\u00dc<span style=\"font: 7pt 'Times New Roman';\">  <\/span><\/span><!--[endif]-->M: von 91 bis 110 cm, Breite unten 47 cm<\/p>\n<p class=\"Puces\"><!-- [if !supportLists]--><span style=\"font-family: Wingdings; color: #aadc49;\">\u00dc<span style=\"font: 7pt 'Times New Roman';\">  <\/span><\/span><!--[endif]-->L: von 111 cm bis 130 cm, Breite unten 53 cm<\/p>\n<p class=\"MsoNormal\"><span style=\"color: #fd0202;\">Dieses Hilfsmittel erfordert Empfehlungen zur Verwendung.<\/span><\/p>\n<p class=\"MsoNormal\"><span style=\"color: #fd0202;\">F\u00fcr dieses Produkt fallen aufgrund seiner Abmessungen h\u00f6here Versandkosten an.<\/span><\/p>\n<pre><\/pre>\n","protected":false},"featured_media":9711,"comment_status":"open","ping_status":"closed","template":"","meta":[],"product_brand":[],"product_cat":[261],"product_tag":[],"class_list":{"0":"post-9709","1":"product","2":"type-product","3":"status-publish","4":"has-post-thumbnail","6":"product_cat-lernhilfen","8":"first","9":"instock","10":"taxable","11":"shipping-taxable","12":"purchasable","13":"product-type-variable","14":"wvs-archive-product-wrapper"},"yoast_head":"<!-- This site is optimized with the Yoast SEO plugin v27.2 - https:\/\/yoast.com\/product\/yoast-seo-wordpress\/ -->\n<title>Der Vorstock - Ateliers des Eaux Bleues<\/title>\n<meta name=\"robots\" content=\"index, follow, max-snippet:-1, max-image-preview:large, max-video-preview:-1\" \/>\n<link rel=\"canonical\" href=\"https:\/\/ateliersdeseauxbleues.com\/de\/catalogue\/zubehor\/lernhilfen\/der-vorstock\/\" \/>\n<meta property=\"og:locale\" content=\"de_DE\" \/>\n<meta property=\"og:type\" content=\"article\" \/>\n<meta property=\"og:title\" content=\"Der Vorstock - Ateliers des Eaux Bleues\" \/>\n<meta property=\"og:description\" content=\"Der in Zusammenarbeit mit Mobilit\u00e4tsfachleuten entwickelte Vorstock ist ein spezielles Hilfsmittel f\u00fcr Personen (Kinder oder Erwachsene), die nicht \u00fcber die notwendigen Voraussetzungen f\u00fcr das Erlernen der Mobilit\u00e4t mit einem wei\u00dfen Stock verf\u00fcgen. Wie w\u00e4hlt man seinen Vorstock aus? \u201eGrip\u201c-Beschichtung auf der oberen Querstrebe. Ausgestattet mit Telleraufs\u00e4tzen Durchmesser 60 mm H\u00f6henverstellbar, 3 Gr\u00f6\u00dfen sind verf\u00fcgbar: \u00dc S: von 70 bis 90 cm, Breite unten 40 cm \u00dc M: von 91 bis 110 cm, Breite unten 47 cm \u00dc L: von 111 cm bis 130 cm, Breite unten 53 cm Dieses Hilfsmittel erfordert Empfehlungen zur Verwendung. F\u00fcr dieses Produkt fallen aufgrund seiner Abmessungen h\u00f6here Versandkosten an.\" \/>\n<meta property=\"og:url\" content=\"https:\/\/ateliersdeseauxbleues.com\/de\/catalogue\/zubehor\/lernhilfen\/der-vorstock\/\" \/>\n<meta property=\"og:site_name\" content=\"Ateliers des Eaux Bleues\" \/>\n<meta property=\"og:image\" content=\"https:\/\/ateliersdeseauxbleues.com\/wp-content\/uploads\/2025\/04\/Precanne-3-scaled.jpg\" \/>\n\t<meta property=\"og:image:width\" content=\"2560\" \/>\n\t<meta property=\"og:image:height\" content=\"2560\" \/>\n\t<meta property=\"og:image:type\" content=\"image\/jpeg\" \/>\n<meta name=\"twitter:card\" content=\"summary_large_image\" \/>\n<script type=\"application\/ld+json\" class=\"yoast-schema-graph\">{\"@context\":\"https:\/\/schema.org\",\"@graph\":[{\"@type\":\"WebPage\",\"@id\":\"https:\/\/ateliersdeseauxbleues.com\/de\/catalogue\/zubehor\/lernhilfen\/der-vorstock\/\",\"url\":\"https:\/\/ateliersdeseauxbleues.com\/de\/catalogue\/zubehor\/lernhilfen\/der-vorstock\/\",\"name\":\"Der Vorstock - Ateliers des Eaux Bleues\",\"isPartOf\":{\"@id\":\"https:\/\/ateliersdeseauxbleues.com\/de\/#website\"},\"primaryImageOfPage\":{\"@id\":\"https:\/\/ateliersdeseauxbleues.com\/de\/catalogue\/zubehor\/lernhilfen\/der-vorstock\/#primaryimage\"},\"image\":{\"@id\":\"https:\/\/ateliersdeseauxbleues.com\/de\/catalogue\/zubehor\/lernhilfen\/der-vorstock\/#primaryimage\"},\"thumbnailUrl\":\"https:\/\/ateliersdeseauxbleues.com\/wp-content\/uploads\/2025\/04\/Precanne-3-scaled.jpg\",\"datePublished\":\"2025-04-09T07:45:59+00:00\",\"breadcrumb\":{\"@id\":\"https:\/\/ateliersdeseauxbleues.com\/de\/catalogue\/zubehor\/lernhilfen\/der-vorstock\/#breadcrumb\"},\"inLanguage\":\"de\",\"potentialAction\":[{\"@type\":\"ReadAction\",\"target\":[\"https:\/\/ateliersdeseauxbleues.com\/de\/catalogue\/zubehor\/lernhilfen\/der-vorstock\/\"]}]},{\"@type\":\"ImageObject\",\"inLanguage\":\"de\",\"@id\":\"https:\/\/ateliersdeseauxbleues.com\/de\/catalogue\/zubehor\/lernhilfen\/der-vorstock\/#primaryimage\",\"url\":\"https:\/\/ateliersdeseauxbleues.com\/wp-content\/uploads\/2025\/04\/Precanne-3-scaled.jpg\",\"contentUrl\":\"https:\/\/ateliersdeseauxbleues.com\/wp-content\/uploads\/2025\/04\/Precanne-3-scaled.jpg\",\"width\":2560,\"height\":2560,\"caption\":\"Vorstock 3\"},{\"@type\":\"BreadcrumbList\",\"@id\":\"https:\/\/ateliersdeseauxbleues.com\/de\/catalogue\/zubehor\/lernhilfen\/der-vorstock\/#breadcrumb\",\"itemListElement\":[{\"@type\":\"ListItem\",\"position\":1,\"name\":\"Startseite\",\"item\":\"https:\/\/ateliersdeseauxbleues.com\/de\/ateliers-de-eaux-bleues-herstellung-von-blindenstoecken\/\"},{\"@type\":\"ListItem\",\"position\":2,\"name\":\"Sortiment\",\"item\":\"https:\/\/ateliersdeseauxbleues.com\/de\/sortiment\/\"},{\"@type\":\"ListItem\",\"position\":3,\"name\":\"Der Vorstock\"}]},{\"@type\":\"WebSite\",\"@id\":\"https:\/\/ateliersdeseauxbleues.com\/de\/#website\",\"url\":\"https:\/\/ateliersdeseauxbleues.com\/de\/\",\"name\":\"Ateliers des Eaux Bleues\",\"description\":\"Ateliers des Eaux Bleues\",\"publisher\":{\"@id\":\"https:\/\/ateliersdeseauxbleues.com\/de\/#organization\"},\"potentialAction\":[{\"@type\":\"SearchAction\",\"target\":{\"@type\":\"EntryPoint\",\"urlTemplate\":\"https:\/\/ateliersdeseauxbleues.com\/de\/?s={search_term_string}\"},\"query-input\":{\"@type\":\"PropertyValueSpecification\",\"valueRequired\":true,\"valueName\":\"search_term_string\"}}],\"inLanguage\":\"de\"},{\"@type\":\"Organization\",\"@id\":\"https:\/\/ateliersdeseauxbleues.com\/de\/#organization\",\"name\":\"Ateliers des Eaux Bleues\",\"url\":\"https:\/\/ateliersdeseauxbleues.com\/de\/\",\"logo\":{\"@type\":\"ImageObject\",\"inLanguage\":\"de\",\"@id\":\"https:\/\/ateliersdeseauxbleues.com\/de\/#\/schema\/logo\/image\/\",\"url\":\"https:\/\/ateliersdeseauxbleues.com\/wp-content\/uploads\/2024\/12\/Logo-atelier-des-eaux-bleues.png\",\"contentUrl\":\"https:\/\/ateliersdeseauxbleues.com\/wp-content\/uploads\/2024\/12\/Logo-atelier-des-eaux-bleues.png\",\"width\":940,\"height\":418,\"caption\":\"Ateliers des Eaux Bleues\"},\"image\":{\"@id\":\"https:\/\/ateliersdeseauxbleues.com\/de\/#\/schema\/logo\/image\/\"}}]}<\/script>\n<!-- \/ Yoast SEO plugin. -->","yoast_head_json":{"title":"Der Vorstock - Ateliers des Eaux Bleues","robots":{"index":"index","follow":"follow","max-snippet":"max-snippet:-1","max-image-preview":"max-image-preview:large","max-video-preview":"max-video-preview:-1"},"canonical":"https:\/\/ateliersdeseauxbleues.com\/de\/catalogue\/zubehor\/lernhilfen\/der-vorstock\/","og_locale":"de_DE","og_type":"article","og_title":"Der Vorstock - Ateliers des Eaux Bleues","og_description":"Der in Zusammenarbeit mit Mobilit\u00e4tsfachleuten entwickelte Vorstock ist ein spezielles Hilfsmittel f\u00fcr Personen (Kinder oder Erwachsene), die nicht \u00fcber die notwendigen Voraussetzungen f\u00fcr das Erlernen der Mobilit\u00e4t mit einem wei\u00dfen Stock verf\u00fcgen. Wie w\u00e4hlt man seinen Vorstock aus? \u201eGrip\u201c-Beschichtung auf der oberen Querstrebe. Ausgestattet mit Telleraufs\u00e4tzen Durchmesser 60 mm H\u00f6henverstellbar, 3 Gr\u00f6\u00dfen sind verf\u00fcgbar: \u00dc S: von 70 bis 90 cm, Breite unten 40 cm \u00dc M: von 91 bis 110 cm, Breite unten 47 cm \u00dc L: von 111 cm bis 130 cm, Breite unten 53 cm Dieses Hilfsmittel erfordert Empfehlungen zur Verwendung. F\u00fcr dieses Produkt fallen aufgrund seiner Abmessungen h\u00f6here Versandkosten an.","og_url":"https:\/\/ateliersdeseauxbleues.com\/de\/catalogue\/zubehor\/lernhilfen\/der-vorstock\/","og_site_name":"Ateliers des Eaux Bleues","og_image":[{"width":2560,"height":2560,"url":"https:\/\/ateliersdeseauxbleues.com\/wp-content\/uploads\/2025\/04\/Precanne-3-scaled.jpg","type":"image\/jpeg"}],"twitter_card":"summary_large_image","schema":{"@context":"https:\/\/schema.org","@graph":[{"@type":"WebPage","@id":"https:\/\/ateliersdeseauxbleues.com\/de\/catalogue\/zubehor\/lernhilfen\/der-vorstock\/","url":"https:\/\/ateliersdeseauxbleues.com\/de\/catalogue\/zubehor\/lernhilfen\/der-vorstock\/","name":"Der Vorstock - Ateliers des Eaux Bleues","isPartOf":{"@id":"https:\/\/ateliersdeseauxbleues.com\/de\/#website"},"primaryImageOfPage":{"@id":"https:\/\/ateliersdeseauxbleues.com\/de\/catalogue\/zubehor\/lernhilfen\/der-vorstock\/#primaryimage"},"image":{"@id":"https:\/\/ateliersdeseauxbleues.com\/de\/catalogue\/zubehor\/lernhilfen\/der-vorstock\/#primaryimage"},"thumbnailUrl":"https:\/\/ateliersdeseauxbleues.com\/wp-content\/uploads\/2025\/04\/Precanne-3-scaled.jpg","datePublished":"2025-04-09T07:45:59+00:00","breadcrumb":{"@id":"https:\/\/ateliersdeseauxbleues.com\/de\/catalogue\/zubehor\/lernhilfen\/der-vorstock\/#breadcrumb"},"inLanguage":"de","potentialAction":[{"@type":"ReadAction","target":["https:\/\/ateliersdeseauxbleues.com\/de\/catalogue\/zubehor\/lernhilfen\/der-vorstock\/"]}]},{"@type":"ImageObject","inLanguage":"de","@id":"https:\/\/ateliersdeseauxbleues.com\/de\/catalogue\/zubehor\/lernhilfen\/der-vorstock\/#primaryimage","url":"https:\/\/ateliersdeseauxbleues.com\/wp-content\/uploads\/2025\/04\/Precanne-3-scaled.jpg","contentUrl":"https:\/\/ateliersdeseauxbleues.com\/wp-content\/uploads\/2025\/04\/Precanne-3-scaled.jpg","width":2560,"height":2560,"caption":"Vorstock 3"},{"@type":"BreadcrumbList","@id":"https:\/\/ateliersdeseauxbleues.com\/de\/catalogue\/zubehor\/lernhilfen\/der-vorstock\/#breadcrumb","itemListElement":[{"@type":"ListItem","position":1,"name":"Startseite","item":"https:\/\/ateliersdeseauxbleues.com\/de\/ateliers-de-eaux-bleues-herstellung-von-blindenstoecken\/"},{"@type":"ListItem","position":2,"name":"Sortiment","item":"https:\/\/ateliersdeseauxbleues.com\/de\/sortiment\/"},{"@type":"ListItem","position":3,"name":"Der Vorstock"}]},{"@type":"WebSite","@id":"https:\/\/ateliersdeseauxbleues.com\/de\/#website","url":"https:\/\/ateliersdeseauxbleues.com\/de\/","name":"Ateliers des Eaux Bleues","description":"Ateliers des Eaux Bleues","publisher":{"@id":"https:\/\/ateliersdeseauxbleues.com\/de\/#organization"},"potentialAction":[{"@type":"SearchAction","target":{"@type":"EntryPoint","urlTemplate":"https:\/\/ateliersdeseauxbleues.com\/de\/?s={search_term_string}"},"query-input":{"@type":"PropertyValueSpecification","valueRequired":true,"valueName":"search_term_string"}}],"inLanguage":"de"},{"@type":"Organization","@id":"https:\/\/ateliersdeseauxbleues.com\/de\/#organization","name":"Ateliers des Eaux Bleues","url":"https:\/\/ateliersdeseauxbleues.com\/de\/","logo":{"@type":"ImageObject","inLanguage":"de","@id":"https:\/\/ateliersdeseauxbleues.com\/de\/#\/schema\/logo\/image\/","url":"https:\/\/ateliersdeseauxbleues.com\/wp-content\/uploads\/2024\/12\/Logo-atelier-des-eaux-bleues.png","contentUrl":"https:\/\/ateliersdeseauxbleues.com\/wp-content\/uploads\/2024\/12\/Logo-atelier-des-eaux-bleues.png","width":940,"height":418,"caption":"Ateliers des Eaux Bleues"},"image":{"@id":"https:\/\/ateliersdeseauxbleues.com\/de\/#\/schema\/logo\/image\/"}}]}},"_links":{"self":[{"href":"https:\/\/ateliersdeseauxbleues.com\/de\/wp-json\/wp\/v2\/product\/9709","targetHints":{"allow":["GET"]}}],"collection":[{"href":"https:\/\/ateliersdeseauxbleues.com\/de\/wp-json\/wp\/v2\/product"}],"about":[{"href":"https:\/\/ateliersdeseauxbleues.com\/de\/wp-json\/wp\/v2\/types\/product"}],"replies":[{"embeddable":true,"href":"https:\/\/ateliersdeseauxbleues.com\/de\/wp-json\/wp\/v2\/comments?post=9709"}],"wp:featuredmedia":[{"embeddable":true,"href":"https:\/\/ateliersdeseauxbleues.com\/de\/wp-json\/wp\/v2\/media\/9711"}],"wp:attachment":[{"href":"https:\/\/ateliersdeseauxbleues.com\/de\/wp-json\/wp\/v2\/media?parent=9709"}],"wp:term":[{"taxonomy":"product_brand","embeddable":true,"href":"https:\/\/ateliersdeseauxbleues.com\/de\/wp-json\/wp\/v2\/product_brand?post=9709"},{"taxonomy":"product_cat","embeddable":true,"href":"https:\/\/ateliersdeseauxbleues.com\/de\/wp-json\/wp\/v2\/product_cat?post=9709"},{"taxonomy":"product_tag","embeddable":true,"href":"https:\/\/ateliersdeseauxbleues.com\/de\/wp-json\/wp\/v2\/product_tag?post=9709"}],"curies":[{"name":"wp","href":"https:\/\/api.w.org\/{rel}","templated":true}]}}