{"id":9705,"date":"2019-10-08T13:18:28","date_gmt":"2019-10-08T11:18:28","guid":{"rendered":"https:\/\/ateliersdeseauxbleues.com\/catalogue\/unkategorisiert\/einstraengiges-gummiband-mit-schlaufe-auf-einer-seite\/"},"modified":"2026-03-20T12:42:19","modified_gmt":"2026-03-20T11:42:19","slug":"einstraengiges-gummiband-mit-schlaufe-auf-einer-seite","status":"publish","type":"product","link":"https:\/\/ateliersdeseauxbleues.com\/de\/catalogue\/zubehor\/einstraengiges-gummiband-mit-schlaufe-auf-einer-seite\/","title":{"rendered":"Einstr\u00e4ngiges Gummiband \u2013 mit Schlaufe auf einer Seite"},"content":{"rendered":"","protected":false},"excerpt":{"rendered":"<p>Mit diesem Artikel k\u00f6nnen Sie Ihr einstr\u00e4ngiges zentrales Gummiband <strong>ganz einfach ersetzen<\/strong>.  <strong>Kompatibel mit St\u00f6cken Ref. : 3, 9<\/strong>.<\/p>\n<p>Das Gummiband hat \u2013 je nach Stockl\u00e4nge \u2013 eine L\u00e4nge zwischen 1,80 m und 2,50 m. Bitte geben Sie daher bei Ihrer Bestellung <span style=\"text-decoration: underline;\">unbedingt<\/span> <span style=\"text-decoration: underline;\">die L\u00e4nge Ihres Stocks<\/span> an. <\/p>\n","protected":false},"featured_media":2676,"comment_status":"open","ping_status":"closed","template":"","meta":[],"product_brand":[],"product_cat":[260],"product_tag":[],"class_list":{"0":"post-9705","1":"product","2":"type-product","3":"status-publish","4":"has-post-thumbnail","6":"product_cat-zubehor","8":"first","9":"instock","10":"taxable","11":"shipping-taxable","12":"purchasable","13":"product-type-simple"},"yoast_head":"<!-- This site is optimized with the Yoast SEO plugin v27.2 - https:\/\/yoast.com\/product\/yoast-seo-wordpress\/ -->\n<title>Einstr\u00e4ngiges Gummiband \u2013 mit Schlaufe auf einer Seite - Ateliers des Eaux Bleues<\/title>\n<meta name=\"robots\" content=\"index, follow, max-snippet:-1, max-image-preview:large, max-video-preview:-1\" \/>\n<link rel=\"canonical\" href=\"https:\/\/ateliersdeseauxbleues.com\/de\/catalogue\/zubehor\/einstraengiges-gummiband-mit-schlaufe-auf-einer-seite\/\" \/>\n<meta property=\"og:locale\" content=\"de_DE\" \/>\n<meta property=\"og:type\" content=\"article\" \/>\n<meta property=\"og:title\" content=\"Einstr\u00e4ngiges Gummiband \u2013 mit Schlaufe auf einer Seite - Ateliers des Eaux Bleues\" \/>\n<meta property=\"og:description\" content=\"Mit diesem Artikel k\u00f6nnen Sie Ihr einstr\u00e4ngiges zentrales Gummiband ganz einfach ersetzen. Kompatibel mit St\u00f6cken Ref. : 3, 9. Das Gummiband hat \u2013 je nach Stockl\u00e4nge \u2013 eine L\u00e4nge zwischen 1,80 m und 2,50 m. Bitte geben Sie daher bei Ihrer Bestellung unbedingt die L\u00e4nge Ihres Stocks an.\" \/>\n<meta property=\"og:url\" content=\"https:\/\/ateliersdeseauxbleues.com\/de\/catalogue\/zubehor\/einstraengiges-gummiband-mit-schlaufe-auf-einer-seite\/\" \/>\n<meta property=\"og:site_name\" content=\"Ateliers des Eaux Bleues\" \/>\n<meta property=\"article:modified_time\" content=\"2026-03-20T11:42:19+00:00\" \/>\n<meta property=\"og:image\" content=\"https:\/\/ateliersdeseauxbleues.com\/wp-content\/uploads\/2019\/10\/Elastique-de-rechange-Canne-9-3.jpg\" \/>\n\t<meta property=\"og:image:width\" content=\"2423\" \/>\n\t<meta property=\"og:image:height\" content=\"2423\" \/>\n\t<meta property=\"og:image:type\" content=\"image\/jpeg\" \/>\n<meta name=\"twitter:card\" content=\"summary_large_image\" \/>\n<script type=\"application\/ld+json\" class=\"yoast-schema-graph\">{\"@context\":\"https:\/\/schema.org\",\"@graph\":[{\"@type\":\"WebPage\",\"@id\":\"https:\/\/ateliersdeseauxbleues.com\/de\/catalogue\/zubehor\/einstraengiges-gummiband-mit-schlaufe-auf-einer-seite\/\",\"url\":\"https:\/\/ateliersdeseauxbleues.com\/de\/catalogue\/zubehor\/einstraengiges-gummiband-mit-schlaufe-auf-einer-seite\/\",\"name\":\"Einstr\u00e4ngiges Gummiband \u2013 mit Schlaufe auf einer Seite - Ateliers des Eaux Bleues\",\"isPartOf\":{\"@id\":\"https:\/\/ateliersdeseauxbleues.com\/de\/#website\"},\"primaryImageOfPage\":{\"@id\":\"https:\/\/ateliersdeseauxbleues.com\/de\/catalogue\/zubehor\/einstraengiges-gummiband-mit-schlaufe-auf-einer-seite\/#primaryimage\"},\"image\":{\"@id\":\"https:\/\/ateliersdeseauxbleues.com\/de\/catalogue\/zubehor\/einstraengiges-gummiband-mit-schlaufe-auf-einer-seite\/#primaryimage\"},\"thumbnailUrl\":\"https:\/\/ateliersdeseauxbleues.com\/wp-content\/uploads\/2019\/10\/Elastique-de-rechange-Canne-9-3.jpg\",\"datePublished\":\"2019-10-08T11:18:28+00:00\",\"dateModified\":\"2026-03-20T11:42:19+00:00\",\"breadcrumb\":{\"@id\":\"https:\/\/ateliersdeseauxbleues.com\/de\/catalogue\/zubehor\/einstraengiges-gummiband-mit-schlaufe-auf-einer-seite\/#breadcrumb\"},\"inLanguage\":\"de\",\"potentialAction\":[{\"@type\":\"ReadAction\",\"target\":[\"https:\/\/ateliersdeseauxbleues.com\/de\/catalogue\/zubehor\/einstraengiges-gummiband-mit-schlaufe-auf-einer-seite\/\"]}]},{\"@type\":\"ImageObject\",\"inLanguage\":\"de\",\"@id\":\"https:\/\/ateliersdeseauxbleues.com\/de\/catalogue\/zubehor\/einstraengiges-gummiband-mit-schlaufe-auf-einer-seite\/#primaryimage\",\"url\":\"https:\/\/ateliersdeseauxbleues.com\/wp-content\/uploads\/2019\/10\/Elastique-de-rechange-Canne-9-3.jpg\",\"contentUrl\":\"https:\/\/ateliersdeseauxbleues.com\/wp-content\/uploads\/2019\/10\/Elastique-de-rechange-Canne-9-3.jpg\",\"width\":2423,\"height\":2423,\"caption\":\"Elastique de rechange Canne 9-3\"},{\"@type\":\"BreadcrumbList\",\"@id\":\"https:\/\/ateliersdeseauxbleues.com\/de\/catalogue\/zubehor\/einstraengiges-gummiband-mit-schlaufe-auf-einer-seite\/#breadcrumb\",\"itemListElement\":[{\"@type\":\"ListItem\",\"position\":1,\"name\":\"Startseite\",\"item\":\"https:\/\/ateliersdeseauxbleues.com\/de\/ateliers-de-eaux-bleues-herstellung-von-blindenstoecken\/\"},{\"@type\":\"ListItem\",\"position\":2,\"name\":\"Sortiment\",\"item\":\"https:\/\/ateliersdeseauxbleues.com\/de\/sortiment\/\"},{\"@type\":\"ListItem\",\"position\":3,\"name\":\"Zubeh\u00f6r\",\"item\":\"https:\/\/ateliersdeseauxbleues.com\/de\/categorie-produit\/zubehor\/\"},{\"@type\":\"ListItem\",\"position\":4,\"name\":\"Einstr\u00e4ngiges Gummiband \u2013 mit Schlaufe auf einer Seite\"}]},{\"@type\":\"WebSite\",\"@id\":\"https:\/\/ateliersdeseauxbleues.com\/de\/#website\",\"url\":\"https:\/\/ateliersdeseauxbleues.com\/de\/\",\"name\":\"Ateliers des Eaux Bleues\",\"description\":\"Ateliers des Eaux Bleues\",\"publisher\":{\"@id\":\"https:\/\/ateliersdeseauxbleues.com\/de\/#organization\"},\"potentialAction\":[{\"@type\":\"SearchAction\",\"target\":{\"@type\":\"EntryPoint\",\"urlTemplate\":\"https:\/\/ateliersdeseauxbleues.com\/de\/?s={search_term_string}\"},\"query-input\":{\"@type\":\"PropertyValueSpecification\",\"valueRequired\":true,\"valueName\":\"search_term_string\"}}],\"inLanguage\":\"de\"},{\"@type\":\"Organization\",\"@id\":\"https:\/\/ateliersdeseauxbleues.com\/de\/#organization\",\"name\":\"Ateliers des Eaux Bleues\",\"url\":\"https:\/\/ateliersdeseauxbleues.com\/de\/\",\"logo\":{\"@type\":\"ImageObject\",\"inLanguage\":\"de\",\"@id\":\"https:\/\/ateliersdeseauxbleues.com\/de\/#\/schema\/logo\/image\/\",\"url\":\"https:\/\/ateliersdeseauxbleues.com\/wp-content\/uploads\/2024\/12\/Logo-atelier-des-eaux-bleues.png\",\"contentUrl\":\"https:\/\/ateliersdeseauxbleues.com\/wp-content\/uploads\/2024\/12\/Logo-atelier-des-eaux-bleues.png\",\"width\":940,\"height\":418,\"caption\":\"Ateliers des Eaux Bleues\"},\"image\":{\"@id\":\"https:\/\/ateliersdeseauxbleues.com\/de\/#\/schema\/logo\/image\/\"}}]}<\/script>\n<!-- \/ Yoast SEO plugin. -->","yoast_head_json":{"title":"Einstr\u00e4ngiges Gummiband \u2013 mit Schlaufe auf einer Seite - Ateliers des Eaux Bleues","robots":{"index":"index","follow":"follow","max-snippet":"max-snippet:-1","max-image-preview":"max-image-preview:large","max-video-preview":"max-video-preview:-1"},"canonical":"https:\/\/ateliersdeseauxbleues.com\/de\/catalogue\/zubehor\/einstraengiges-gummiband-mit-schlaufe-auf-einer-seite\/","og_locale":"de_DE","og_type":"article","og_title":"Einstr\u00e4ngiges Gummiband \u2013 mit Schlaufe auf einer Seite - Ateliers des Eaux Bleues","og_description":"Mit diesem Artikel k\u00f6nnen Sie Ihr einstr\u00e4ngiges zentrales Gummiband ganz einfach ersetzen. Kompatibel mit St\u00f6cken Ref. : 3, 9. Das Gummiband hat \u2013 je nach Stockl\u00e4nge \u2013 eine L\u00e4nge zwischen 1,80 m und 2,50 m. Bitte geben Sie daher bei Ihrer Bestellung unbedingt die L\u00e4nge Ihres Stocks an.","og_url":"https:\/\/ateliersdeseauxbleues.com\/de\/catalogue\/zubehor\/einstraengiges-gummiband-mit-schlaufe-auf-einer-seite\/","og_site_name":"Ateliers des Eaux Bleues","article_modified_time":"2026-03-20T11:42:19+00:00","og_image":[{"width":2423,"height":2423,"url":"https:\/\/ateliersdeseauxbleues.com\/wp-content\/uploads\/2019\/10\/Elastique-de-rechange-Canne-9-3.jpg","type":"image\/jpeg"}],"twitter_card":"summary_large_image","schema":{"@context":"https:\/\/schema.org","@graph":[{"@type":"WebPage","@id":"https:\/\/ateliersdeseauxbleues.com\/de\/catalogue\/zubehor\/einstraengiges-gummiband-mit-schlaufe-auf-einer-seite\/","url":"https:\/\/ateliersdeseauxbleues.com\/de\/catalogue\/zubehor\/einstraengiges-gummiband-mit-schlaufe-auf-einer-seite\/","name":"Einstr\u00e4ngiges Gummiband \u2013 mit Schlaufe auf einer Seite - Ateliers des Eaux Bleues","isPartOf":{"@id":"https:\/\/ateliersdeseauxbleues.com\/de\/#website"},"primaryImageOfPage":{"@id":"https:\/\/ateliersdeseauxbleues.com\/de\/catalogue\/zubehor\/einstraengiges-gummiband-mit-schlaufe-auf-einer-seite\/#primaryimage"},"image":{"@id":"https:\/\/ateliersdeseauxbleues.com\/de\/catalogue\/zubehor\/einstraengiges-gummiband-mit-schlaufe-auf-einer-seite\/#primaryimage"},"thumbnailUrl":"https:\/\/ateliersdeseauxbleues.com\/wp-content\/uploads\/2019\/10\/Elastique-de-rechange-Canne-9-3.jpg","datePublished":"2019-10-08T11:18:28+00:00","dateModified":"2026-03-20T11:42:19+00:00","breadcrumb":{"@id":"https:\/\/ateliersdeseauxbleues.com\/de\/catalogue\/zubehor\/einstraengiges-gummiband-mit-schlaufe-auf-einer-seite\/#breadcrumb"},"inLanguage":"de","potentialAction":[{"@type":"ReadAction","target":["https:\/\/ateliersdeseauxbleues.com\/de\/catalogue\/zubehor\/einstraengiges-gummiband-mit-schlaufe-auf-einer-seite\/"]}]},{"@type":"ImageObject","inLanguage":"de","@id":"https:\/\/ateliersdeseauxbleues.com\/de\/catalogue\/zubehor\/einstraengiges-gummiband-mit-schlaufe-auf-einer-seite\/#primaryimage","url":"https:\/\/ateliersdeseauxbleues.com\/wp-content\/uploads\/2019\/10\/Elastique-de-rechange-Canne-9-3.jpg","contentUrl":"https:\/\/ateliersdeseauxbleues.com\/wp-content\/uploads\/2019\/10\/Elastique-de-rechange-Canne-9-3.jpg","width":2423,"height":2423,"caption":"Elastique de rechange Canne 9-3"},{"@type":"BreadcrumbList","@id":"https:\/\/ateliersdeseauxbleues.com\/de\/catalogue\/zubehor\/einstraengiges-gummiband-mit-schlaufe-auf-einer-seite\/#breadcrumb","itemListElement":[{"@type":"ListItem","position":1,"name":"Startseite","item":"https:\/\/ateliersdeseauxbleues.com\/de\/ateliers-de-eaux-bleues-herstellung-von-blindenstoecken\/"},{"@type":"ListItem","position":2,"name":"Sortiment","item":"https:\/\/ateliersdeseauxbleues.com\/de\/sortiment\/"},{"@type":"ListItem","position":3,"name":"Zubeh\u00f6r","item":"https:\/\/ateliersdeseauxbleues.com\/de\/categorie-produit\/zubehor\/"},{"@type":"ListItem","position":4,"name":"Einstr\u00e4ngiges Gummiband \u2013 mit Schlaufe auf einer Seite"}]},{"@type":"WebSite","@id":"https:\/\/ateliersdeseauxbleues.com\/de\/#website","url":"https:\/\/ateliersdeseauxbleues.com\/de\/","name":"Ateliers des Eaux Bleues","description":"Ateliers des Eaux Bleues","publisher":{"@id":"https:\/\/ateliersdeseauxbleues.com\/de\/#organization"},"potentialAction":[{"@type":"SearchAction","target":{"@type":"EntryPoint","urlTemplate":"https:\/\/ateliersdeseauxbleues.com\/de\/?s={search_term_string}"},"query-input":{"@type":"PropertyValueSpecification","valueRequired":true,"valueName":"search_term_string"}}],"inLanguage":"de"},{"@type":"Organization","@id":"https:\/\/ateliersdeseauxbleues.com\/de\/#organization","name":"Ateliers des Eaux Bleues","url":"https:\/\/ateliersdeseauxbleues.com\/de\/","logo":{"@type":"ImageObject","inLanguage":"de","@id":"https:\/\/ateliersdeseauxbleues.com\/de\/#\/schema\/logo\/image\/","url":"https:\/\/ateliersdeseauxbleues.com\/wp-content\/uploads\/2024\/12\/Logo-atelier-des-eaux-bleues.png","contentUrl":"https:\/\/ateliersdeseauxbleues.com\/wp-content\/uploads\/2024\/12\/Logo-atelier-des-eaux-bleues.png","width":940,"height":418,"caption":"Ateliers des Eaux Bleues"},"image":{"@id":"https:\/\/ateliersdeseauxbleues.com\/de\/#\/schema\/logo\/image\/"}}]}},"_links":{"self":[{"href":"https:\/\/ateliersdeseauxbleues.com\/de\/wp-json\/wp\/v2\/product\/9705","targetHints":{"allow":["GET"]}}],"collection":[{"href":"https:\/\/ateliersdeseauxbleues.com\/de\/wp-json\/wp\/v2\/product"}],"about":[{"href":"https:\/\/ateliersdeseauxbleues.com\/de\/wp-json\/wp\/v2\/types\/product"}],"replies":[{"embeddable":true,"href":"https:\/\/ateliersdeseauxbleues.com\/de\/wp-json\/wp\/v2\/comments?post=9705"}],"wp:featuredmedia":[{"embeddable":true,"href":"https:\/\/ateliersdeseauxbleues.com\/de\/wp-json\/wp\/v2\/media\/2676"}],"wp:attachment":[{"href":"https:\/\/ateliersdeseauxbleues.com\/de\/wp-json\/wp\/v2\/media?parent=9705"}],"wp:term":[{"taxonomy":"product_brand","embeddable":true,"href":"https:\/\/ateliersdeseauxbleues.com\/de\/wp-json\/wp\/v2\/product_brand?post=9705"},{"taxonomy":"product_cat","embeddable":true,"href":"https:\/\/ateliersdeseauxbleues.com\/de\/wp-json\/wp\/v2\/product_cat?post=9705"},{"taxonomy":"product_tag","embeddable":true,"href":"https:\/\/ateliersdeseauxbleues.com\/de\/wp-json\/wp\/v2\/product_tag?post=9705"}],"curies":[{"name":"wp","href":"https:\/\/api.w.org\/{rel}","templated":true}]}}