{"id":9698,"date":"2025-04-16T16:45:46","date_gmt":"2025-04-16T14:45:46","guid":{"rendered":"https:\/\/ateliersdeseauxbleues.com\/catalogue\/unkategorisiert\/der-push-broom\/"},"modified":"2026-03-20T12:41:51","modified_gmt":"2026-03-20T11:41:51","slug":"der-push-broom","status":"publish","type":"product","link":"https:\/\/ateliersdeseauxbleues.com\/de\/catalogue\/zubehor\/lernhilfen\/der-push-broom\/","title":{"rendered":"Der Push-Broom"},"content":{"rendered":"","protected":false},"excerpt":{"rendered":"<p><span style=\"color: #000000;\">Entwickelt <strong>f\u00fcr alle Personen<\/strong> (Kinder und Erwachsene) in der Lernphase, <strong>bevor sie zur Stocktechnik \u00fcbergehen<\/strong> oder zur Rehabilitation.<\/span><\/p>\n<p><span style=\"color: #000000;\">Dieser <strong>an unsere St\u00f6cke anpassbare Aufsatz<\/strong> hilft dem Benutzer, <strong>den Wert \u201eSchulterbreite\u201c auf den Boden zu \u00fcbertragen<\/strong> und so seinen Schutz zu gew\u00e4hrleisten.<\/span><\/p>\n<p><span style=\"color: #000000;\">Er erm\u00f6glicht es auch, <strong>zu verstehen, wie die K\u00f6rperachse<\/strong> im Verh\u00e4ltnis zur Stockachse zu positionieren ist.<\/span><\/p>\n<p class=\"MsoNormal\"><span style=\"color: #fd0202;\">Dieses Hilfsmittel erfordert Empfehlungen zu seiner Verwendung.<\/span><\/p>\n<p>&nbsp;<\/p>\n<p class=\"MsoNormal\"><span style=\"color: #fd0202;\">Eine Bestellung kann nicht \u00fcber das Internet erfolgen. Bitte kontaktieren Sie uns telefonisch unter der folgenden Nummer: 03 83 24 69 00 oder hinterlassen Sie uns Ihre <span style=\"color: #2c9ffd;\"><a href=\"https:\/\/boutiqueeauxbleues.prestashop.preprod.viaevista.fr\/nous-contacter\" rel=\"nofollow\"><span style=\"color: #2c9ffd;\">Kontaktdaten<\/span><\/a><\/span>, wir rufen Sie zur\u00fcck! <\/span><\/p>\n","protected":false},"featured_media":2820,"comment_status":"open","ping_status":"closed","template":"","meta":[],"product_brand":[],"product_cat":[261],"product_tag":[],"class_list":{"0":"post-9698","1":"product","2":"type-product","3":"status-publish","4":"has-post-thumbnail","6":"product_cat-lernhilfen","8":"first","9":"instock","10":"taxable","11":"shipping-taxable","12":"purchasable","13":"product-type-simple"},"yoast_head":"<!-- This site is optimized with the Yoast SEO plugin v27.2 - https:\/\/yoast.com\/product\/yoast-seo-wordpress\/ -->\n<title>Der Push-Broom - Ateliers des Eaux Bleues<\/title>\n<meta name=\"robots\" content=\"index, follow, max-snippet:-1, max-image-preview:large, max-video-preview:-1\" \/>\n<link rel=\"canonical\" href=\"https:\/\/ateliersdeseauxbleues.com\/de\/catalogue\/zubehor\/lernhilfen\/der-push-broom\/\" \/>\n<meta property=\"og:locale\" content=\"de_DE\" \/>\n<meta property=\"og:type\" content=\"article\" \/>\n<meta property=\"og:title\" content=\"Der Push-Broom - Ateliers des Eaux Bleues\" \/>\n<meta property=\"og:description\" content=\"Entwickelt f\u00fcr alle Personen (Kinder und Erwachsene) in der Lernphase, bevor sie zur Stocktechnik \u00fcbergehen oder zur Rehabilitation. Dieser an unsere St\u00f6cke anpassbare Aufsatz hilft dem Benutzer, den Wert \u201eSchulterbreite\u201c auf den Boden zu \u00fcbertragen und so seinen Schutz zu gew\u00e4hrleisten. Er erm\u00f6glicht es auch, zu verstehen, wie die K\u00f6rperachse im Verh\u00e4ltnis zur Stockachse zu positionieren ist. Dieses Hilfsmittel erfordert Empfehlungen zu seiner Verwendung. &nbsp; Eine Bestellung kann nicht \u00fcber das Internet erfolgen. Bitte kontaktieren Sie uns telefonisch unter der folgenden Nummer: 03 83 24 69 00 oder hinterlassen Sie uns Ihre Kontaktdaten, wir rufen Sie zur\u00fcck!\" \/>\n<meta property=\"og:url\" content=\"https:\/\/ateliersdeseauxbleues.com\/de\/catalogue\/zubehor\/lernhilfen\/der-push-broom\/\" \/>\n<meta property=\"og:site_name\" content=\"Ateliers des Eaux Bleues\" \/>\n<meta property=\"article:modified_time\" content=\"2026-03-20T11:41:51+00:00\" \/>\n<meta name=\"twitter:card\" content=\"summary_large_image\" \/>\n<script type=\"application\/ld+json\" class=\"yoast-schema-graph\">{\"@context\":\"https:\/\/schema.org\",\"@graph\":[{\"@type\":\"WebPage\",\"@id\":\"https:\/\/ateliersdeseauxbleues.com\/de\/catalogue\/zubehor\/lernhilfen\/der-push-broom\/\",\"url\":\"https:\/\/ateliersdeseauxbleues.com\/de\/catalogue\/zubehor\/lernhilfen\/der-push-broom\/\",\"name\":\"Der Push-Broom - Ateliers des Eaux Bleues\",\"isPartOf\":{\"@id\":\"https:\/\/ateliersdeseauxbleues.com\/de\/#website\"},\"primaryImageOfPage\":{\"@id\":\"https:\/\/ateliersdeseauxbleues.com\/de\/catalogue\/zubehor\/lernhilfen\/der-push-broom\/#primaryimage\"},\"image\":{\"@id\":\"https:\/\/ateliersdeseauxbleues.com\/de\/catalogue\/zubehor\/lernhilfen\/der-push-broom\/#primaryimage\"},\"thumbnailUrl\":\"https:\/\/ateliersdeseauxbleues.com\/wp-content\/uploads\/2025\/04\/Push-broom-2-scaled.jpg\",\"datePublished\":\"2025-04-16T14:45:46+00:00\",\"dateModified\":\"2026-03-20T11:41:51+00:00\",\"breadcrumb\":{\"@id\":\"https:\/\/ateliersdeseauxbleues.com\/de\/catalogue\/zubehor\/lernhilfen\/der-push-broom\/#breadcrumb\"},\"inLanguage\":\"de\",\"potentialAction\":[{\"@type\":\"ReadAction\",\"target\":[\"https:\/\/ateliersdeseauxbleues.com\/de\/catalogue\/zubehor\/lernhilfen\/der-push-broom\/\"]}]},{\"@type\":\"ImageObject\",\"inLanguage\":\"de\",\"@id\":\"https:\/\/ateliersdeseauxbleues.com\/de\/catalogue\/zubehor\/lernhilfen\/der-push-broom\/#primaryimage\",\"url\":\"https:\/\/ateliersdeseauxbleues.com\/wp-content\/uploads\/2025\/04\/Push-broom-2-scaled.jpg\",\"contentUrl\":\"https:\/\/ateliersdeseauxbleues.com\/wp-content\/uploads\/2025\/04\/Push-broom-2-scaled.jpg\",\"width\":2560,\"height\":2342,\"caption\":\"Push broom 2\"},{\"@type\":\"BreadcrumbList\",\"@id\":\"https:\/\/ateliersdeseauxbleues.com\/de\/catalogue\/zubehor\/lernhilfen\/der-push-broom\/#breadcrumb\",\"itemListElement\":[{\"@type\":\"ListItem\",\"position\":1,\"name\":\"Startseite\",\"item\":\"https:\/\/ateliersdeseauxbleues.com\/de\/ateliers-de-eaux-bleues-herstellung-von-blindenstoecken\/\"},{\"@type\":\"ListItem\",\"position\":2,\"name\":\"Sortiment\",\"item\":\"https:\/\/ateliersdeseauxbleues.com\/de\/sortiment\/\"},{\"@type\":\"ListItem\",\"position\":3,\"name\":\"Zubeh\u00f6r\",\"item\":\"https:\/\/ateliersdeseauxbleues.com\/de\/categorie-produit\/zubehor\/\"},{\"@type\":\"ListItem\",\"position\":4,\"name\":\"Lernhilfen\",\"item\":\"https:\/\/ateliersdeseauxbleues.com\/de\/categorie-produit\/zubehor\/lernhilfen\/\"},{\"@type\":\"ListItem\",\"position\":5,\"name\":\"Der Push-Broom\"}]},{\"@type\":\"WebSite\",\"@id\":\"https:\/\/ateliersdeseauxbleues.com\/de\/#website\",\"url\":\"https:\/\/ateliersdeseauxbleues.com\/de\/\",\"name\":\"Ateliers des Eaux Bleues\",\"description\":\"Ateliers des Eaux Bleues\",\"publisher\":{\"@id\":\"https:\/\/ateliersdeseauxbleues.com\/de\/#organization\"},\"potentialAction\":[{\"@type\":\"SearchAction\",\"target\":{\"@type\":\"EntryPoint\",\"urlTemplate\":\"https:\/\/ateliersdeseauxbleues.com\/de\/?s={search_term_string}\"},\"query-input\":{\"@type\":\"PropertyValueSpecification\",\"valueRequired\":true,\"valueName\":\"search_term_string\"}}],\"inLanguage\":\"de\"},{\"@type\":\"Organization\",\"@id\":\"https:\/\/ateliersdeseauxbleues.com\/de\/#organization\",\"name\":\"Ateliers des Eaux Bleues\",\"url\":\"https:\/\/ateliersdeseauxbleues.com\/de\/\",\"logo\":{\"@type\":\"ImageObject\",\"inLanguage\":\"de\",\"@id\":\"https:\/\/ateliersdeseauxbleues.com\/de\/#\/schema\/logo\/image\/\",\"url\":\"https:\/\/ateliersdeseauxbleues.com\/wp-content\/uploads\/2024\/12\/Logo-atelier-des-eaux-bleues.png\",\"contentUrl\":\"https:\/\/ateliersdeseauxbleues.com\/wp-content\/uploads\/2024\/12\/Logo-atelier-des-eaux-bleues.png\",\"width\":940,\"height\":418,\"caption\":\"Ateliers des Eaux Bleues\"},\"image\":{\"@id\":\"https:\/\/ateliersdeseauxbleues.com\/de\/#\/schema\/logo\/image\/\"}}]}<\/script>\n<!-- \/ Yoast SEO plugin. -->","yoast_head_json":{"title":"Der Push-Broom - Ateliers des Eaux Bleues","robots":{"index":"index","follow":"follow","max-snippet":"max-snippet:-1","max-image-preview":"max-image-preview:large","max-video-preview":"max-video-preview:-1"},"canonical":"https:\/\/ateliersdeseauxbleues.com\/de\/catalogue\/zubehor\/lernhilfen\/der-push-broom\/","og_locale":"de_DE","og_type":"article","og_title":"Der Push-Broom - Ateliers des Eaux Bleues","og_description":"Entwickelt f\u00fcr alle Personen (Kinder und Erwachsene) in der Lernphase, bevor sie zur Stocktechnik \u00fcbergehen oder zur Rehabilitation. Dieser an unsere St\u00f6cke anpassbare Aufsatz hilft dem Benutzer, den Wert \u201eSchulterbreite\u201c auf den Boden zu \u00fcbertragen und so seinen Schutz zu gew\u00e4hrleisten. Er erm\u00f6glicht es auch, zu verstehen, wie die K\u00f6rperachse im Verh\u00e4ltnis zur Stockachse zu positionieren ist. Dieses Hilfsmittel erfordert Empfehlungen zu seiner Verwendung. &nbsp; Eine Bestellung kann nicht \u00fcber das Internet erfolgen. Bitte kontaktieren Sie uns telefonisch unter der folgenden Nummer: 03 83 24 69 00 oder hinterlassen Sie uns Ihre Kontaktdaten, wir rufen Sie zur\u00fcck!","og_url":"https:\/\/ateliersdeseauxbleues.com\/de\/catalogue\/zubehor\/lernhilfen\/der-push-broom\/","og_site_name":"Ateliers des Eaux Bleues","article_modified_time":"2026-03-20T11:41:51+00:00","twitter_card":"summary_large_image","schema":{"@context":"https:\/\/schema.org","@graph":[{"@type":"WebPage","@id":"https:\/\/ateliersdeseauxbleues.com\/de\/catalogue\/zubehor\/lernhilfen\/der-push-broom\/","url":"https:\/\/ateliersdeseauxbleues.com\/de\/catalogue\/zubehor\/lernhilfen\/der-push-broom\/","name":"Der Push-Broom - Ateliers des Eaux Bleues","isPartOf":{"@id":"https:\/\/ateliersdeseauxbleues.com\/de\/#website"},"primaryImageOfPage":{"@id":"https:\/\/ateliersdeseauxbleues.com\/de\/catalogue\/zubehor\/lernhilfen\/der-push-broom\/#primaryimage"},"image":{"@id":"https:\/\/ateliersdeseauxbleues.com\/de\/catalogue\/zubehor\/lernhilfen\/der-push-broom\/#primaryimage"},"thumbnailUrl":"https:\/\/ateliersdeseauxbleues.com\/wp-content\/uploads\/2025\/04\/Push-broom-2-scaled.jpg","datePublished":"2025-04-16T14:45:46+00:00","dateModified":"2026-03-20T11:41:51+00:00","breadcrumb":{"@id":"https:\/\/ateliersdeseauxbleues.com\/de\/catalogue\/zubehor\/lernhilfen\/der-push-broom\/#breadcrumb"},"inLanguage":"de","potentialAction":[{"@type":"ReadAction","target":["https:\/\/ateliersdeseauxbleues.com\/de\/catalogue\/zubehor\/lernhilfen\/der-push-broom\/"]}]},{"@type":"ImageObject","inLanguage":"de","@id":"https:\/\/ateliersdeseauxbleues.com\/de\/catalogue\/zubehor\/lernhilfen\/der-push-broom\/#primaryimage","url":"https:\/\/ateliersdeseauxbleues.com\/wp-content\/uploads\/2025\/04\/Push-broom-2-scaled.jpg","contentUrl":"https:\/\/ateliersdeseauxbleues.com\/wp-content\/uploads\/2025\/04\/Push-broom-2-scaled.jpg","width":2560,"height":2342,"caption":"Push broom 2"},{"@type":"BreadcrumbList","@id":"https:\/\/ateliersdeseauxbleues.com\/de\/catalogue\/zubehor\/lernhilfen\/der-push-broom\/#breadcrumb","itemListElement":[{"@type":"ListItem","position":1,"name":"Startseite","item":"https:\/\/ateliersdeseauxbleues.com\/de\/ateliers-de-eaux-bleues-herstellung-von-blindenstoecken\/"},{"@type":"ListItem","position":2,"name":"Sortiment","item":"https:\/\/ateliersdeseauxbleues.com\/de\/sortiment\/"},{"@type":"ListItem","position":3,"name":"Zubeh\u00f6r","item":"https:\/\/ateliersdeseauxbleues.com\/de\/categorie-produit\/zubehor\/"},{"@type":"ListItem","position":4,"name":"Lernhilfen","item":"https:\/\/ateliersdeseauxbleues.com\/de\/categorie-produit\/zubehor\/lernhilfen\/"},{"@type":"ListItem","position":5,"name":"Der Push-Broom"}]},{"@type":"WebSite","@id":"https:\/\/ateliersdeseauxbleues.com\/de\/#website","url":"https:\/\/ateliersdeseauxbleues.com\/de\/","name":"Ateliers des Eaux Bleues","description":"Ateliers des Eaux Bleues","publisher":{"@id":"https:\/\/ateliersdeseauxbleues.com\/de\/#organization"},"potentialAction":[{"@type":"SearchAction","target":{"@type":"EntryPoint","urlTemplate":"https:\/\/ateliersdeseauxbleues.com\/de\/?s={search_term_string}"},"query-input":{"@type":"PropertyValueSpecification","valueRequired":true,"valueName":"search_term_string"}}],"inLanguage":"de"},{"@type":"Organization","@id":"https:\/\/ateliersdeseauxbleues.com\/de\/#organization","name":"Ateliers des Eaux Bleues","url":"https:\/\/ateliersdeseauxbleues.com\/de\/","logo":{"@type":"ImageObject","inLanguage":"de","@id":"https:\/\/ateliersdeseauxbleues.com\/de\/#\/schema\/logo\/image\/","url":"https:\/\/ateliersdeseauxbleues.com\/wp-content\/uploads\/2024\/12\/Logo-atelier-des-eaux-bleues.png","contentUrl":"https:\/\/ateliersdeseauxbleues.com\/wp-content\/uploads\/2024\/12\/Logo-atelier-des-eaux-bleues.png","width":940,"height":418,"caption":"Ateliers des Eaux Bleues"},"image":{"@id":"https:\/\/ateliersdeseauxbleues.com\/de\/#\/schema\/logo\/image\/"}}]}},"_links":{"self":[{"href":"https:\/\/ateliersdeseauxbleues.com\/de\/wp-json\/wp\/v2\/product\/9698","targetHints":{"allow":["GET"]}}],"collection":[{"href":"https:\/\/ateliersdeseauxbleues.com\/de\/wp-json\/wp\/v2\/product"}],"about":[{"href":"https:\/\/ateliersdeseauxbleues.com\/de\/wp-json\/wp\/v2\/types\/product"}],"replies":[{"embeddable":true,"href":"https:\/\/ateliersdeseauxbleues.com\/de\/wp-json\/wp\/v2\/comments?post=9698"}],"wp:featuredmedia":[{"embeddable":true,"href":"https:\/\/ateliersdeseauxbleues.com\/de\/wp-json\/wp\/v2\/media\/2820"}],"wp:attachment":[{"href":"https:\/\/ateliersdeseauxbleues.com\/de\/wp-json\/wp\/v2\/media?parent=9698"}],"wp:term":[{"taxonomy":"product_brand","embeddable":true,"href":"https:\/\/ateliersdeseauxbleues.com\/de\/wp-json\/wp\/v2\/product_brand?post=9698"},{"taxonomy":"product_cat","embeddable":true,"href":"https:\/\/ateliersdeseauxbleues.com\/de\/wp-json\/wp\/v2\/product_cat?post=9698"},{"taxonomy":"product_tag","embeddable":true,"href":"https:\/\/ateliersdeseauxbleues.com\/de\/wp-json\/wp\/v2\/product_tag?post=9698"}],"curies":[{"name":"wp","href":"https:\/\/api.w.org\/{rel}","templated":true}]}}