{"id":9687,"date":"2019-10-08T10:40:01","date_gmt":"2019-10-08T08:40:01","guid":{"rendered":"https:\/\/ateliersdeseauxbleues.com\/catalogue\/unkategorisiert\/kugelgelagerte-stahlspitze-cs2\/"},"modified":"2019-10-08T10:40:01","modified_gmt":"2019-10-08T08:40:01","slug":"kugelgelagerte-stahlspitze-cs2","status":"publish","type":"product","link":"https:\/\/ateliersdeseauxbleues.com\/de\/catalogue\/spitzen\/mit-stahlkugellager\/kugelgelagerte-stahlspitze-cs2\/","title":{"rendered":"Kugelgelagerte Stahlspitze CS2"},"content":{"rendered":"","protected":false},"excerpt":{"rendered":"<p>Diese mit all unseren St\u00f6cken kompatible Spitze ist <strong>auf einem Stahlkugellager montiert<\/strong>. Sie ist kugelf\u00f6rmig, massiv und mit einem <strong>kurzen Haken<\/strong> ausgestattet. <\/p>\n<p>Gesamtgewicht 60 g, Durchmesser 42 mm, L\u00e4nge nach dem Einsetzen in das Rohr: 4,1 cm.<\/p>\n","protected":false},"featured_media":2501,"comment_status":"open","ping_status":"closed","template":"","meta":[],"product_brand":[],"product_cat":[258,239],"product_tag":[],"class_list":{"0":"post-9687","1":"product","2":"type-product","3":"status-publish","4":"has-post-thumbnail","6":"product_cat-mit-stahlkugellager","7":"product_cat-spitzen","9":"first","10":"instock","11":"taxable","12":"shipping-taxable","13":"purchasable","14":"product-type-simple"},"yoast_head":"<!-- This site is optimized with the Yoast SEO plugin v27.2 - https:\/\/yoast.com\/product\/yoast-seo-wordpress\/ -->\n<title>Kugelgelagerte Stahlspitze CS2 - Ateliers des Eaux Bleues<\/title>\n<meta name=\"robots\" content=\"index, follow, max-snippet:-1, max-image-preview:large, max-video-preview:-1\" \/>\n<link rel=\"canonical\" href=\"https:\/\/ateliersdeseauxbleues.com\/de\/catalogue\/spitzen\/mit-stahlkugellager\/kugelgelagerte-stahlspitze-cs2\/\" \/>\n<meta property=\"og:locale\" content=\"de_DE\" \/>\n<meta property=\"og:type\" content=\"article\" \/>\n<meta property=\"og:title\" content=\"Kugelgelagerte Stahlspitze CS2 - Ateliers des Eaux Bleues\" \/>\n<meta property=\"og:description\" content=\"Diese mit all unseren St\u00f6cken kompatible Spitze ist auf einem Stahlkugellager montiert. Sie ist kugelf\u00f6rmig, massiv und mit einem kurzen Haken ausgestattet.  Gesamtgewicht 60 g, Durchmesser 42 mm, L\u00e4nge nach dem Einsetzen in das Rohr: 4,1 cm.\" \/>\n<meta property=\"og:url\" content=\"https:\/\/ateliersdeseauxbleues.com\/de\/catalogue\/spitzen\/mit-stahlkugellager\/kugelgelagerte-stahlspitze-cs2\/\" \/>\n<meta property=\"og:site_name\" content=\"Ateliers des Eaux Bleues\" \/>\n<meta property=\"og:image\" content=\"https:\/\/ateliersdeseauxbleues.com\/wp-content\/uploads\/2025\/03\/Embout-CS2-scaled.jpg\" \/>\n\t<meta property=\"og:image:width\" content=\"2560\" \/>\n\t<meta property=\"og:image:height\" content=\"2560\" \/>\n\t<meta property=\"og:image:type\" content=\"image\/jpeg\" \/>\n<meta name=\"twitter:card\" content=\"summary_large_image\" \/>\n<script type=\"application\/ld+json\" class=\"yoast-schema-graph\">{\"@context\":\"https:\/\/schema.org\",\"@graph\":[{\"@type\":\"WebPage\",\"@id\":\"https:\/\/ateliersdeseauxbleues.com\/de\/catalogue\/spitzen\/mit-stahlkugellager\/kugelgelagerte-stahlspitze-cs2\/\",\"url\":\"https:\/\/ateliersdeseauxbleues.com\/de\/catalogue\/spitzen\/mit-stahlkugellager\/kugelgelagerte-stahlspitze-cs2\/\",\"name\":\"Kugelgelagerte Stahlspitze CS2 - Ateliers des Eaux Bleues\",\"isPartOf\":{\"@id\":\"https:\/\/ateliersdeseauxbleues.com\/de\/#website\"},\"primaryImageOfPage\":{\"@id\":\"https:\/\/ateliersdeseauxbleues.com\/de\/catalogue\/spitzen\/mit-stahlkugellager\/kugelgelagerte-stahlspitze-cs2\/#primaryimage\"},\"image\":{\"@id\":\"https:\/\/ateliersdeseauxbleues.com\/de\/catalogue\/spitzen\/mit-stahlkugellager\/kugelgelagerte-stahlspitze-cs2\/#primaryimage\"},\"thumbnailUrl\":\"https:\/\/ateliersdeseauxbleues.com\/wp-content\/uploads\/2025\/03\/Embout-CS2-scaled.jpg\",\"datePublished\":\"2019-10-08T08:40:01+00:00\",\"breadcrumb\":{\"@id\":\"https:\/\/ateliersdeseauxbleues.com\/de\/catalogue\/spitzen\/mit-stahlkugellager\/kugelgelagerte-stahlspitze-cs2\/#breadcrumb\"},\"inLanguage\":\"de\",\"potentialAction\":[{\"@type\":\"ReadAction\",\"target\":[\"https:\/\/ateliersdeseauxbleues.com\/de\/catalogue\/spitzen\/mit-stahlkugellager\/kugelgelagerte-stahlspitze-cs2\/\"]}]},{\"@type\":\"ImageObject\",\"inLanguage\":\"de\",\"@id\":\"https:\/\/ateliersdeseauxbleues.com\/de\/catalogue\/spitzen\/mit-stahlkugellager\/kugelgelagerte-stahlspitze-cs2\/#primaryimage\",\"url\":\"https:\/\/ateliersdeseauxbleues.com\/wp-content\/uploads\/2025\/03\/Embout-CS2-scaled.jpg\",\"contentUrl\":\"https:\/\/ateliersdeseauxbleues.com\/wp-content\/uploads\/2025\/03\/Embout-CS2-scaled.jpg\",\"width\":2560,\"height\":2560},{\"@type\":\"BreadcrumbList\",\"@id\":\"https:\/\/ateliersdeseauxbleues.com\/de\/catalogue\/spitzen\/mit-stahlkugellager\/kugelgelagerte-stahlspitze-cs2\/#breadcrumb\",\"itemListElement\":[{\"@type\":\"ListItem\",\"position\":1,\"name\":\"Startseite\",\"item\":\"https:\/\/ateliersdeseauxbleues.com\/de\/ateliers-de-eaux-bleues-herstellung-von-blindenstoecken\/\"},{\"@type\":\"ListItem\",\"position\":2,\"name\":\"Sortiment\",\"item\":\"https:\/\/ateliersdeseauxbleues.com\/de\/sortiment\/\"},{\"@type\":\"ListItem\",\"position\":3,\"name\":\"Kugelgelagerte Stahlspitze CS2\"}]},{\"@type\":\"WebSite\",\"@id\":\"https:\/\/ateliersdeseauxbleues.com\/de\/#website\",\"url\":\"https:\/\/ateliersdeseauxbleues.com\/de\/\",\"name\":\"Ateliers des Eaux Bleues\",\"description\":\"Ateliers des Eaux Bleues\",\"publisher\":{\"@id\":\"https:\/\/ateliersdeseauxbleues.com\/de\/#organization\"},\"potentialAction\":[{\"@type\":\"SearchAction\",\"target\":{\"@type\":\"EntryPoint\",\"urlTemplate\":\"https:\/\/ateliersdeseauxbleues.com\/de\/?s={search_term_string}\"},\"query-input\":{\"@type\":\"PropertyValueSpecification\",\"valueRequired\":true,\"valueName\":\"search_term_string\"}}],\"inLanguage\":\"de\"},{\"@type\":\"Organization\",\"@id\":\"https:\/\/ateliersdeseauxbleues.com\/de\/#organization\",\"name\":\"Ateliers des Eaux Bleues\",\"url\":\"https:\/\/ateliersdeseauxbleues.com\/de\/\",\"logo\":{\"@type\":\"ImageObject\",\"inLanguage\":\"de\",\"@id\":\"https:\/\/ateliersdeseauxbleues.com\/de\/#\/schema\/logo\/image\/\",\"url\":\"https:\/\/ateliersdeseauxbleues.com\/wp-content\/uploads\/2024\/12\/Logo-atelier-des-eaux-bleues.png\",\"contentUrl\":\"https:\/\/ateliersdeseauxbleues.com\/wp-content\/uploads\/2024\/12\/Logo-atelier-des-eaux-bleues.png\",\"width\":940,\"height\":418,\"caption\":\"Ateliers des Eaux Bleues\"},\"image\":{\"@id\":\"https:\/\/ateliersdeseauxbleues.com\/de\/#\/schema\/logo\/image\/\"}}]}<\/script>\n<!-- \/ Yoast SEO plugin. -->","yoast_head_json":{"title":"Kugelgelagerte Stahlspitze CS2 - Ateliers des Eaux Bleues","robots":{"index":"index","follow":"follow","max-snippet":"max-snippet:-1","max-image-preview":"max-image-preview:large","max-video-preview":"max-video-preview:-1"},"canonical":"https:\/\/ateliersdeseauxbleues.com\/de\/catalogue\/spitzen\/mit-stahlkugellager\/kugelgelagerte-stahlspitze-cs2\/","og_locale":"de_DE","og_type":"article","og_title":"Kugelgelagerte Stahlspitze CS2 - Ateliers des Eaux Bleues","og_description":"Diese mit all unseren St\u00f6cken kompatible Spitze ist auf einem Stahlkugellager montiert. Sie ist kugelf\u00f6rmig, massiv und mit einem kurzen Haken ausgestattet.  Gesamtgewicht 60 g, Durchmesser 42 mm, L\u00e4nge nach dem Einsetzen in das Rohr: 4,1 cm.","og_url":"https:\/\/ateliersdeseauxbleues.com\/de\/catalogue\/spitzen\/mit-stahlkugellager\/kugelgelagerte-stahlspitze-cs2\/","og_site_name":"Ateliers des Eaux Bleues","og_image":[{"width":2560,"height":2560,"url":"https:\/\/ateliersdeseauxbleues.com\/wp-content\/uploads\/2025\/03\/Embout-CS2-scaled.jpg","type":"image\/jpeg"}],"twitter_card":"summary_large_image","schema":{"@context":"https:\/\/schema.org","@graph":[{"@type":"WebPage","@id":"https:\/\/ateliersdeseauxbleues.com\/de\/catalogue\/spitzen\/mit-stahlkugellager\/kugelgelagerte-stahlspitze-cs2\/","url":"https:\/\/ateliersdeseauxbleues.com\/de\/catalogue\/spitzen\/mit-stahlkugellager\/kugelgelagerte-stahlspitze-cs2\/","name":"Kugelgelagerte Stahlspitze CS2 - Ateliers des Eaux Bleues","isPartOf":{"@id":"https:\/\/ateliersdeseauxbleues.com\/de\/#website"},"primaryImageOfPage":{"@id":"https:\/\/ateliersdeseauxbleues.com\/de\/catalogue\/spitzen\/mit-stahlkugellager\/kugelgelagerte-stahlspitze-cs2\/#primaryimage"},"image":{"@id":"https:\/\/ateliersdeseauxbleues.com\/de\/catalogue\/spitzen\/mit-stahlkugellager\/kugelgelagerte-stahlspitze-cs2\/#primaryimage"},"thumbnailUrl":"https:\/\/ateliersdeseauxbleues.com\/wp-content\/uploads\/2025\/03\/Embout-CS2-scaled.jpg","datePublished":"2019-10-08T08:40:01+00:00","breadcrumb":{"@id":"https:\/\/ateliersdeseauxbleues.com\/de\/catalogue\/spitzen\/mit-stahlkugellager\/kugelgelagerte-stahlspitze-cs2\/#breadcrumb"},"inLanguage":"de","potentialAction":[{"@type":"ReadAction","target":["https:\/\/ateliersdeseauxbleues.com\/de\/catalogue\/spitzen\/mit-stahlkugellager\/kugelgelagerte-stahlspitze-cs2\/"]}]},{"@type":"ImageObject","inLanguage":"de","@id":"https:\/\/ateliersdeseauxbleues.com\/de\/catalogue\/spitzen\/mit-stahlkugellager\/kugelgelagerte-stahlspitze-cs2\/#primaryimage","url":"https:\/\/ateliersdeseauxbleues.com\/wp-content\/uploads\/2025\/03\/Embout-CS2-scaled.jpg","contentUrl":"https:\/\/ateliersdeseauxbleues.com\/wp-content\/uploads\/2025\/03\/Embout-CS2-scaled.jpg","width":2560,"height":2560},{"@type":"BreadcrumbList","@id":"https:\/\/ateliersdeseauxbleues.com\/de\/catalogue\/spitzen\/mit-stahlkugellager\/kugelgelagerte-stahlspitze-cs2\/#breadcrumb","itemListElement":[{"@type":"ListItem","position":1,"name":"Startseite","item":"https:\/\/ateliersdeseauxbleues.com\/de\/ateliers-de-eaux-bleues-herstellung-von-blindenstoecken\/"},{"@type":"ListItem","position":2,"name":"Sortiment","item":"https:\/\/ateliersdeseauxbleues.com\/de\/sortiment\/"},{"@type":"ListItem","position":3,"name":"Kugelgelagerte Stahlspitze CS2"}]},{"@type":"WebSite","@id":"https:\/\/ateliersdeseauxbleues.com\/de\/#website","url":"https:\/\/ateliersdeseauxbleues.com\/de\/","name":"Ateliers des Eaux Bleues","description":"Ateliers des Eaux Bleues","publisher":{"@id":"https:\/\/ateliersdeseauxbleues.com\/de\/#organization"},"potentialAction":[{"@type":"SearchAction","target":{"@type":"EntryPoint","urlTemplate":"https:\/\/ateliersdeseauxbleues.com\/de\/?s={search_term_string}"},"query-input":{"@type":"PropertyValueSpecification","valueRequired":true,"valueName":"search_term_string"}}],"inLanguage":"de"},{"@type":"Organization","@id":"https:\/\/ateliersdeseauxbleues.com\/de\/#organization","name":"Ateliers des Eaux Bleues","url":"https:\/\/ateliersdeseauxbleues.com\/de\/","logo":{"@type":"ImageObject","inLanguage":"de","@id":"https:\/\/ateliersdeseauxbleues.com\/de\/#\/schema\/logo\/image\/","url":"https:\/\/ateliersdeseauxbleues.com\/wp-content\/uploads\/2024\/12\/Logo-atelier-des-eaux-bleues.png","contentUrl":"https:\/\/ateliersdeseauxbleues.com\/wp-content\/uploads\/2024\/12\/Logo-atelier-des-eaux-bleues.png","width":940,"height":418,"caption":"Ateliers des Eaux Bleues"},"image":{"@id":"https:\/\/ateliersdeseauxbleues.com\/de\/#\/schema\/logo\/image\/"}}]}},"_links":{"self":[{"href":"https:\/\/ateliersdeseauxbleues.com\/de\/wp-json\/wp\/v2\/product\/9687","targetHints":{"allow":["GET"]}}],"collection":[{"href":"https:\/\/ateliersdeseauxbleues.com\/de\/wp-json\/wp\/v2\/product"}],"about":[{"href":"https:\/\/ateliersdeseauxbleues.com\/de\/wp-json\/wp\/v2\/types\/product"}],"replies":[{"embeddable":true,"href":"https:\/\/ateliersdeseauxbleues.com\/de\/wp-json\/wp\/v2\/comments?post=9687"}],"wp:featuredmedia":[{"embeddable":true,"href":"https:\/\/ateliersdeseauxbleues.com\/de\/wp-json\/wp\/v2\/media\/2501"}],"wp:attachment":[{"href":"https:\/\/ateliersdeseauxbleues.com\/de\/wp-json\/wp\/v2\/media?parent=9687"}],"wp:term":[{"taxonomy":"product_brand","embeddable":true,"href":"https:\/\/ateliersdeseauxbleues.com\/de\/wp-json\/wp\/v2\/product_brand?post=9687"},{"taxonomy":"product_cat","embeddable":true,"href":"https:\/\/ateliersdeseauxbleues.com\/de\/wp-json\/wp\/v2\/product_cat?post=9687"},{"taxonomy":"product_tag","embeddable":true,"href":"https:\/\/ateliersdeseauxbleues.com\/de\/wp-json\/wp\/v2\/product_tag?post=9687"}],"curies":[{"name":"wp","href":"https:\/\/api.w.org\/{rel}","templated":true}]}}