{"id":9684,"date":"2019-10-08T10:30:23","date_gmt":"2019-10-08T08:30:23","guid":{"rendered":"https:\/\/ateliersdeseauxbleues.com\/catalogue\/unkategorisiert\/feder-spitze-mit-stahlkugellager-csr\/"},"modified":"2026-03-20T12:41:07","modified_gmt":"2026-03-20T11:41:07","slug":"feder-spitze-mit-stahlkugellager-csr","status":"publish","type":"product","link":"https:\/\/ateliersdeseauxbleues.com\/de\/catalogue\/spitzen\/feder-spitze-mit-stahlkugellager-csr\/","title":{"rendered":"Feder-Spitze mit Stahlkugellager CSR"},"content":{"rendered":"","protected":false},"excerpt":{"rendered":"<p>Diese halbkugelf\u00f6rmige \u201eCSR\u201c-Spitze ist mit all unseren Langst\u00f6cken kompatibel und <strong>auf einem Stahlkugellager montiert<\/strong>. Eine <strong>PVC-ummantelte Feder<\/strong> \u2013 davor positioniert \u2013 macht Ihre Spitze <strong>flexibler und l\u00e4sst sie sich besser an die Bodenoberfl\u00e4che anpassen<\/strong>. Ein unbestreitbarer <strong>Komfortgewinn<\/strong>!  <\/p>\n<p>Gesamtgewicht 48 g, Durchmesser 42 mm, L\u00e4nge nach dem Einstecken ins Rohr: 7,2 cm.<\/p>\n","protected":false},"featured_media":2507,"comment_status":"open","ping_status":"closed","template":"","meta":[],"product_brand":[],"product_cat":[259,258,239],"product_tag":[],"class_list":{"0":"post-9684","1":"product","2":"type-product","3":"status-publish","4":"has-post-thumbnail","6":"product_cat-mit-feder","7":"product_cat-mit-stahlkugellager","8":"product_cat-spitzen","10":"first","11":"instock","12":"taxable","13":"shipping-taxable","14":"purchasable","15":"product-type-simple"},"yoast_head":"<!-- This site is optimized with the Yoast SEO plugin v27.2 - https:\/\/yoast.com\/product\/yoast-seo-wordpress\/ -->\n<title>Feder-Spitze mit Stahlkugellager CSR - Ateliers des Eaux Bleues<\/title>\n<meta name=\"robots\" content=\"index, follow, max-snippet:-1, max-image-preview:large, max-video-preview:-1\" \/>\n<link rel=\"canonical\" href=\"https:\/\/ateliersdeseauxbleues.com\/de\/catalogue\/spitzen\/feder-spitze-mit-stahlkugellager-csr\/\" \/>\n<meta property=\"og:locale\" content=\"de_DE\" \/>\n<meta property=\"og:type\" content=\"article\" \/>\n<meta property=\"og:title\" content=\"Feder-Spitze mit Stahlkugellager CSR - Ateliers des Eaux Bleues\" \/>\n<meta property=\"og:description\" content=\"Diese halbkugelf\u00f6rmige \u201eCSR\u201c-Spitze ist mit all unseren Langst\u00f6cken kompatibel und auf einem Stahlkugellager montiert. Eine PVC-ummantelte Feder \u2013 davor positioniert \u2013 macht Ihre Spitze flexibler und l\u00e4sst sie sich besser an die Bodenoberfl\u00e4che anpassen. Ein unbestreitbarer Komfortgewinn!  Gesamtgewicht 48 g, Durchmesser 42 mm, L\u00e4nge nach dem Einstecken ins Rohr: 7,2 cm.\" \/>\n<meta property=\"og:url\" content=\"https:\/\/ateliersdeseauxbleues.com\/de\/catalogue\/spitzen\/feder-spitze-mit-stahlkugellager-csr\/\" \/>\n<meta property=\"og:site_name\" content=\"Ateliers des Eaux Bleues\" \/>\n<meta property=\"article:modified_time\" content=\"2026-03-20T11:41:07+00:00\" \/>\n<meta property=\"og:image\" content=\"https:\/\/ateliersdeseauxbleues.com\/wp-content\/uploads\/2025\/03\/Embout-CSR-scaled.jpg\" \/>\n\t<meta property=\"og:image:width\" content=\"2560\" \/>\n\t<meta property=\"og:image:height\" content=\"2560\" \/>\n\t<meta property=\"og:image:type\" content=\"image\/jpeg\" \/>\n<meta name=\"twitter:card\" content=\"summary_large_image\" \/>\n<script type=\"application\/ld+json\" class=\"yoast-schema-graph\">{\"@context\":\"https:\/\/schema.org\",\"@graph\":[{\"@type\":\"WebPage\",\"@id\":\"https:\/\/ateliersdeseauxbleues.com\/de\/catalogue\/spitzen\/feder-spitze-mit-stahlkugellager-csr\/\",\"url\":\"https:\/\/ateliersdeseauxbleues.com\/de\/catalogue\/spitzen\/feder-spitze-mit-stahlkugellager-csr\/\",\"name\":\"Feder-Spitze mit Stahlkugellager CSR - Ateliers des Eaux Bleues\",\"isPartOf\":{\"@id\":\"https:\/\/ateliersdeseauxbleues.com\/de\/#website\"},\"primaryImageOfPage\":{\"@id\":\"https:\/\/ateliersdeseauxbleues.com\/de\/catalogue\/spitzen\/feder-spitze-mit-stahlkugellager-csr\/#primaryimage\"},\"image\":{\"@id\":\"https:\/\/ateliersdeseauxbleues.com\/de\/catalogue\/spitzen\/feder-spitze-mit-stahlkugellager-csr\/#primaryimage\"},\"thumbnailUrl\":\"https:\/\/ateliersdeseauxbleues.com\/wp-content\/uploads\/2025\/03\/Embout-CSR-scaled.jpg\",\"datePublished\":\"2019-10-08T08:30:23+00:00\",\"dateModified\":\"2026-03-20T11:41:07+00:00\",\"breadcrumb\":{\"@id\":\"https:\/\/ateliersdeseauxbleues.com\/de\/catalogue\/spitzen\/feder-spitze-mit-stahlkugellager-csr\/#breadcrumb\"},\"inLanguage\":\"de\",\"potentialAction\":[{\"@type\":\"ReadAction\",\"target\":[\"https:\/\/ateliersdeseauxbleues.com\/de\/catalogue\/spitzen\/feder-spitze-mit-stahlkugellager-csr\/\"]}]},{\"@type\":\"ImageObject\",\"inLanguage\":\"de\",\"@id\":\"https:\/\/ateliersdeseauxbleues.com\/de\/catalogue\/spitzen\/feder-spitze-mit-stahlkugellager-csr\/#primaryimage\",\"url\":\"https:\/\/ateliersdeseauxbleues.com\/wp-content\/uploads\/2025\/03\/Embout-CSR-scaled.jpg\",\"contentUrl\":\"https:\/\/ateliersdeseauxbleues.com\/wp-content\/uploads\/2025\/03\/Embout-CSR-scaled.jpg\",\"width\":2560,\"height\":2560},{\"@type\":\"BreadcrumbList\",\"@id\":\"https:\/\/ateliersdeseauxbleues.com\/de\/catalogue\/spitzen\/feder-spitze-mit-stahlkugellager-csr\/#breadcrumb\",\"itemListElement\":[{\"@type\":\"ListItem\",\"position\":1,\"name\":\"Startseite\",\"item\":\"https:\/\/ateliersdeseauxbleues.com\/de\/ateliers-de-eaux-bleues-herstellung-von-blindenstoecken\/\"},{\"@type\":\"ListItem\",\"position\":2,\"name\":\"Sortiment\",\"item\":\"https:\/\/ateliersdeseauxbleues.com\/de\/sortiment\/\"},{\"@type\":\"ListItem\",\"position\":3,\"name\":\"Spitzen\",\"item\":\"https:\/\/ateliersdeseauxbleues.com\/de\/categorie-produit\/spitzen\/\"},{\"@type\":\"ListItem\",\"position\":4,\"name\":\"Feder-Spitze mit Stahlkugellager CSR\"}]},{\"@type\":\"WebSite\",\"@id\":\"https:\/\/ateliersdeseauxbleues.com\/de\/#website\",\"url\":\"https:\/\/ateliersdeseauxbleues.com\/de\/\",\"name\":\"Ateliers des Eaux Bleues\",\"description\":\"Ateliers des Eaux Bleues\",\"publisher\":{\"@id\":\"https:\/\/ateliersdeseauxbleues.com\/de\/#organization\"},\"potentialAction\":[{\"@type\":\"SearchAction\",\"target\":{\"@type\":\"EntryPoint\",\"urlTemplate\":\"https:\/\/ateliersdeseauxbleues.com\/de\/?s={search_term_string}\"},\"query-input\":{\"@type\":\"PropertyValueSpecification\",\"valueRequired\":true,\"valueName\":\"search_term_string\"}}],\"inLanguage\":\"de\"},{\"@type\":\"Organization\",\"@id\":\"https:\/\/ateliersdeseauxbleues.com\/de\/#organization\",\"name\":\"Ateliers des Eaux Bleues\",\"url\":\"https:\/\/ateliersdeseauxbleues.com\/de\/\",\"logo\":{\"@type\":\"ImageObject\",\"inLanguage\":\"de\",\"@id\":\"https:\/\/ateliersdeseauxbleues.com\/de\/#\/schema\/logo\/image\/\",\"url\":\"https:\/\/ateliersdeseauxbleues.com\/wp-content\/uploads\/2024\/12\/Logo-atelier-des-eaux-bleues.png\",\"contentUrl\":\"https:\/\/ateliersdeseauxbleues.com\/wp-content\/uploads\/2024\/12\/Logo-atelier-des-eaux-bleues.png\",\"width\":940,\"height\":418,\"caption\":\"Ateliers des Eaux Bleues\"},\"image\":{\"@id\":\"https:\/\/ateliersdeseauxbleues.com\/de\/#\/schema\/logo\/image\/\"}}]}<\/script>\n<!-- \/ Yoast SEO plugin. -->","yoast_head_json":{"title":"Feder-Spitze mit Stahlkugellager CSR - Ateliers des Eaux Bleues","robots":{"index":"index","follow":"follow","max-snippet":"max-snippet:-1","max-image-preview":"max-image-preview:large","max-video-preview":"max-video-preview:-1"},"canonical":"https:\/\/ateliersdeseauxbleues.com\/de\/catalogue\/spitzen\/feder-spitze-mit-stahlkugellager-csr\/","og_locale":"de_DE","og_type":"article","og_title":"Feder-Spitze mit Stahlkugellager CSR - Ateliers des Eaux Bleues","og_description":"Diese halbkugelf\u00f6rmige \u201eCSR\u201c-Spitze ist mit all unseren Langst\u00f6cken kompatibel und auf einem Stahlkugellager montiert. Eine PVC-ummantelte Feder \u2013 davor positioniert \u2013 macht Ihre Spitze flexibler und l\u00e4sst sie sich besser an die Bodenoberfl\u00e4che anpassen. Ein unbestreitbarer Komfortgewinn!  Gesamtgewicht 48 g, Durchmesser 42 mm, L\u00e4nge nach dem Einstecken ins Rohr: 7,2 cm.","og_url":"https:\/\/ateliersdeseauxbleues.com\/de\/catalogue\/spitzen\/feder-spitze-mit-stahlkugellager-csr\/","og_site_name":"Ateliers des Eaux Bleues","article_modified_time":"2026-03-20T11:41:07+00:00","og_image":[{"width":2560,"height":2560,"url":"https:\/\/ateliersdeseauxbleues.com\/wp-content\/uploads\/2025\/03\/Embout-CSR-scaled.jpg","type":"image\/jpeg"}],"twitter_card":"summary_large_image","schema":{"@context":"https:\/\/schema.org","@graph":[{"@type":"WebPage","@id":"https:\/\/ateliersdeseauxbleues.com\/de\/catalogue\/spitzen\/feder-spitze-mit-stahlkugellager-csr\/","url":"https:\/\/ateliersdeseauxbleues.com\/de\/catalogue\/spitzen\/feder-spitze-mit-stahlkugellager-csr\/","name":"Feder-Spitze mit Stahlkugellager CSR - Ateliers des Eaux Bleues","isPartOf":{"@id":"https:\/\/ateliersdeseauxbleues.com\/de\/#website"},"primaryImageOfPage":{"@id":"https:\/\/ateliersdeseauxbleues.com\/de\/catalogue\/spitzen\/feder-spitze-mit-stahlkugellager-csr\/#primaryimage"},"image":{"@id":"https:\/\/ateliersdeseauxbleues.com\/de\/catalogue\/spitzen\/feder-spitze-mit-stahlkugellager-csr\/#primaryimage"},"thumbnailUrl":"https:\/\/ateliersdeseauxbleues.com\/wp-content\/uploads\/2025\/03\/Embout-CSR-scaled.jpg","datePublished":"2019-10-08T08:30:23+00:00","dateModified":"2026-03-20T11:41:07+00:00","breadcrumb":{"@id":"https:\/\/ateliersdeseauxbleues.com\/de\/catalogue\/spitzen\/feder-spitze-mit-stahlkugellager-csr\/#breadcrumb"},"inLanguage":"de","potentialAction":[{"@type":"ReadAction","target":["https:\/\/ateliersdeseauxbleues.com\/de\/catalogue\/spitzen\/feder-spitze-mit-stahlkugellager-csr\/"]}]},{"@type":"ImageObject","inLanguage":"de","@id":"https:\/\/ateliersdeseauxbleues.com\/de\/catalogue\/spitzen\/feder-spitze-mit-stahlkugellager-csr\/#primaryimage","url":"https:\/\/ateliersdeseauxbleues.com\/wp-content\/uploads\/2025\/03\/Embout-CSR-scaled.jpg","contentUrl":"https:\/\/ateliersdeseauxbleues.com\/wp-content\/uploads\/2025\/03\/Embout-CSR-scaled.jpg","width":2560,"height":2560},{"@type":"BreadcrumbList","@id":"https:\/\/ateliersdeseauxbleues.com\/de\/catalogue\/spitzen\/feder-spitze-mit-stahlkugellager-csr\/#breadcrumb","itemListElement":[{"@type":"ListItem","position":1,"name":"Startseite","item":"https:\/\/ateliersdeseauxbleues.com\/de\/ateliers-de-eaux-bleues-herstellung-von-blindenstoecken\/"},{"@type":"ListItem","position":2,"name":"Sortiment","item":"https:\/\/ateliersdeseauxbleues.com\/de\/sortiment\/"},{"@type":"ListItem","position":3,"name":"Spitzen","item":"https:\/\/ateliersdeseauxbleues.com\/de\/categorie-produit\/spitzen\/"},{"@type":"ListItem","position":4,"name":"Feder-Spitze mit Stahlkugellager CSR"}]},{"@type":"WebSite","@id":"https:\/\/ateliersdeseauxbleues.com\/de\/#website","url":"https:\/\/ateliersdeseauxbleues.com\/de\/","name":"Ateliers des Eaux Bleues","description":"Ateliers des Eaux Bleues","publisher":{"@id":"https:\/\/ateliersdeseauxbleues.com\/de\/#organization"},"potentialAction":[{"@type":"SearchAction","target":{"@type":"EntryPoint","urlTemplate":"https:\/\/ateliersdeseauxbleues.com\/de\/?s={search_term_string}"},"query-input":{"@type":"PropertyValueSpecification","valueRequired":true,"valueName":"search_term_string"}}],"inLanguage":"de"},{"@type":"Organization","@id":"https:\/\/ateliersdeseauxbleues.com\/de\/#organization","name":"Ateliers des Eaux Bleues","url":"https:\/\/ateliersdeseauxbleues.com\/de\/","logo":{"@type":"ImageObject","inLanguage":"de","@id":"https:\/\/ateliersdeseauxbleues.com\/de\/#\/schema\/logo\/image\/","url":"https:\/\/ateliersdeseauxbleues.com\/wp-content\/uploads\/2024\/12\/Logo-atelier-des-eaux-bleues.png","contentUrl":"https:\/\/ateliersdeseauxbleues.com\/wp-content\/uploads\/2024\/12\/Logo-atelier-des-eaux-bleues.png","width":940,"height":418,"caption":"Ateliers des Eaux Bleues"},"image":{"@id":"https:\/\/ateliersdeseauxbleues.com\/de\/#\/schema\/logo\/image\/"}}]}},"_links":{"self":[{"href":"https:\/\/ateliersdeseauxbleues.com\/de\/wp-json\/wp\/v2\/product\/9684","targetHints":{"allow":["GET"]}}],"collection":[{"href":"https:\/\/ateliersdeseauxbleues.com\/de\/wp-json\/wp\/v2\/product"}],"about":[{"href":"https:\/\/ateliersdeseauxbleues.com\/de\/wp-json\/wp\/v2\/types\/product"}],"replies":[{"embeddable":true,"href":"https:\/\/ateliersdeseauxbleues.com\/de\/wp-json\/wp\/v2\/comments?post=9684"}],"wp:featuredmedia":[{"embeddable":true,"href":"https:\/\/ateliersdeseauxbleues.com\/de\/wp-json\/wp\/v2\/media\/2507"}],"wp:attachment":[{"href":"https:\/\/ateliersdeseauxbleues.com\/de\/wp-json\/wp\/v2\/media?parent=9684"}],"wp:term":[{"taxonomy":"product_brand","embeddable":true,"href":"https:\/\/ateliersdeseauxbleues.com\/de\/wp-json\/wp\/v2\/product_brand?post=9684"},{"taxonomy":"product_cat","embeddable":true,"href":"https:\/\/ateliersdeseauxbleues.com\/de\/wp-json\/wp\/v2\/product_cat?post=9684"},{"taxonomy":"product_tag","embeddable":true,"href":"https:\/\/ateliersdeseauxbleues.com\/de\/wp-json\/wp\/v2\/product_tag?post=9684"}],"curies":[{"name":"wp","href":"https:\/\/api.w.org\/{rel}","templated":true}]}}