{"id":9677,"date":"2019-10-08T09:51:49","date_gmt":"2019-10-08T07:51:49","guid":{"rendered":"https:\/\/ateliersdeseauxbleues.com\/catalogue\/unkategorisiert\/feiner-signal-blindenstock-sparmodell\/"},"modified":"2026-03-20T12:40:52","modified_gmt":"2026-03-20T11:40:52","slug":"feiner-signal-blindenstock-sparmodell","status":"publish","type":"product","link":"https:\/\/ateliersdeseauxbleues.com\/de\/catalogue\/blindenstocke-fur-blinde-und-sehbehinderte\/spezielle-blindenstocke\/feiner-signal-blindenstock-sparmodell\/","title":{"rendered":"Feiner Signal-Blindenstock \u2013 Sparmodell"},"content":{"rendered":"","protected":false},"excerpt":{"rendered":"<p><strong>Wirtschaftlicher Stock<\/strong>, eher zur <strong>Kennzeichnung<\/strong> als zur Fortbewegung gedacht.<\/p>\n<p><span style=\"background-color: #ffffff;\">Dieser Stock ist aus Aluminium, und s<\/span><span style=\"background-color: #ffffff;\">eine <span style=\"background-color: #fafbfc;\">B<\/span><\/span>asisversion <strong>misst 85 cm<\/strong> (andere L\u00e4ngen auf Anfrage).<\/p>\n<p>Sein Au\u00dfendurchmesser betr\u00e4gt 10 mm, bei einem <strong>Gewicht von 72 g<\/strong>.<\/p>\n<p>Zusammengeklappt misst das B\u00fcndel 22 cm.<\/p>\n","protected":false},"featured_media":9679,"comment_status":"open","ping_status":"closed","template":"","meta":[],"product_brand":[],"product_cat":[234,256,235],"product_tag":[257],"class_list":{"0":"post-9677","1":"product","2":"type-product","3":"status-publish","4":"has-post-thumbnail","6":"product_cat-blindenstocke-fur-blinde-und-sehbehinderte","7":"product_cat-eco-stock","8":"product_cat-spezielle-blindenstocke","9":"product_tag-eco","10":"pa_couleurdelacanne-gelb","11":"pa_couleurdelacanne-weis","13":"first","14":"instock","15":"taxable","16":"shipping-taxable","17":"purchasable","18":"product-type-variable","19":"has-default-attributes","20":"wvs-archive-product-wrapper"},"yoast_head":"<!-- This site is optimized with the Yoast SEO plugin v27.2 - https:\/\/yoast.com\/product\/yoast-seo-wordpress\/ -->\n<title>Feiner Signal-Blindenstock \u2013 Sparmodell - Ateliers des Eaux Bleues<\/title>\n<meta name=\"robots\" content=\"index, follow, max-snippet:-1, max-image-preview:large, max-video-preview:-1\" \/>\n<link rel=\"canonical\" href=\"https:\/\/ateliersdeseauxbleues.com\/de\/catalogue\/blindenstocke-fur-blinde-und-sehbehinderte\/spezielle-blindenstocke\/feiner-signal-blindenstock-sparmodell\/\" \/>\n<meta property=\"og:locale\" content=\"de_DE\" \/>\n<meta property=\"og:type\" content=\"article\" \/>\n<meta property=\"og:title\" content=\"Feiner Signal-Blindenstock \u2013 Sparmodell - Ateliers des Eaux Bleues\" \/>\n<meta property=\"og:description\" content=\"Wirtschaftlicher Stock, eher zur Kennzeichnung als zur Fortbewegung gedacht. Dieser Stock ist aus Aluminium, und seine Basisversion misst 85 cm (andere L\u00e4ngen auf Anfrage). Sein Au\u00dfendurchmesser betr\u00e4gt 10 mm, bei einem Gewicht von 72 g. Zusammengeklappt misst das B\u00fcndel 22 cm.\" \/>\n<meta property=\"og:url\" content=\"https:\/\/ateliersdeseauxbleues.com\/de\/catalogue\/blindenstocke-fur-blinde-und-sehbehinderte\/spezielle-blindenstocke\/feiner-signal-blindenstock-sparmodell\/\" \/>\n<meta property=\"og:site_name\" content=\"Ateliers des Eaux Bleues\" \/>\n<meta property=\"article:modified_time\" content=\"2026-03-20T11:40:52+00:00\" \/>\n<meta property=\"og:image\" content=\"https:\/\/ateliersdeseauxbleues.com\/wp-content\/uploads\/2025\/03\/Canne-Eco.jpg\" \/>\n\t<meta property=\"og:image:width\" content=\"2335\" \/>\n\t<meta property=\"og:image:height\" content=\"2335\" \/>\n\t<meta property=\"og:image:type\" content=\"image\/jpeg\" \/>\n<meta name=\"twitter:card\" content=\"summary_large_image\" \/>\n<script type=\"application\/ld+json\" class=\"yoast-schema-graph\">{\"@context\":\"https:\/\/schema.org\",\"@graph\":[{\"@type\":\"WebPage\",\"@id\":\"https:\/\/ateliersdeseauxbleues.com\/de\/catalogue\/blindenstocke-fur-blinde-und-sehbehinderte\/spezielle-blindenstocke\/feiner-signal-blindenstock-sparmodell\/\",\"url\":\"https:\/\/ateliersdeseauxbleues.com\/de\/catalogue\/blindenstocke-fur-blinde-und-sehbehinderte\/spezielle-blindenstocke\/feiner-signal-blindenstock-sparmodell\/\",\"name\":\"Feiner Signal-Blindenstock \u2013 Sparmodell - Ateliers des Eaux Bleues\",\"isPartOf\":{\"@id\":\"https:\/\/ateliersdeseauxbleues.com\/de\/#website\"},\"primaryImageOfPage\":{\"@id\":\"https:\/\/ateliersdeseauxbleues.com\/de\/catalogue\/blindenstocke-fur-blinde-und-sehbehinderte\/spezielle-blindenstocke\/feiner-signal-blindenstock-sparmodell\/#primaryimage\"},\"image\":{\"@id\":\"https:\/\/ateliersdeseauxbleues.com\/de\/catalogue\/blindenstocke-fur-blinde-und-sehbehinderte\/spezielle-blindenstocke\/feiner-signal-blindenstock-sparmodell\/#primaryimage\"},\"thumbnailUrl\":\"https:\/\/ateliersdeseauxbleues.com\/wp-content\/uploads\/2025\/03\/Canne-Eco.jpg\",\"datePublished\":\"2019-10-08T07:51:49+00:00\",\"dateModified\":\"2026-03-20T11:40:52+00:00\",\"breadcrumb\":{\"@id\":\"https:\/\/ateliersdeseauxbleues.com\/de\/catalogue\/blindenstocke-fur-blinde-und-sehbehinderte\/spezielle-blindenstocke\/feiner-signal-blindenstock-sparmodell\/#breadcrumb\"},\"inLanguage\":\"de\",\"potentialAction\":[{\"@type\":\"ReadAction\",\"target\":[\"https:\/\/ateliersdeseauxbleues.com\/de\/catalogue\/blindenstocke-fur-blinde-und-sehbehinderte\/spezielle-blindenstocke\/feiner-signal-blindenstock-sparmodell\/\"]}]},{\"@type\":\"ImageObject\",\"inLanguage\":\"de\",\"@id\":\"https:\/\/ateliersdeseauxbleues.com\/de\/catalogue\/blindenstocke-fur-blinde-und-sehbehinderte\/spezielle-blindenstocke\/feiner-signal-blindenstock-sparmodell\/#primaryimage\",\"url\":\"https:\/\/ateliersdeseauxbleues.com\/wp-content\/uploads\/2025\/03\/Canne-Eco.jpg\",\"contentUrl\":\"https:\/\/ateliersdeseauxbleues.com\/wp-content\/uploads\/2025\/03\/Canne-Eco.jpg\",\"width\":2335,\"height\":2335},{\"@type\":\"BreadcrumbList\",\"@id\":\"https:\/\/ateliersdeseauxbleues.com\/de\/catalogue\/blindenstocke-fur-blinde-und-sehbehinderte\/spezielle-blindenstocke\/feiner-signal-blindenstock-sparmodell\/#breadcrumb\",\"itemListElement\":[{\"@type\":\"ListItem\",\"position\":1,\"name\":\"Startseite\",\"item\":\"https:\/\/ateliersdeseauxbleues.com\/de\/ateliers-de-eaux-bleues-herstellung-von-blindenstoecken\/\"},{\"@type\":\"ListItem\",\"position\":2,\"name\":\"Sortiment\",\"item\":\"https:\/\/ateliersdeseauxbleues.com\/de\/sortiment\/\"},{\"@type\":\"ListItem\",\"position\":3,\"name\":\"Blindenst\u00f6cke f\u00fcr Blinde und Sehbehinderte\",\"item\":\"https:\/\/ateliersdeseauxbleues.com\/de\/categorie-produit\/blindenstocke-fur-blinde-und-sehbehinderte\/\"},{\"@type\":\"ListItem\",\"position\":4,\"name\":\"Spezielle Blindenst\u00f6cke\",\"item\":\"https:\/\/ateliersdeseauxbleues.com\/de\/categorie-produit\/blindenstocke-fur-blinde-und-sehbehinderte\/spezielle-blindenstocke\/\"},{\"@type\":\"ListItem\",\"position\":5,\"name\":\"Feiner Signal-Blindenstock \u2013 Sparmodell\"}]},{\"@type\":\"WebSite\",\"@id\":\"https:\/\/ateliersdeseauxbleues.com\/de\/#website\",\"url\":\"https:\/\/ateliersdeseauxbleues.com\/de\/\",\"name\":\"Ateliers des Eaux Bleues\",\"description\":\"Ateliers des Eaux Bleues\",\"publisher\":{\"@id\":\"https:\/\/ateliersdeseauxbleues.com\/de\/#organization\"},\"potentialAction\":[{\"@type\":\"SearchAction\",\"target\":{\"@type\":\"EntryPoint\",\"urlTemplate\":\"https:\/\/ateliersdeseauxbleues.com\/de\/?s={search_term_string}\"},\"query-input\":{\"@type\":\"PropertyValueSpecification\",\"valueRequired\":true,\"valueName\":\"search_term_string\"}}],\"inLanguage\":\"de\"},{\"@type\":\"Organization\",\"@id\":\"https:\/\/ateliersdeseauxbleues.com\/de\/#organization\",\"name\":\"Ateliers des Eaux Bleues\",\"url\":\"https:\/\/ateliersdeseauxbleues.com\/de\/\",\"logo\":{\"@type\":\"ImageObject\",\"inLanguage\":\"de\",\"@id\":\"https:\/\/ateliersdeseauxbleues.com\/de\/#\/schema\/logo\/image\/\",\"url\":\"https:\/\/ateliersdeseauxbleues.com\/wp-content\/uploads\/2024\/12\/Logo-atelier-des-eaux-bleues.png\",\"contentUrl\":\"https:\/\/ateliersdeseauxbleues.com\/wp-content\/uploads\/2024\/12\/Logo-atelier-des-eaux-bleues.png\",\"width\":940,\"height\":418,\"caption\":\"Ateliers des Eaux Bleues\"},\"image\":{\"@id\":\"https:\/\/ateliersdeseauxbleues.com\/de\/#\/schema\/logo\/image\/\"}}]}<\/script>\n<!-- \/ Yoast SEO plugin. -->","yoast_head_json":{"title":"Feiner Signal-Blindenstock \u2013 Sparmodell - Ateliers des Eaux Bleues","robots":{"index":"index","follow":"follow","max-snippet":"max-snippet:-1","max-image-preview":"max-image-preview:large","max-video-preview":"max-video-preview:-1"},"canonical":"https:\/\/ateliersdeseauxbleues.com\/de\/catalogue\/blindenstocke-fur-blinde-und-sehbehinderte\/spezielle-blindenstocke\/feiner-signal-blindenstock-sparmodell\/","og_locale":"de_DE","og_type":"article","og_title":"Feiner Signal-Blindenstock \u2013 Sparmodell - Ateliers des Eaux Bleues","og_description":"Wirtschaftlicher Stock, eher zur Kennzeichnung als zur Fortbewegung gedacht. Dieser Stock ist aus Aluminium, und seine Basisversion misst 85 cm (andere L\u00e4ngen auf Anfrage). Sein Au\u00dfendurchmesser betr\u00e4gt 10 mm, bei einem Gewicht von 72 g. Zusammengeklappt misst das B\u00fcndel 22 cm.","og_url":"https:\/\/ateliersdeseauxbleues.com\/de\/catalogue\/blindenstocke-fur-blinde-und-sehbehinderte\/spezielle-blindenstocke\/feiner-signal-blindenstock-sparmodell\/","og_site_name":"Ateliers des Eaux Bleues","article_modified_time":"2026-03-20T11:40:52+00:00","og_image":[{"width":2335,"height":2335,"url":"https:\/\/ateliersdeseauxbleues.com\/wp-content\/uploads\/2025\/03\/Canne-Eco.jpg","type":"image\/jpeg"}],"twitter_card":"summary_large_image","schema":{"@context":"https:\/\/schema.org","@graph":[{"@type":"WebPage","@id":"https:\/\/ateliersdeseauxbleues.com\/de\/catalogue\/blindenstocke-fur-blinde-und-sehbehinderte\/spezielle-blindenstocke\/feiner-signal-blindenstock-sparmodell\/","url":"https:\/\/ateliersdeseauxbleues.com\/de\/catalogue\/blindenstocke-fur-blinde-und-sehbehinderte\/spezielle-blindenstocke\/feiner-signal-blindenstock-sparmodell\/","name":"Feiner Signal-Blindenstock \u2013 Sparmodell - Ateliers des Eaux Bleues","isPartOf":{"@id":"https:\/\/ateliersdeseauxbleues.com\/de\/#website"},"primaryImageOfPage":{"@id":"https:\/\/ateliersdeseauxbleues.com\/de\/catalogue\/blindenstocke-fur-blinde-und-sehbehinderte\/spezielle-blindenstocke\/feiner-signal-blindenstock-sparmodell\/#primaryimage"},"image":{"@id":"https:\/\/ateliersdeseauxbleues.com\/de\/catalogue\/blindenstocke-fur-blinde-und-sehbehinderte\/spezielle-blindenstocke\/feiner-signal-blindenstock-sparmodell\/#primaryimage"},"thumbnailUrl":"https:\/\/ateliersdeseauxbleues.com\/wp-content\/uploads\/2025\/03\/Canne-Eco.jpg","datePublished":"2019-10-08T07:51:49+00:00","dateModified":"2026-03-20T11:40:52+00:00","breadcrumb":{"@id":"https:\/\/ateliersdeseauxbleues.com\/de\/catalogue\/blindenstocke-fur-blinde-und-sehbehinderte\/spezielle-blindenstocke\/feiner-signal-blindenstock-sparmodell\/#breadcrumb"},"inLanguage":"de","potentialAction":[{"@type":"ReadAction","target":["https:\/\/ateliersdeseauxbleues.com\/de\/catalogue\/blindenstocke-fur-blinde-und-sehbehinderte\/spezielle-blindenstocke\/feiner-signal-blindenstock-sparmodell\/"]}]},{"@type":"ImageObject","inLanguage":"de","@id":"https:\/\/ateliersdeseauxbleues.com\/de\/catalogue\/blindenstocke-fur-blinde-und-sehbehinderte\/spezielle-blindenstocke\/feiner-signal-blindenstock-sparmodell\/#primaryimage","url":"https:\/\/ateliersdeseauxbleues.com\/wp-content\/uploads\/2025\/03\/Canne-Eco.jpg","contentUrl":"https:\/\/ateliersdeseauxbleues.com\/wp-content\/uploads\/2025\/03\/Canne-Eco.jpg","width":2335,"height":2335},{"@type":"BreadcrumbList","@id":"https:\/\/ateliersdeseauxbleues.com\/de\/catalogue\/blindenstocke-fur-blinde-und-sehbehinderte\/spezielle-blindenstocke\/feiner-signal-blindenstock-sparmodell\/#breadcrumb","itemListElement":[{"@type":"ListItem","position":1,"name":"Startseite","item":"https:\/\/ateliersdeseauxbleues.com\/de\/ateliers-de-eaux-bleues-herstellung-von-blindenstoecken\/"},{"@type":"ListItem","position":2,"name":"Sortiment","item":"https:\/\/ateliersdeseauxbleues.com\/de\/sortiment\/"},{"@type":"ListItem","position":3,"name":"Blindenst\u00f6cke f\u00fcr Blinde und Sehbehinderte","item":"https:\/\/ateliersdeseauxbleues.com\/de\/categorie-produit\/blindenstocke-fur-blinde-und-sehbehinderte\/"},{"@type":"ListItem","position":4,"name":"Spezielle Blindenst\u00f6cke","item":"https:\/\/ateliersdeseauxbleues.com\/de\/categorie-produit\/blindenstocke-fur-blinde-und-sehbehinderte\/spezielle-blindenstocke\/"},{"@type":"ListItem","position":5,"name":"Feiner Signal-Blindenstock \u2013 Sparmodell"}]},{"@type":"WebSite","@id":"https:\/\/ateliersdeseauxbleues.com\/de\/#website","url":"https:\/\/ateliersdeseauxbleues.com\/de\/","name":"Ateliers des Eaux Bleues","description":"Ateliers des Eaux Bleues","publisher":{"@id":"https:\/\/ateliersdeseauxbleues.com\/de\/#organization"},"potentialAction":[{"@type":"SearchAction","target":{"@type":"EntryPoint","urlTemplate":"https:\/\/ateliersdeseauxbleues.com\/de\/?s={search_term_string}"},"query-input":{"@type":"PropertyValueSpecification","valueRequired":true,"valueName":"search_term_string"}}],"inLanguage":"de"},{"@type":"Organization","@id":"https:\/\/ateliersdeseauxbleues.com\/de\/#organization","name":"Ateliers des Eaux Bleues","url":"https:\/\/ateliersdeseauxbleues.com\/de\/","logo":{"@type":"ImageObject","inLanguage":"de","@id":"https:\/\/ateliersdeseauxbleues.com\/de\/#\/schema\/logo\/image\/","url":"https:\/\/ateliersdeseauxbleues.com\/wp-content\/uploads\/2024\/12\/Logo-atelier-des-eaux-bleues.png","contentUrl":"https:\/\/ateliersdeseauxbleues.com\/wp-content\/uploads\/2024\/12\/Logo-atelier-des-eaux-bleues.png","width":940,"height":418,"caption":"Ateliers des Eaux Bleues"},"image":{"@id":"https:\/\/ateliersdeseauxbleues.com\/de\/#\/schema\/logo\/image\/"}}]}},"_links":{"self":[{"href":"https:\/\/ateliersdeseauxbleues.com\/de\/wp-json\/wp\/v2\/product\/9677","targetHints":{"allow":["GET"]}}],"collection":[{"href":"https:\/\/ateliersdeseauxbleues.com\/de\/wp-json\/wp\/v2\/product"}],"about":[{"href":"https:\/\/ateliersdeseauxbleues.com\/de\/wp-json\/wp\/v2\/types\/product"}],"replies":[{"embeddable":true,"href":"https:\/\/ateliersdeseauxbleues.com\/de\/wp-json\/wp\/v2\/comments?post=9677"}],"wp:featuredmedia":[{"embeddable":true,"href":"https:\/\/ateliersdeseauxbleues.com\/de\/wp-json\/wp\/v2\/media\/9679"}],"wp:attachment":[{"href":"https:\/\/ateliersdeseauxbleues.com\/de\/wp-json\/wp\/v2\/media?parent=9677"}],"wp:term":[{"taxonomy":"product_brand","embeddable":true,"href":"https:\/\/ateliersdeseauxbleues.com\/de\/wp-json\/wp\/v2\/product_brand?post=9677"},{"taxonomy":"product_cat","embeddable":true,"href":"https:\/\/ateliersdeseauxbleues.com\/de\/wp-json\/wp\/v2\/product_cat?post=9677"},{"taxonomy":"product_tag","embeddable":true,"href":"https:\/\/ateliersdeseauxbleues.com\/de\/wp-json\/wp\/v2\/product_tag?post=9677"}],"curies":[{"name":"wp","href":"https:\/\/api.w.org\/{rel}","templated":true}]}}