{"id":9510,"date":"2024-12-16T10:43:22","date_gmt":"2024-12-16T09:43:22","guid":{"rendered":"https:\/\/ateliersdeseauxbleues.com\/die-produktpalette\/"},"modified":"2026-03-20T12:37:06","modified_gmt":"2026-03-20T11:37:06","slug":"die-produktpalette","status":"publish","type":"page","link":"https:\/\/ateliersdeseauxbleues.com\/de\/die-produktpalette\/","title":{"rendered":"Die Produktpalette"},"content":{"rendered":"\t\t<div data-elementor-type=\"wp-page\" data-elementor-id=\"9510\" class=\"elementor elementor-9510 elementor-7\" data-elementor-post-type=\"page\">\n\t\t\t\t<div class=\"elementor-element elementor-element-146408b e-flex e-con-boxed e-con e-parent\" data-id=\"146408b\" data-element_type=\"container\" data-e-type=\"container\" data-settings=\"{&quot;background_background&quot;:&quot;classic&quot;}\">\n\t\t\t\t\t<div class=\"e-con-inner\">\n\t\t\t\t<div class=\"elementor-element elementor-element-1c87646 elementor-widget elementor-widget-text-editor\" data-id=\"1c87646\" data-element_type=\"widget\" data-e-type=\"widget\" data-widget_type=\"text-editor.default\">\n\t\t\t\t<div class=\"elementor-widget-container\">\n\t\t\t\t\t\t\t\t\t<p>Entdecken Sie ma\u00dfgeschneiderte L\u00f6sungen, um Ihren Alltag zug\u00e4nglicher zu gestalten<\/p>\t\t\t\t\t\t\t\t<\/div>\n\t\t\t\t<\/div>\n\t\t\t\t\t<\/div>\n\t\t\t\t<\/div>\n\t\t<div class=\"elementor-element elementor-element-02056a6 e-flex e-con-boxed e-con e-parent\" data-id=\"02056a6\" data-element_type=\"container\" data-e-type=\"container\">\n\t\t\t\t\t<div class=\"e-con-inner\">\n\t\t<div class=\"elementor-element elementor-element-e77ce59 e-con-full e-flex e-con e-child\" data-id=\"e77ce59\" data-element_type=\"container\" data-e-type=\"container\">\n\t\t\t\t<div class=\"elementor-element elementor-element-009733c elementor-widget elementor-widget-image\" data-id=\"009733c\" data-element_type=\"widget\" data-e-type=\"widget\" data-widget_type=\"image.default\">\n\t\t\t\t<div class=\"elementor-widget-container\">\n\t\t\t\t\t\t\t\t\t\t\t\t\t\t\t\t<a href=\"https:\/\/ateliersdeseauxbleues.com\/catalogue\/cannes-blanches\/\">\n\t\t\t\t\t\t\t<img fetchpriority=\"high\" decoding=\"async\" width=\"800\" height=\"800\" src=\"https:\/\/ateliersdeseauxbleues.com\/wp-content\/uploads\/2025\/03\/Canne-7-2-1024x1024.jpg\" class=\"attachment-large size-large wp-image-9493 wvs-archive-product-image\" alt=\"\" srcset=\"https:\/\/ateliersdeseauxbleues.com\/wp-content\/uploads\/2025\/03\/Canne-7-2-1024x1024.jpg 1024w, https:\/\/ateliersdeseauxbleues.com\/wp-content\/uploads\/2025\/03\/Canne-7-2-300x300.jpg 300w, https:\/\/ateliersdeseauxbleues.com\/wp-content\/uploads\/2025\/03\/Canne-7-2-150x150.jpg 150w, https:\/\/ateliersdeseauxbleues.com\/wp-content\/uploads\/2025\/03\/Canne-7-2-768x768.jpg 768w, https:\/\/ateliersdeseauxbleues.com\/wp-content\/uploads\/2025\/03\/Canne-7-2-1536x1536.jpg 1536w, https:\/\/ateliersdeseauxbleues.com\/wp-content\/uploads\/2025\/03\/Canne-7-2-2048x2048.jpg 2048w, https:\/\/ateliersdeseauxbleues.com\/wp-content\/uploads\/2025\/03\/Canne-7-2-600x600.jpg 600w, https:\/\/ateliersdeseauxbleues.com\/wp-content\/uploads\/2025\/03\/Canne-7-2-100x100.jpg 100w, https:\/\/ateliersdeseauxbleues.com\/wp-content\/uploads\/2025\/03\/Canne-7-2-50x50.jpg 50w\" sizes=\"(max-width: 800px) 100vw, 800px\" \/>\t\t\t\t\t\t\t\t<\/a>\n\t\t\t\t\t\t\t\t\t\t\t\t\t\t\t<\/div>\n\t\t\t\t<\/div>\n\t\t<div class=\"elementor-element elementor-element-b8eab8b e-con-full e-flex e-con e-child\" data-id=\"b8eab8b\" data-element_type=\"container\" data-e-type=\"container\">\n\t\t\t\t<div class=\"elementor-element elementor-element-f6868a9 elementor-widget elementor-widget-heading\" data-id=\"f6868a9\" data-element_type=\"widget\" data-e-type=\"widget\" data-widget_type=\"heading.default\">\n\t\t\t\t<div class=\"elementor-widget-container\">\n\t\t\t\t\t<h2 class=\"elementor-heading-title elementor-size-default\">Blindenst\u00f6cke<\/h2>\t\t\t\t<\/div>\n\t\t\t\t<\/div>\n\t\t\t\t<div class=\"elementor-element elementor-element-0ed88e8 btn-bleu-clair elementor-widget elementor-widget-button\" data-id=\"0ed88e8\" data-element_type=\"widget\" data-e-type=\"widget\" data-widget_type=\"button.default\">\n\t\t\t\t<div class=\"elementor-widget-container\">\n\t\t\t\t\t\t\t\t\t<div class=\"elementor-button-wrapper\">\n\t\t\t\t\t<a class=\"elementor-button elementor-button-link elementor-size-sm\" href=\"https:\/\/ateliersdeseauxbleues.com\/catalogue\/cannes-blanches\/\">\n\t\t\t\t\t\t<span class=\"elementor-button-content-wrapper\">\n\t\t\t\t\t\t<span class=\"elementor-button-icon\">\n\t\t\t\t<svg aria-hidden=\"true\" class=\"e-font-icon-svg e-fas-long-arrow-alt-right\" viewBox=\"0 0 448 512\" xmlns=\"http:\/\/www.w3.org\/2000\/svg\"><path d=\"M313.941 216H12c-6.627 0-12 5.373-12 12v56c0 6.627 5.373 12 12 12h301.941v46.059c0 21.382 25.851 32.09 40.971 16.971l86.059-86.059c9.373-9.373 9.373-24.569 0-33.941l-86.059-86.059c-15.119-15.119-40.971-4.411-40.971 16.971V216z\"><\/path><\/svg>\t\t\t<\/span>\n\t\t\t\t\t\t\t\t\t<span class=\"elementor-button-text\">Die Produktpalette entdecken<\/span>\n\t\t\t\t\t<\/span>\n\t\t\t\t\t<\/a>\n\t\t\t\t<\/div>\n\t\t\t\t\t\t\t\t<\/div>\n\t\t\t\t<\/div>\n\t\t\t\t<\/div>\n\t\t\t\t<\/div>\n\t\t<div class=\"elementor-element elementor-element-2213a3b e-con-full e-flex e-con e-child\" data-id=\"2213a3b\" data-element_type=\"container\" data-e-type=\"container\">\n\t\t\t\t<div class=\"elementor-element elementor-element-b053993 elementor-widget elementor-widget-image\" data-id=\"b053993\" data-element_type=\"widget\" data-e-type=\"widget\" data-widget_type=\"image.default\">\n\t\t\t\t<div class=\"elementor-widget-container\">\n\t\t\t\t\t\t\t\t\t\t\t\t\t\t\t\t<a href=\"https:\/\/ateliersdeseauxbleues.com\/catalogue\/embouts\/\">\n\t\t\t\t\t\t\t<img decoding=\"async\" width=\"800\" height=\"800\" src=\"https:\/\/ateliersdeseauxbleues.com\/wp-content\/uploads\/2019\/10\/Embout-CS1-1024x1024.jpg\" class=\"attachment-large size-large wp-image-9511 wvs-archive-product-image\" alt=\"Spitze CS1\" srcset=\"https:\/\/ateliersdeseauxbleues.com\/wp-content\/uploads\/2019\/10\/Embout-CS1-1024x1024.jpg 1024w, https:\/\/ateliersdeseauxbleues.com\/wp-content\/uploads\/2019\/10\/Embout-CS1-300x300.jpg 300w, https:\/\/ateliersdeseauxbleues.com\/wp-content\/uploads\/2019\/10\/Embout-CS1-150x150.jpg 150w, https:\/\/ateliersdeseauxbleues.com\/wp-content\/uploads\/2019\/10\/Embout-CS1-768x768.jpg 768w, https:\/\/ateliersdeseauxbleues.com\/wp-content\/uploads\/2019\/10\/Embout-CS1-1536x1536.jpg 1536w, https:\/\/ateliersdeseauxbleues.com\/wp-content\/uploads\/2019\/10\/Embout-CS1-2048x2048.jpg 2048w, https:\/\/ateliersdeseauxbleues.com\/wp-content\/uploads\/2019\/10\/Embout-CS1-600x600.jpg 600w, https:\/\/ateliersdeseauxbleues.com\/wp-content\/uploads\/2019\/10\/Embout-CS1-100x100.jpg 100w, https:\/\/ateliersdeseauxbleues.com\/wp-content\/uploads\/2019\/10\/Embout-CS1-50x50.jpg 50w\" sizes=\"(max-width: 800px) 100vw, 800px\" \/>\t\t\t\t\t\t\t\t<\/a>\n\t\t\t\t\t\t\t\t\t\t\t\t\t\t\t<\/div>\n\t\t\t\t<\/div>\n\t\t<div class=\"elementor-element elementor-element-0340592 e-con-full e-flex e-con e-child\" data-id=\"0340592\" data-element_type=\"container\" data-e-type=\"container\">\n\t\t\t\t<div class=\"elementor-element elementor-element-ccb23ef elementor-widget elementor-widget-heading\" data-id=\"ccb23ef\" data-element_type=\"widget\" data-e-type=\"widget\" data-widget_type=\"heading.default\">\n\t\t\t\t<div class=\"elementor-widget-container\">\n\t\t\t\t\t<h2 class=\"elementor-heading-title elementor-size-default\">Stockspitzen<\/h2>\t\t\t\t<\/div>\n\t\t\t\t<\/div>\n\t\t\t\t<div class=\"elementor-element elementor-element-21368fd btn-bleu-clair elementor-widget elementor-widget-button\" data-id=\"21368fd\" data-element_type=\"widget\" data-e-type=\"widget\" data-widget_type=\"button.default\">\n\t\t\t\t<div class=\"elementor-widget-container\">\n\t\t\t\t\t\t\t\t\t<div class=\"elementor-button-wrapper\">\n\t\t\t\t\t<a class=\"elementor-button elementor-button-link elementor-size-sm\" href=\"https:\/\/ateliersdeseauxbleues.com\/catalogue\/embouts\/\">\n\t\t\t\t\t\t<span class=\"elementor-button-content-wrapper\">\n\t\t\t\t\t\t<span class=\"elementor-button-icon\">\n\t\t\t\t<svg aria-hidden=\"true\" class=\"e-font-icon-svg e-fas-long-arrow-alt-right\" viewBox=\"0 0 448 512\" xmlns=\"http:\/\/www.w3.org\/2000\/svg\"><path d=\"M313.941 216H12c-6.627 0-12 5.373-12 12v56c0 6.627 5.373 12 12 12h301.941v46.059c0 21.382 25.851 32.09 40.971 16.971l86.059-86.059c9.373-9.373 9.373-24.569 0-33.941l-86.059-86.059c-15.119-15.119-40.971-4.411-40.971 16.971V216z\"><\/path><\/svg>\t\t\t<\/span>\n\t\t\t\t\t\t\t\t\t<span class=\"elementor-button-text\">Die Produktpalette entdecken<\/span>\n\t\t\t\t\t<\/span>\n\t\t\t\t\t<\/a>\n\t\t\t\t<\/div>\n\t\t\t\t\t\t\t\t<\/div>\n\t\t\t\t<\/div>\n\t\t\t\t<\/div>\n\t\t\t\t<\/div>\n\t\t<div class=\"elementor-element elementor-element-ab6a848 e-con-full e-flex e-con e-child\" data-id=\"ab6a848\" data-element_type=\"container\" data-e-type=\"container\">\n\t\t\t\t<div class=\"elementor-element elementor-element-2a38c74 elementor-widget elementor-widget-image\" data-id=\"2a38c74\" data-element_type=\"widget\" data-e-type=\"widget\" data-widget_type=\"image.default\">\n\t\t\t\t<div class=\"elementor-widget-container\">\n\t\t\t\t\t\t\t\t\t\t\t\t\t\t\t\t<a href=\"https:\/\/ateliersdeseauxbleues.com\/catalogue\/accessoires\/\">\n\t\t\t\t\t\t\t<img decoding=\"async\" width=\"800\" height=\"800\" src=\"https:\/\/ateliersdeseauxbleues.com\/wp-content\/uploads\/2019\/10\/25003_Pochette_2-1024x1024.jpg\" class=\"attachment-large size-large wp-image-9512 wvs-archive-product-image\" alt=\"25003_Pochette_2\" srcset=\"https:\/\/ateliersdeseauxbleues.com\/wp-content\/uploads\/2019\/10\/25003_Pochette_2-1024x1024.jpg 1024w, https:\/\/ateliersdeseauxbleues.com\/wp-content\/uploads\/2019\/10\/25003_Pochette_2-300x300.jpg 300w, https:\/\/ateliersdeseauxbleues.com\/wp-content\/uploads\/2019\/10\/25003_Pochette_2-150x150.jpg 150w, https:\/\/ateliersdeseauxbleues.com\/wp-content\/uploads\/2019\/10\/25003_Pochette_2-768x768.jpg 768w, https:\/\/ateliersdeseauxbleues.com\/wp-content\/uploads\/2019\/10\/25003_Pochette_2-1536x1536.jpg 1536w, https:\/\/ateliersdeseauxbleues.com\/wp-content\/uploads\/2019\/10\/25003_Pochette_2-2048x2048.jpg 2048w, https:\/\/ateliersdeseauxbleues.com\/wp-content\/uploads\/2019\/10\/25003_Pochette_2-600x600.jpg 600w, https:\/\/ateliersdeseauxbleues.com\/wp-content\/uploads\/2019\/10\/25003_Pochette_2-100x100.jpg 100w, https:\/\/ateliersdeseauxbleues.com\/wp-content\/uploads\/2019\/10\/25003_Pochette_2-50x50.jpg 50w\" sizes=\"(max-width: 800px) 100vw, 800px\" \/>\t\t\t\t\t\t\t\t<\/a>\n\t\t\t\t\t\t\t\t\t\t\t\t\t\t\t<\/div>\n\t\t\t\t<\/div>\n\t\t<div class=\"elementor-element elementor-element-a9fd0a5 e-con-full e-flex e-con e-child\" data-id=\"a9fd0a5\" data-element_type=\"container\" data-e-type=\"container\">\n\t\t\t\t<div class=\"elementor-element elementor-element-7a501bf elementor-widget elementor-widget-heading\" data-id=\"7a501bf\" data-element_type=\"widget\" data-e-type=\"widget\" data-widget_type=\"heading.default\">\n\t\t\t\t<div class=\"elementor-widget-container\">\n\t\t\t\t\t<h2 class=\"elementor-heading-title elementor-size-default\">Zubeh\u00f6r<\/h2>\t\t\t\t<\/div>\n\t\t\t\t<\/div>\n\t\t\t\t<div class=\"elementor-element elementor-element-18f03f9 btn-bleu-clair elementor-widget elementor-widget-button\" data-id=\"18f03f9\" data-element_type=\"widget\" data-e-type=\"widget\" data-widget_type=\"button.default\">\n\t\t\t\t<div class=\"elementor-widget-container\">\n\t\t\t\t\t\t\t\t\t<div class=\"elementor-button-wrapper\">\n\t\t\t\t\t<a class=\"elementor-button elementor-button-link elementor-size-sm\" href=\"https:\/\/ateliersdeseauxbleues.com\/catalogue\/accessoires\/\">\n\t\t\t\t\t\t<span class=\"elementor-button-content-wrapper\">\n\t\t\t\t\t\t<span class=\"elementor-button-icon\">\n\t\t\t\t<svg aria-hidden=\"true\" class=\"e-font-icon-svg e-fas-long-arrow-alt-right\" viewBox=\"0 0 448 512\" xmlns=\"http:\/\/www.w3.org\/2000\/svg\"><path d=\"M313.941 216H12c-6.627 0-12 5.373-12 12v56c0 6.627 5.373 12 12 12h301.941v46.059c0 21.382 25.851 32.09 40.971 16.971l86.059-86.059c9.373-9.373 9.373-24.569 0-33.941l-86.059-86.059c-15.119-15.119-40.971-4.411-40.971 16.971V216z\"><\/path><\/svg>\t\t\t<\/span>\n\t\t\t\t\t\t\t\t\t<span class=\"elementor-button-text\">Die Produktpalette entdecken<\/span>\n\t\t\t\t\t<\/span>\n\t\t\t\t\t<\/a>\n\t\t\t\t<\/div>\n\t\t\t\t\t\t\t\t<\/div>\n\t\t\t\t<\/div>\n\t\t\t\t<\/div>\n\t\t\t\t<\/div>\n\t\t\t\t\t<\/div>\n\t\t\t\t<\/div>\n\t\t\t\t<\/div>\n\t\t","protected":false},"excerpt":{"rendered":"<p>Entdecken Sie ma\u00dfgeschneiderte L\u00f6sungen, um Ihren Alltag zug\u00e4nglicher zu gestalten Blindenst\u00f6cke Die Produktpalette entdecken Stockspitzen Die Produktpalette entdecken Zubeh\u00f6r Die Produktpalette entdecken<\/p>\n","protected":false},"author":1,"featured_media":0,"parent":0,"menu_order":0,"comment_status":"closed","ping_status":"closed","template":"elementor_header_footer","meta":{"footnotes":""},"class_list":["post-9510","page","type-page","status-publish","hentry"],"yoast_head":"<!-- This site is optimized with the Yoast SEO plugin v27.2 - https:\/\/yoast.com\/product\/yoast-seo-wordpress\/ -->\n<title>Die Produktpalette - Ateliers des Eaux Bleues<\/title>\n<meta name=\"robots\" content=\"index, follow, max-snippet:-1, max-image-preview:large, max-video-preview:-1\" \/>\n<link rel=\"canonical\" href=\"https:\/\/ateliersdeseauxbleues.com\/de\/die-produktpalette\/\" \/>\n<meta property=\"og:locale\" content=\"de_DE\" \/>\n<meta property=\"og:type\" content=\"article\" \/>\n<meta property=\"og:title\" content=\"Die Produktpalette - Ateliers des Eaux Bleues\" \/>\n<meta property=\"og:description\" content=\"Entdecken Sie ma\u00dfgeschneiderte L\u00f6sungen, um Ihren Alltag zug\u00e4nglicher zu gestalten Blindenst\u00f6cke Die Produktpalette entdecken Stockspitzen Die Produktpalette entdecken Zubeh\u00f6r Die Produktpalette entdecken\" \/>\n<meta property=\"og:url\" content=\"https:\/\/ateliersdeseauxbleues.com\/de\/die-produktpalette\/\" \/>\n<meta property=\"og:site_name\" content=\"Ateliers des Eaux Bleues\" \/>\n<meta property=\"article:modified_time\" content=\"2026-03-20T11:37:06+00:00\" \/>\n<meta property=\"og:image\" content=\"https:\/\/ateliersdeseauxbleues.com\/wp-content\/uploads\/2025\/03\/Canne-7-2-scaled.jpg\" \/>\n\t<meta property=\"og:image:width\" content=\"2560\" \/>\n\t<meta property=\"og:image:height\" content=\"2560\" \/>\n\t<meta property=\"og:image:type\" content=\"image\/jpeg\" \/>\n<meta name=\"twitter:card\" content=\"summary_large_image\" \/>\n<script type=\"application\/ld+json\" class=\"yoast-schema-graph\">{\"@context\":\"https:\/\/schema.org\",\"@graph\":[{\"@type\":\"WebPage\",\"@id\":\"https:\/\/ateliersdeseauxbleues.com\/de\/die-produktpalette\/\",\"url\":\"https:\/\/ateliersdeseauxbleues.com\/de\/die-produktpalette\/\",\"name\":\"Die Produktpalette - Ateliers des Eaux Bleues\",\"isPartOf\":{\"@id\":\"https:\/\/ateliersdeseauxbleues.com\/de\/#website\"},\"primaryImageOfPage\":{\"@id\":\"https:\/\/ateliersdeseauxbleues.com\/de\/die-produktpalette\/#primaryimage\"},\"image\":{\"@id\":\"https:\/\/ateliersdeseauxbleues.com\/de\/die-produktpalette\/#primaryimage\"},\"thumbnailUrl\":\"https:\/\/ateliersdeseauxbleues.com\/wp-content\/uploads\/2025\/03\/Canne-7-2-1024x1024.jpg\",\"datePublished\":\"2024-12-16T09:43:22+00:00\",\"dateModified\":\"2026-03-20T11:37:06+00:00\",\"breadcrumb\":{\"@id\":\"https:\/\/ateliersdeseauxbleues.com\/de\/die-produktpalette\/#breadcrumb\"},\"inLanguage\":\"de\",\"potentialAction\":[{\"@type\":\"ReadAction\",\"target\":[\"https:\/\/ateliersdeseauxbleues.com\/de\/die-produktpalette\/\"]}]},{\"@type\":\"ImageObject\",\"inLanguage\":\"de\",\"@id\":\"https:\/\/ateliersdeseauxbleues.com\/de\/die-produktpalette\/#primaryimage\",\"url\":\"https:\/\/ateliersdeseauxbleues.com\/wp-content\/uploads\/2025\/03\/Canne-7-2-1024x1024.jpg\",\"contentUrl\":\"https:\/\/ateliersdeseauxbleues.com\/wp-content\/uploads\/2025\/03\/Canne-7-2-1024x1024.jpg\"},{\"@type\":\"BreadcrumbList\",\"@id\":\"https:\/\/ateliersdeseauxbleues.com\/de\/die-produktpalette\/#breadcrumb\",\"itemListElement\":[{\"@type\":\"ListItem\",\"position\":1,\"name\":\"Startseite\",\"item\":\"https:\/\/ateliersdeseauxbleues.com\/de\/ateliers-de-eaux-bleues-herstellung-von-blindenstoecken\/\"},{\"@type\":\"ListItem\",\"position\":2,\"name\":\"Die Produktpalette\"}]},{\"@type\":\"WebSite\",\"@id\":\"https:\/\/ateliersdeseauxbleues.com\/de\/#website\",\"url\":\"https:\/\/ateliersdeseauxbleues.com\/de\/\",\"name\":\"Ateliers des Eaux Bleues\",\"description\":\"Ateliers des Eaux Bleues\",\"publisher\":{\"@id\":\"https:\/\/ateliersdeseauxbleues.com\/de\/#organization\"},\"potentialAction\":[{\"@type\":\"SearchAction\",\"target\":{\"@type\":\"EntryPoint\",\"urlTemplate\":\"https:\/\/ateliersdeseauxbleues.com\/de\/?s={search_term_string}\"},\"query-input\":{\"@type\":\"PropertyValueSpecification\",\"valueRequired\":true,\"valueName\":\"search_term_string\"}}],\"inLanguage\":\"de\"},{\"@type\":\"Organization\",\"@id\":\"https:\/\/ateliersdeseauxbleues.com\/de\/#organization\",\"name\":\"Ateliers des Eaux Bleues\",\"url\":\"https:\/\/ateliersdeseauxbleues.com\/de\/\",\"logo\":{\"@type\":\"ImageObject\",\"inLanguage\":\"de\",\"@id\":\"https:\/\/ateliersdeseauxbleues.com\/de\/#\/schema\/logo\/image\/\",\"url\":\"https:\/\/ateliersdeseauxbleues.com\/wp-content\/uploads\/2024\/12\/Logo-atelier-des-eaux-bleues.png\",\"contentUrl\":\"https:\/\/ateliersdeseauxbleues.com\/wp-content\/uploads\/2024\/12\/Logo-atelier-des-eaux-bleues.png\",\"width\":940,\"height\":418,\"caption\":\"Ateliers des Eaux Bleues\"},\"image\":{\"@id\":\"https:\/\/ateliersdeseauxbleues.com\/de\/#\/schema\/logo\/image\/\"}}]}<\/script>\n<!-- \/ Yoast SEO plugin. -->","yoast_head_json":{"title":"Die Produktpalette - Ateliers des Eaux Bleues","robots":{"index":"index","follow":"follow","max-snippet":"max-snippet:-1","max-image-preview":"max-image-preview:large","max-video-preview":"max-video-preview:-1"},"canonical":"https:\/\/ateliersdeseauxbleues.com\/de\/die-produktpalette\/","og_locale":"de_DE","og_type":"article","og_title":"Die Produktpalette - Ateliers des Eaux Bleues","og_description":"Entdecken Sie ma\u00dfgeschneiderte L\u00f6sungen, um Ihren Alltag zug\u00e4nglicher zu gestalten Blindenst\u00f6cke Die Produktpalette entdecken Stockspitzen Die Produktpalette entdecken Zubeh\u00f6r Die Produktpalette entdecken","og_url":"https:\/\/ateliersdeseauxbleues.com\/de\/die-produktpalette\/","og_site_name":"Ateliers des Eaux Bleues","article_modified_time":"2026-03-20T11:37:06+00:00","og_image":[{"width":2560,"height":2560,"url":"https:\/\/ateliersdeseauxbleues.com\/wp-content\/uploads\/2025\/03\/Canne-7-2-scaled.jpg","type":"image\/jpeg"}],"twitter_card":"summary_large_image","schema":{"@context":"https:\/\/schema.org","@graph":[{"@type":"WebPage","@id":"https:\/\/ateliersdeseauxbleues.com\/de\/die-produktpalette\/","url":"https:\/\/ateliersdeseauxbleues.com\/de\/die-produktpalette\/","name":"Die Produktpalette - Ateliers des Eaux Bleues","isPartOf":{"@id":"https:\/\/ateliersdeseauxbleues.com\/de\/#website"},"primaryImageOfPage":{"@id":"https:\/\/ateliersdeseauxbleues.com\/de\/die-produktpalette\/#primaryimage"},"image":{"@id":"https:\/\/ateliersdeseauxbleues.com\/de\/die-produktpalette\/#primaryimage"},"thumbnailUrl":"https:\/\/ateliersdeseauxbleues.com\/wp-content\/uploads\/2025\/03\/Canne-7-2-1024x1024.jpg","datePublished":"2024-12-16T09:43:22+00:00","dateModified":"2026-03-20T11:37:06+00:00","breadcrumb":{"@id":"https:\/\/ateliersdeseauxbleues.com\/de\/die-produktpalette\/#breadcrumb"},"inLanguage":"de","potentialAction":[{"@type":"ReadAction","target":["https:\/\/ateliersdeseauxbleues.com\/de\/die-produktpalette\/"]}]},{"@type":"ImageObject","inLanguage":"de","@id":"https:\/\/ateliersdeseauxbleues.com\/de\/die-produktpalette\/#primaryimage","url":"https:\/\/ateliersdeseauxbleues.com\/wp-content\/uploads\/2025\/03\/Canne-7-2-1024x1024.jpg","contentUrl":"https:\/\/ateliersdeseauxbleues.com\/wp-content\/uploads\/2025\/03\/Canne-7-2-1024x1024.jpg"},{"@type":"BreadcrumbList","@id":"https:\/\/ateliersdeseauxbleues.com\/de\/die-produktpalette\/#breadcrumb","itemListElement":[{"@type":"ListItem","position":1,"name":"Startseite","item":"https:\/\/ateliersdeseauxbleues.com\/de\/ateliers-de-eaux-bleues-herstellung-von-blindenstoecken\/"},{"@type":"ListItem","position":2,"name":"Die Produktpalette"}]},{"@type":"WebSite","@id":"https:\/\/ateliersdeseauxbleues.com\/de\/#website","url":"https:\/\/ateliersdeseauxbleues.com\/de\/","name":"Ateliers des Eaux Bleues","description":"Ateliers des Eaux Bleues","publisher":{"@id":"https:\/\/ateliersdeseauxbleues.com\/de\/#organization"},"potentialAction":[{"@type":"SearchAction","target":{"@type":"EntryPoint","urlTemplate":"https:\/\/ateliersdeseauxbleues.com\/de\/?s={search_term_string}"},"query-input":{"@type":"PropertyValueSpecification","valueRequired":true,"valueName":"search_term_string"}}],"inLanguage":"de"},{"@type":"Organization","@id":"https:\/\/ateliersdeseauxbleues.com\/de\/#organization","name":"Ateliers des Eaux Bleues","url":"https:\/\/ateliersdeseauxbleues.com\/de\/","logo":{"@type":"ImageObject","inLanguage":"de","@id":"https:\/\/ateliersdeseauxbleues.com\/de\/#\/schema\/logo\/image\/","url":"https:\/\/ateliersdeseauxbleues.com\/wp-content\/uploads\/2024\/12\/Logo-atelier-des-eaux-bleues.png","contentUrl":"https:\/\/ateliersdeseauxbleues.com\/wp-content\/uploads\/2024\/12\/Logo-atelier-des-eaux-bleues.png","width":940,"height":418,"caption":"Ateliers des Eaux Bleues"},"image":{"@id":"https:\/\/ateliersdeseauxbleues.com\/de\/#\/schema\/logo\/image\/"}}]}},"_links":{"self":[{"href":"https:\/\/ateliersdeseauxbleues.com\/de\/wp-json\/wp\/v2\/pages\/9510","targetHints":{"allow":["GET"]}}],"collection":[{"href":"https:\/\/ateliersdeseauxbleues.com\/de\/wp-json\/wp\/v2\/pages"}],"about":[{"href":"https:\/\/ateliersdeseauxbleues.com\/de\/wp-json\/wp\/v2\/types\/page"}],"author":[{"embeddable":true,"href":"https:\/\/ateliersdeseauxbleues.com\/de\/wp-json\/wp\/v2\/users\/1"}],"replies":[{"embeddable":true,"href":"https:\/\/ateliersdeseauxbleues.com\/de\/wp-json\/wp\/v2\/comments?post=9510"}],"version-history":[{"count":3,"href":"https:\/\/ateliersdeseauxbleues.com\/de\/wp-json\/wp\/v2\/pages\/9510\/revisions"}],"predecessor-version":[{"id":9532,"href":"https:\/\/ateliersdeseauxbleues.com\/de\/wp-json\/wp\/v2\/pages\/9510\/revisions\/9532"}],"wp:attachment":[{"href":"https:\/\/ateliersdeseauxbleues.com\/de\/wp-json\/wp\/v2\/media?parent=9510"}],"curies":[{"name":"wp","href":"https:\/\/api.w.org\/{rel}","templated":true}]}}