{"id":9398,"date":"2025-03-05T10:55:44","date_gmt":"2025-03-05T09:55:44","guid":{"rendered":"https:\/\/ateliersdeseauxbleues.com\/die-ateliers-des-eaux-bleues-entdecken\/"},"modified":"2026-03-23T11:32:42","modified_gmt":"2026-03-23T10:32:42","slug":"die-ateliers-des-eaux-bleues-entdecken","status":"publish","type":"page","link":"https:\/\/ateliersdeseauxbleues.com\/de\/die-ateliers-des-eaux-bleues-entdecken\/","title":{"rendered":"Die Ateliers des Eaux Bleues entdecken"},"content":{"rendered":"\t\t<div data-elementor-type=\"wp-page\" data-elementor-id=\"9398\" class=\"elementor elementor-9398 elementor-2353\" data-elementor-post-type=\"page\">\n\t\t\t\t<div class=\"elementor-element elementor-element-77199f4 e-flex e-con-boxed e-con e-parent\" data-id=\"77199f4\" data-element_type=\"container\" data-e-type=\"container\" data-settings=\"{&quot;background_background&quot;:&quot;classic&quot;}\">\n\t\t\t\t\t<div class=\"e-con-inner\">\n\t\t<div class=\"elementor-element elementor-element-6995de0 e-con-full e-flex e-con e-child\" data-id=\"6995de0\" data-element_type=\"container\" data-e-type=\"container\">\n\t\t<div class=\"elementor-element elementor-element-9eb24fc e-con-full e-flex e-con e-child\" data-id=\"9eb24fc\" data-element_type=\"container\" data-e-type=\"container\">\n\t\t\t\t<div class=\"elementor-element elementor-element-70ac6c7 elementor-widget elementor-widget-image\" data-id=\"70ac6c7\" data-element_type=\"widget\" data-e-type=\"widget\" data-widget_type=\"image.default\">\n\t\t\t\t<div class=\"elementor-widget-container\">\n\t\t\t\t\t\t\t\t\t\t\t\t\t\t\t<img decoding=\"async\" width=\"29\" height=\"4\" src=\"https:\/\/ateliersdeseauxbleues.com\/wp-content\/uploads\/2025\/04\/Line-3.svg\" class=\"attachment-large size-large wp-image-9417 wvs-archive-product-image\" alt=\"\" \/>\t\t\t\t\t\t\t\t\t\t\t\t\t\t\t<\/div>\n\t\t\t\t<\/div>\n\t\t\t\t<div class=\"elementor-element elementor-element-dffcf06 elementor-widget elementor-widget-heading\" data-id=\"dffcf06\" data-element_type=\"widget\" data-e-type=\"widget\" data-widget_type=\"heading.default\">\n\t\t\t\t<div class=\"elementor-widget-container\">\n\t\t\t\t\t<h1 class=\"elementor-heading-title elementor-size-default\">Die Ateliers des Eaux Bleues<\/h1>\t\t\t\t<\/div>\n\t\t\t\t<\/div>\n\t\t\t\t<\/div>\n\t\t\t\t<div class=\"elementor-element elementor-element-7209889 elementor-widget elementor-widget-heading\" data-id=\"7209889\" data-element_type=\"widget\" data-e-type=\"widget\" data-widget_type=\"heading.default\">\n\t\t\t\t<div class=\"elementor-widget-container\">\n\t\t\t\t\t<div class=\"elementor-heading-title elementor-size-default\">Die Ateliers des Eaux Bleues entdecken<\/div>\t\t\t\t<\/div>\n\t\t\t\t<\/div>\n\t\t\t\t<div class=\"elementor-element elementor-element-5fa13b7 elementor-widget elementor-widget-text-editor\" data-id=\"5fa13b7\" data-element_type=\"widget\" data-e-type=\"widget\" data-widget_type=\"text-editor.default\">\n\t\t\t\t<div class=\"elementor-widget-container\">\n\t\t\t\t\t\t\t\t\t<p>Das Domaine des Eaux Bleues ist ein 18 Hektar gro\u00dfes Anwesen in Liverdun in der N\u00e4he von Nancy (54).<\/p>\n<p>Seit 1993 begleiten die Ateliers des Eaux Bleues, eine ESAT (Einrichtung und Dienst zur Unterst\u00fctzung durch Arbeit), 45 Mitarbeiter in 6 verschiedenen Berufen.&nbsp;<\/p>\t\t\t\t\t\t\t\t<\/div>\n\t\t\t\t<\/div>\n\t\t\t\t<\/div>\n\t\t<div class=\"elementor-element elementor-element-1e50a60 e-con-full e-flex e-con e-child\" data-id=\"1e50a60\" data-element_type=\"container\" data-e-type=\"container\">\n\t\t\t\t<div class=\"elementor-element elementor-element-44fba5e elementor-widget elementor-widget-video\" data-id=\"44fba5e\" data-element_type=\"widget\" data-e-type=\"widget\" data-settings=\"{&quot;youtube_url&quot;:&quot;https:\\\/\\\/youtu.be\\\/6qwTWmdrvWA?si=PDedXlMHkBodpie6&quot;,&quot;video_type&quot;:&quot;youtube&quot;,&quot;controls&quot;:&quot;yes&quot;}\" data-widget_type=\"video.default\">\n\t\t\t\t<div class=\"elementor-widget-container\">\n\t\t\t\t\t\t\t<div class=\"elementor-wrapper elementor-open-inline\">\n\t\t\t<div class=\"elementor-video\"><\/div>\t\t<\/div>\n\t\t\t\t\t\t<\/div>\n\t\t\t\t<\/div>\n\t\t\t\t<\/div>\n\t\t\t\t\t<\/div>\n\t\t\t\t<\/div>\n\t\t<div class=\"elementor-element elementor-element-b813a41 e-flex e-con-boxed e-con e-parent\" data-id=\"b813a41\" data-element_type=\"container\" data-e-type=\"container\">\n\t\t\t\t\t<div class=\"e-con-inner\">\n\t\t\t\t<div class=\"elementor-element elementor-element-a4fdea9 elementor-widget elementor-widget-text-editor\" data-id=\"a4fdea9\" data-element_type=\"widget\" data-e-type=\"widget\" data-widget_type=\"text-editor.default\">\n\t\t\t\t<div class=\"elementor-widget-container\">\n\t\t\t\t\t\t\t\t\t<p>Basierend auf einem 2005 erworbenen Know-how aus Qu\u00e9bec produziert die Werkstatt j\u00e4hrlich rund 4.000 faltbare wei\u00dfe Blindenst\u00f6cke aus Aluminium, die in ganz Frankreich und Europa vertrieben werden.<\/p>\t\t\t\t\t\t\t\t<\/div>\n\t\t\t\t<\/div>\n\t\t\t\t\t<\/div>\n\t\t\t\t<\/div>\n\t\t<div class=\"elementor-element elementor-element-823131a e-flex e-con-boxed e-con e-parent\" data-id=\"823131a\" data-element_type=\"container\" data-e-type=\"container\">\n\t\t\t\t\t<div class=\"e-con-inner\">\n\t\t<div class=\"elementor-element elementor-element-44a536c e-con-full e-flex e-con e-child\" data-id=\"44a536c\" data-element_type=\"container\" data-e-type=\"container\">\n\t\t\t\t<div class=\"elementor-element elementor-element-2111e85 elementor-widget elementor-widget-image\" data-id=\"2111e85\" data-element_type=\"widget\" data-e-type=\"widget\" data-widget_type=\"image.default\">\n\t\t\t\t<div class=\"elementor-widget-container\">\n\t\t\t\t\t\t\t\t\t\t\t\t\t\t\t<img fetchpriority=\"high\" decoding=\"async\" width=\"800\" height=\"783\" src=\"https:\/\/ateliersdeseauxbleues.com\/wp-content\/uploads\/2025\/05\/quentin-construisant-une-canne-1024x1002.png\" class=\"attachment-large size-large wp-image-9403 wvs-archive-product-image\" alt=\"quentin construisant une canne\" srcset=\"https:\/\/ateliersdeseauxbleues.com\/wp-content\/uploads\/2025\/05\/quentin-construisant-une-canne-1024x1002.png 1024w, https:\/\/ateliersdeseauxbleues.com\/wp-content\/uploads\/2025\/05\/quentin-construisant-une-canne-300x294.png 300w, https:\/\/ateliersdeseauxbleues.com\/wp-content\/uploads\/2025\/05\/quentin-construisant-une-canne-768x752.png 768w, https:\/\/ateliersdeseauxbleues.com\/wp-content\/uploads\/2025\/05\/quentin-construisant-une-canne-1536x1503.png 1536w, https:\/\/ateliersdeseauxbleues.com\/wp-content\/uploads\/2025\/05\/quentin-construisant-une-canne-600x587.png 600w, https:\/\/ateliersdeseauxbleues.com\/wp-content\/uploads\/2025\/05\/quentin-construisant-une-canne-50x50.png 50w, https:\/\/ateliersdeseauxbleues.com\/wp-content\/uploads\/2025\/05\/quentin-construisant-une-canne.png 1825w\" sizes=\"(max-width: 800px) 100vw, 800px\" \/>\t\t\t\t\t\t\t\t\t\t\t\t\t\t\t<\/div>\n\t\t\t\t<\/div>\n\t\t\t\t<\/div>\n\t\t<div class=\"elementor-element elementor-element-d238322 e-con-full e-flex e-con e-child\" data-id=\"d238322\" data-element_type=\"container\" data-e-type=\"container\">\n\t\t<div class=\"elementor-element elementor-element-840b775 e-con-full e-flex e-con e-child\" data-id=\"840b775\" data-element_type=\"container\" data-e-type=\"container\">\n\t\t\t\t<div class=\"elementor-element elementor-element-1064fb4 elementor-widget elementor-widget-image\" data-id=\"1064fb4\" data-element_type=\"widget\" data-e-type=\"widget\" data-widget_type=\"image.default\">\n\t\t\t\t<div class=\"elementor-widget-container\">\n\t\t\t\t\t\t\t\t\t\t\t\t\t\t\t<img decoding=\"async\" width=\"29\" height=\"4\" src=\"https:\/\/ateliersdeseauxbleues.com\/wp-content\/uploads\/2025\/04\/Line-3.svg\" class=\"attachment-large size-large wp-image-9417 wvs-archive-product-image\" alt=\"\" \/>\t\t\t\t\t\t\t\t\t\t\t\t\t\t\t<\/div>\n\t\t\t\t<\/div>\n\t\t\t\t<div class=\"elementor-element elementor-element-0f41613 elementor-widget elementor-widget-heading\" data-id=\"0f41613\" data-element_type=\"widget\" data-e-type=\"widget\" data-widget_type=\"heading.default\">\n\t\t\t\t<div class=\"elementor-widget-container\">\n\t\t\t\t\t<h2 class=\"elementor-heading-title elementor-size-default\">Franz\u00f6sischer Hersteller von wei\u00dfen Blindenst\u00f6cken<\/h2>\t\t\t\t<\/div>\n\t\t\t\t<\/div>\n\t\t\t\t<\/div>\n\t\t\t\t<div class=\"elementor-element elementor-element-adf576e elementor-position-left elementor-vertical-align-middle elementor-widget elementor-widget-image-box\" data-id=\"adf576e\" data-element_type=\"widget\" data-e-type=\"widget\" data-widget_type=\"image-box.default\">\n\t\t\t\t<div class=\"elementor-widget-container\">\n\t\t\t\t\t<div class=\"elementor-image-box-wrapper\"><figure class=\"elementor-image-box-img\"><img decoding=\"async\" width=\"512\" height=\"512\" src=\"https:\/\/ateliersdeseauxbleues.com\/wp-content\/uploads\/2024\/12\/france.png\" class=\"attachment-full size-full wp-image-9418 wvs-archive-product-image\" alt=\"\" srcset=\"https:\/\/ateliersdeseauxbleues.com\/wp-content\/uploads\/2024\/12\/france.png 512w, https:\/\/ateliersdeseauxbleues.com\/wp-content\/uploads\/2024\/12\/france-300x300.png 300w, https:\/\/ateliersdeseauxbleues.com\/wp-content\/uploads\/2024\/12\/france-150x150.png 150w, https:\/\/ateliersdeseauxbleues.com\/wp-content\/uploads\/2024\/12\/france-100x100.png 100w\" sizes=\"(max-width: 512px) 100vw, 512px\" \/><\/figure><div class=\"elementor-image-box-content\"><div class=\"elementor-image-box-title\">Made in France<\/div><\/div><\/div>\t\t\t\t<\/div>\n\t\t\t\t<\/div>\n\t\t\t\t<div class=\"elementor-element elementor-element-d0ad206 elementor-widget elementor-widget-text-editor\" data-id=\"d0ad206\" data-element_type=\"widget\" data-e-type=\"widget\" data-widget_type=\"text-editor.default\">\n\t\t\t\t<div class=\"elementor-widget-container\">\n\t\t\t\t\t\t\t\t\t<p>Wir werden von Nutzern und Fachleuten (insbesondere Mobilit\u00e4tstrainern) als Referenz in Bezug auf Qualit\u00e4t, Zuverl\u00e4ssigkeit und Komfort unserer Produkte anerkannt.<\/p><p>Unsere St\u00f6cke werden <strong>vollst\u00e4ndig in unserer Werkstatt in Liverdun hergestellt<\/strong>, von einem multidisziplin\u00e4ren Team, das alle Fertigungsschritte beherrscht.<\/p><p>Wir hinterfragen uns st\u00e4ndig, achten stets auf das Feedback zu unseren St\u00f6cken und entwickeln regelm\u00e4\u00dfig <strong>neue innovative Produkte<\/strong>.<\/p>\t\t\t\t\t\t\t\t<\/div>\n\t\t\t\t<\/div>\n\t\t<div class=\"elementor-element elementor-element-afc961a e-con-full e-flex e-con e-child\" data-id=\"afc961a\" data-element_type=\"container\" data-e-type=\"container\">\n\t\t\t\t<div class=\"elementor-element elementor-element-d013cb7 btn-bleu-clair elementor-widget elementor-widget-button\" data-id=\"d013cb7\" data-element_type=\"widget\" data-e-type=\"widget\" data-widget_type=\"button.default\">\n\t\t\t\t<div class=\"elementor-widget-container\">\n\t\t\t\t\t\t\t\t\t<div class=\"elementor-button-wrapper\">\n\t\t\t\t\t<a class=\"elementor-button elementor-button-link elementor-size-sm\" href=\"https:\/\/ateliersdeseauxbleues.com\/de\/catalogue\/konfigurator\/konfigurierbarer-blindenstock\/\">\n\t\t\t\t\t\t<span class=\"elementor-button-content-wrapper\">\n\t\t\t\t\t\t<span class=\"elementor-button-icon\">\n\t\t\t\t<svg aria-hidden=\"true\" class=\"e-font-icon-svg e-fas-long-arrow-alt-right\" viewBox=\"0 0 448 512\" xmlns=\"http:\/\/www.w3.org\/2000\/svg\"><path d=\"M313.941 216H12c-6.627 0-12 5.373-12 12v56c0 6.627 5.373 12 12 12h301.941v46.059c0 21.382 25.851 32.09 40.971 16.971l86.059-86.059c9.373-9.373 9.373-24.569 0-33.941l-86.059-86.059c-15.119-15.119-40.971-4.411-40.971 16.971V216z\"><\/path><\/svg>\t\t\t<\/span>\n\t\t\t\t\t\t\t\t\t<span class=\"elementor-button-text\">Meinen Stock personalisieren<\/span>\n\t\t\t\t\t<\/span>\n\t\t\t\t\t<\/a>\n\t\t\t\t<\/div>\n\t\t\t\t\t\t\t\t<\/div>\n\t\t\t\t<\/div>\n\t\t\t\t<div class=\"elementor-element elementor-element-32c4549 btn-bleu-fonce elementor-widget elementor-widget-button\" data-id=\"32c4549\" data-element_type=\"widget\" data-e-type=\"widget\" data-widget_type=\"button.default\">\n\t\t\t\t<div class=\"elementor-widget-container\">\n\t\t\t\t\t\t\t\t\t<div class=\"elementor-button-wrapper\">\n\t\t\t\t\t<a class=\"elementor-button elementor-button-link elementor-size-sm\" href=\"https:\/\/ateliersdeseauxbleues.com\/de\/die-produktpalette\/\">\n\t\t\t\t\t\t<span class=\"elementor-button-content-wrapper\">\n\t\t\t\t\t\t<span class=\"elementor-button-icon\">\n\t\t\t\t<svg aria-hidden=\"true\" class=\"e-font-icon-svg e-fas-long-arrow-alt-right\" viewBox=\"0 0 448 512\" xmlns=\"http:\/\/www.w3.org\/2000\/svg\"><path d=\"M313.941 216H12c-6.627 0-12 5.373-12 12v56c0 6.627 5.373 12 12 12h301.941v46.059c0 21.382 25.851 32.09 40.971 16.971l86.059-86.059c9.373-9.373 9.373-24.569 0-33.941l-86.059-86.059c-15.119-15.119-40.971-4.411-40.971 16.971V216z\"><\/path><\/svg>\t\t\t<\/span>\n\t\t\t\t\t\t\t\t\t<span class=\"elementor-button-text\">Das Sortiment entdecken<\/span>\n\t\t\t\t\t<\/span>\n\t\t\t\t\t<\/a>\n\t\t\t\t<\/div>\n\t\t\t\t\t\t\t\t<\/div>\n\t\t\t\t<\/div>\n\t\t\t\t<\/div>\n\t\t\t\t<\/div>\n\t\t\t\t\t<\/div>\n\t\t\t\t<\/div>\n\t\t\t\t<\/div>\n\t\t","protected":false},"excerpt":{"rendered":"<p>Die Ateliers des Eaux Bleues Die Ateliers des Eaux Bleues entdecken Das Domaine des Eaux Bleues ist ein 18 Hektar gro\u00dfes Anwesen in Liverdun in der N\u00e4he von Nancy (54). Seit 1993 begleiten die Ateliers des Eaux Bleues, eine ESAT (Einrichtung und Dienst zur Unterst\u00fctzung durch Arbeit), 45 Mitarbeiter in 6 verschiedenen Berufen.&nbsp; https:\/\/youtu.be\/6qwTWmdrvWA?si=PDedXlMHkBodpie6 Basierend [&hellip;]<\/p>\n","protected":false},"author":1,"featured_media":0,"parent":0,"menu_order":0,"comment_status":"closed","ping_status":"closed","template":"elementor_header_footer","meta":{"footnotes":""},"class_list":["post-9398","page","type-page","status-publish","hentry"],"yoast_head":"<!-- This site is optimized with the Yoast SEO plugin v27.2 - https:\/\/yoast.com\/product\/yoast-seo-wordpress\/ -->\n<title>Die Ateliers des Eaux Bleues entdecken - Ateliers des Eaux Bleues<\/title>\n<meta name=\"robots\" content=\"index, follow, max-snippet:-1, max-image-preview:large, max-video-preview:-1\" \/>\n<link rel=\"canonical\" href=\"https:\/\/ateliersdeseauxbleues.com\/de\/die-ateliers-des-eaux-bleues-entdecken\/\" \/>\n<meta property=\"og:locale\" content=\"de_DE\" \/>\n<meta property=\"og:type\" content=\"article\" \/>\n<meta property=\"og:title\" content=\"Die Ateliers des Eaux Bleues entdecken - Ateliers des Eaux Bleues\" \/>\n<meta property=\"og:description\" content=\"Die Ateliers des Eaux Bleues Die Ateliers des Eaux Bleues entdecken Das Domaine des Eaux Bleues ist ein 18 Hektar gro\u00dfes Anwesen in Liverdun in der N\u00e4he von Nancy (54). Seit 1993 begleiten die Ateliers des Eaux Bleues, eine ESAT (Einrichtung und Dienst zur Unterst\u00fctzung durch Arbeit), 45 Mitarbeiter in 6 verschiedenen Berufen.&nbsp; https:\/\/youtu.be\/6qwTWmdrvWA?si=PDedXlMHkBodpie6 Basierend [&hellip;]\" \/>\n<meta property=\"og:url\" content=\"https:\/\/ateliersdeseauxbleues.com\/de\/die-ateliers-des-eaux-bleues-entdecken\/\" \/>\n<meta property=\"og:site_name\" content=\"Ateliers des Eaux Bleues\" \/>\n<meta property=\"article:modified_time\" content=\"2026-03-23T10:32:42+00:00\" \/>\n<meta name=\"twitter:card\" content=\"summary_large_image\" \/>\n<meta name=\"twitter:label1\" content=\"Gesch\u00e4tzte Lesezeit\" \/>\n\t<meta name=\"twitter:data1\" content=\"1\u00a0Minute\" \/>\n<script type=\"application\/ld+json\" class=\"yoast-schema-graph\">{\"@context\":\"https:\/\/schema.org\",\"@graph\":[{\"@type\":\"WebPage\",\"@id\":\"https:\/\/ateliersdeseauxbleues.com\/de\/die-ateliers-des-eaux-bleues-entdecken\/\",\"url\":\"https:\/\/ateliersdeseauxbleues.com\/de\/die-ateliers-des-eaux-bleues-entdecken\/\",\"name\":\"Die Ateliers des Eaux Bleues entdecken - Ateliers des Eaux Bleues\",\"isPartOf\":{\"@id\":\"https:\/\/ateliersdeseauxbleues.com\/de\/#website\"},\"primaryImageOfPage\":{\"@id\":\"https:\/\/ateliersdeseauxbleues.com\/de\/die-ateliers-des-eaux-bleues-entdecken\/#primaryimage\"},\"image\":{\"@id\":\"https:\/\/ateliersdeseauxbleues.com\/de\/die-ateliers-des-eaux-bleues-entdecken\/#primaryimage\"},\"thumbnailUrl\":\"https:\/\/ateliersdeseauxbleues.com\/wp-content\/uploads\/2025\/04\/Line-3.svg\",\"datePublished\":\"2025-03-05T09:55:44+00:00\",\"dateModified\":\"2026-03-23T10:32:42+00:00\",\"breadcrumb\":{\"@id\":\"https:\/\/ateliersdeseauxbleues.com\/de\/die-ateliers-des-eaux-bleues-entdecken\/#breadcrumb\"},\"inLanguage\":\"de\",\"potentialAction\":[{\"@type\":\"ReadAction\",\"target\":[\"https:\/\/ateliersdeseauxbleues.com\/de\/die-ateliers-des-eaux-bleues-entdecken\/\"]}]},{\"@type\":\"ImageObject\",\"inLanguage\":\"de\",\"@id\":\"https:\/\/ateliersdeseauxbleues.com\/de\/die-ateliers-des-eaux-bleues-entdecken\/#primaryimage\",\"url\":\"https:\/\/ateliersdeseauxbleues.com\/wp-content\/uploads\/2025\/04\/Line-3.svg\",\"contentUrl\":\"https:\/\/ateliersdeseauxbleues.com\/wp-content\/uploads\/2025\/04\/Line-3.svg\"},{\"@type\":\"BreadcrumbList\",\"@id\":\"https:\/\/ateliersdeseauxbleues.com\/de\/die-ateliers-des-eaux-bleues-entdecken\/#breadcrumb\",\"itemListElement\":[{\"@type\":\"ListItem\",\"position\":1,\"name\":\"Startseite\",\"item\":\"https:\/\/ateliersdeseauxbleues.com\/de\/ateliers-de-eaux-bleues-herstellung-von-blindenstoecken\/\"},{\"@type\":\"ListItem\",\"position\":2,\"name\":\"Die Ateliers des Eaux Bleues entdecken\"}]},{\"@type\":\"WebSite\",\"@id\":\"https:\/\/ateliersdeseauxbleues.com\/de\/#website\",\"url\":\"https:\/\/ateliersdeseauxbleues.com\/de\/\",\"name\":\"Ateliers des Eaux Bleues\",\"description\":\"Ateliers des Eaux Bleues\",\"publisher\":{\"@id\":\"https:\/\/ateliersdeseauxbleues.com\/de\/#organization\"},\"potentialAction\":[{\"@type\":\"SearchAction\",\"target\":{\"@type\":\"EntryPoint\",\"urlTemplate\":\"https:\/\/ateliersdeseauxbleues.com\/de\/?s={search_term_string}\"},\"query-input\":{\"@type\":\"PropertyValueSpecification\",\"valueRequired\":true,\"valueName\":\"search_term_string\"}}],\"inLanguage\":\"de\"},{\"@type\":\"Organization\",\"@id\":\"https:\/\/ateliersdeseauxbleues.com\/de\/#organization\",\"name\":\"Ateliers des Eaux Bleues\",\"url\":\"https:\/\/ateliersdeseauxbleues.com\/de\/\",\"logo\":{\"@type\":\"ImageObject\",\"inLanguage\":\"de\",\"@id\":\"https:\/\/ateliersdeseauxbleues.com\/de\/#\/schema\/logo\/image\/\",\"url\":\"https:\/\/ateliersdeseauxbleues.com\/wp-content\/uploads\/2024\/12\/Logo-atelier-des-eaux-bleues.png\",\"contentUrl\":\"https:\/\/ateliersdeseauxbleues.com\/wp-content\/uploads\/2024\/12\/Logo-atelier-des-eaux-bleues.png\",\"width\":940,\"height\":418,\"caption\":\"Ateliers des Eaux Bleues\"},\"image\":{\"@id\":\"https:\/\/ateliersdeseauxbleues.com\/de\/#\/schema\/logo\/image\/\"}}]}<\/script>\n<!-- \/ Yoast SEO plugin. -->","yoast_head_json":{"title":"Die Ateliers des Eaux Bleues entdecken - Ateliers des Eaux Bleues","robots":{"index":"index","follow":"follow","max-snippet":"max-snippet:-1","max-image-preview":"max-image-preview:large","max-video-preview":"max-video-preview:-1"},"canonical":"https:\/\/ateliersdeseauxbleues.com\/de\/die-ateliers-des-eaux-bleues-entdecken\/","og_locale":"de_DE","og_type":"article","og_title":"Die Ateliers des Eaux Bleues entdecken - Ateliers des Eaux Bleues","og_description":"Die Ateliers des Eaux Bleues Die Ateliers des Eaux Bleues entdecken Das Domaine des Eaux Bleues ist ein 18 Hektar gro\u00dfes Anwesen in Liverdun in der N\u00e4he von Nancy (54). Seit 1993 begleiten die Ateliers des Eaux Bleues, eine ESAT (Einrichtung und Dienst zur Unterst\u00fctzung durch Arbeit), 45 Mitarbeiter in 6 verschiedenen Berufen.&nbsp; https:\/\/youtu.be\/6qwTWmdrvWA?si=PDedXlMHkBodpie6 Basierend [&hellip;]","og_url":"https:\/\/ateliersdeseauxbleues.com\/de\/die-ateliers-des-eaux-bleues-entdecken\/","og_site_name":"Ateliers des Eaux Bleues","article_modified_time":"2026-03-23T10:32:42+00:00","twitter_card":"summary_large_image","twitter_misc":{"Gesch\u00e4tzte Lesezeit":"1\u00a0Minute"},"schema":{"@context":"https:\/\/schema.org","@graph":[{"@type":"WebPage","@id":"https:\/\/ateliersdeseauxbleues.com\/de\/die-ateliers-des-eaux-bleues-entdecken\/","url":"https:\/\/ateliersdeseauxbleues.com\/de\/die-ateliers-des-eaux-bleues-entdecken\/","name":"Die Ateliers des Eaux Bleues entdecken - Ateliers des Eaux Bleues","isPartOf":{"@id":"https:\/\/ateliersdeseauxbleues.com\/de\/#website"},"primaryImageOfPage":{"@id":"https:\/\/ateliersdeseauxbleues.com\/de\/die-ateliers-des-eaux-bleues-entdecken\/#primaryimage"},"image":{"@id":"https:\/\/ateliersdeseauxbleues.com\/de\/die-ateliers-des-eaux-bleues-entdecken\/#primaryimage"},"thumbnailUrl":"https:\/\/ateliersdeseauxbleues.com\/wp-content\/uploads\/2025\/04\/Line-3.svg","datePublished":"2025-03-05T09:55:44+00:00","dateModified":"2026-03-23T10:32:42+00:00","breadcrumb":{"@id":"https:\/\/ateliersdeseauxbleues.com\/de\/die-ateliers-des-eaux-bleues-entdecken\/#breadcrumb"},"inLanguage":"de","potentialAction":[{"@type":"ReadAction","target":["https:\/\/ateliersdeseauxbleues.com\/de\/die-ateliers-des-eaux-bleues-entdecken\/"]}]},{"@type":"ImageObject","inLanguage":"de","@id":"https:\/\/ateliersdeseauxbleues.com\/de\/die-ateliers-des-eaux-bleues-entdecken\/#primaryimage","url":"https:\/\/ateliersdeseauxbleues.com\/wp-content\/uploads\/2025\/04\/Line-3.svg","contentUrl":"https:\/\/ateliersdeseauxbleues.com\/wp-content\/uploads\/2025\/04\/Line-3.svg"},{"@type":"BreadcrumbList","@id":"https:\/\/ateliersdeseauxbleues.com\/de\/die-ateliers-des-eaux-bleues-entdecken\/#breadcrumb","itemListElement":[{"@type":"ListItem","position":1,"name":"Startseite","item":"https:\/\/ateliersdeseauxbleues.com\/de\/ateliers-de-eaux-bleues-herstellung-von-blindenstoecken\/"},{"@type":"ListItem","position":2,"name":"Die Ateliers des Eaux Bleues entdecken"}]},{"@type":"WebSite","@id":"https:\/\/ateliersdeseauxbleues.com\/de\/#website","url":"https:\/\/ateliersdeseauxbleues.com\/de\/","name":"Ateliers des Eaux Bleues","description":"Ateliers des Eaux Bleues","publisher":{"@id":"https:\/\/ateliersdeseauxbleues.com\/de\/#organization"},"potentialAction":[{"@type":"SearchAction","target":{"@type":"EntryPoint","urlTemplate":"https:\/\/ateliersdeseauxbleues.com\/de\/?s={search_term_string}"},"query-input":{"@type":"PropertyValueSpecification","valueRequired":true,"valueName":"search_term_string"}}],"inLanguage":"de"},{"@type":"Organization","@id":"https:\/\/ateliersdeseauxbleues.com\/de\/#organization","name":"Ateliers des Eaux Bleues","url":"https:\/\/ateliersdeseauxbleues.com\/de\/","logo":{"@type":"ImageObject","inLanguage":"de","@id":"https:\/\/ateliersdeseauxbleues.com\/de\/#\/schema\/logo\/image\/","url":"https:\/\/ateliersdeseauxbleues.com\/wp-content\/uploads\/2024\/12\/Logo-atelier-des-eaux-bleues.png","contentUrl":"https:\/\/ateliersdeseauxbleues.com\/wp-content\/uploads\/2024\/12\/Logo-atelier-des-eaux-bleues.png","width":940,"height":418,"caption":"Ateliers des Eaux Bleues"},"image":{"@id":"https:\/\/ateliersdeseauxbleues.com\/de\/#\/schema\/logo\/image\/"}}]}},"_links":{"self":[{"href":"https:\/\/ateliersdeseauxbleues.com\/de\/wp-json\/wp\/v2\/pages\/9398","targetHints":{"allow":["GET"]}}],"collection":[{"href":"https:\/\/ateliersdeseauxbleues.com\/de\/wp-json\/wp\/v2\/pages"}],"about":[{"href":"https:\/\/ateliersdeseauxbleues.com\/de\/wp-json\/wp\/v2\/types\/page"}],"author":[{"embeddable":true,"href":"https:\/\/ateliersdeseauxbleues.com\/de\/wp-json\/wp\/v2\/users\/1"}],"replies":[{"embeddable":true,"href":"https:\/\/ateliersdeseauxbleues.com\/de\/wp-json\/wp\/v2\/comments?post=9398"}],"version-history":[{"count":4,"href":"https:\/\/ateliersdeseauxbleues.com\/de\/wp-json\/wp\/v2\/pages\/9398\/revisions"}],"predecessor-version":[{"id":10009,"href":"https:\/\/ateliersdeseauxbleues.com\/de\/wp-json\/wp\/v2\/pages\/9398\/revisions\/10009"}],"wp:attachment":[{"href":"https:\/\/ateliersdeseauxbleues.com\/de\/wp-json\/wp\/v2\/media?parent=9398"}],"curies":[{"name":"wp","href":"https:\/\/api.w.org\/{rel}","templated":true}]}}